{"id":2901,"date":"2026-02-16T17:47:54","date_gmt":"2026-02-16T20:47:54","guid":{"rendered":"https:\/\/fecoporto.com\/?page_id=2901"},"modified":"2026-02-20T11:15:32","modified_gmt":"2026-02-20T14:15:32","slug":"thebear17","status":"publish","type":"page","link":"https:\/\/fecoporto.com\/pt_br\/thebear17\/","title":{"rendered":"The Bear #17"},"content":{"rendered":"\t\t<div data-elementor-type=\"wp-page\" data-elementor-id=\"2901\" class=\"elementor elementor-2901\">\n\t\t\t\t\t\t<section class=\"elementor-section elementor-top-section elementor-element elementor-element-386d312 elementor-section-boxed elementor-section-height-default elementor-section-height-default\" data-id=\"386d312\" data-element_type=\"section\" data-e-type=\"section\">\n\t\t\t\t\t\t<div class=\"elementor-container elementor-column-gap-default\">\n\t\t\t\t\t<div class=\"elementor-column elementor-col-100 elementor-top-column elementor-element elementor-element-6636e54\" data-id=\"6636e54\" data-element_type=\"column\" data-e-type=\"column\">\n\t\t\t<div class=\"elementor-widget-wrap elementor-element-populated\">\n\t\t\t\t\t\t<div class=\"elementor-element elementor-element-3bad82c elementor-widget elementor-widget-heading\" data-id=\"3bad82c\" data-element_type=\"widget\" data-e-type=\"widget\" data-widget_type=\"heading.default\">\n\t\t\t\t<div class=\"elementor-widget-container\">\n\t\t\t\t\t<h2 class=\"elementor-heading-title elementor-size-default\">The Bear #17<\/h2>\t\t\t\t<\/div>\n\t\t\t\t<\/div>\n\t\t\t\t<div class=\"elementor-element elementor-element-b341a20 elementor-widget elementor-widget-text-editor\" data-id=\"b341a20\" data-element_type=\"widget\" data-e-type=\"widget\" data-widget_type=\"text-editor.default\">\n\t\t\t\t<div class=\"elementor-widget-container\">\n\t\t\t\t\t\t\t\t\t<p>The Bear \u00e9 a revista anual da Maple Bear, distribu\u00edda para mais de 220 escolas no Brasil. Para a edi\u00e7\u00e3o 2025, o projeto seguiu o mote da campanha\u00a0&#8220;Muito al\u00e9m do bil\u00edngue&#8221;, e refor\u00e7a a qualidade da metodologia \u00fanica que faz a Maple Bear trazer resultados reais na vida de cada aluno. Diagrama\u00e7\u00e3o: <a href=\"https:\/\/www.behance.net\/amandag_\">Amanda Gon\u00e7alves<\/a>. Fotos: <a href=\"https:\/\/kalamatafilmes.com\/\">Kalamata Filmes<\/a>.<\/p>\t\t\t\t\t\t\t\t<\/div>\n\t\t\t\t<\/div>\n\t\t\t\t\t<\/div>\n\t\t<\/div>\n\t\t\t\t\t<\/div>\n\t\t<\/section>\n\t\t\t\t<section class=\"elementor-section elementor-top-section elementor-element elementor-element-370b423 elementor-section-boxed elementor-section-height-default elementor-section-height-default\" data-id=\"370b423\" data-element_type=\"section\" data-e-type=\"section\">\n\t\t\t\t\t\t<div class=\"elementor-container elementor-column-gap-default\">\n\t\t\t\t\t<div class=\"elementor-column elementor-col-100 elementor-top-column elementor-element elementor-element-47fd56e\" data-id=\"47fd56e\" data-element_type=\"column\" data-e-type=\"column\" data-settings=\"{&quot;background_background&quot;:&quot;classic&quot;}\">\n\t\t\t<div class=\"elementor-widget-wrap elementor-element-populated\">\n\t\t\t\t\t\t<div class=\"elementor-element elementor-element-ec104f3 elementor-widget elementor-widget-image\" data-id=\"ec104f3\" data-element_type=\"widget\" data-e-type=\"widget\" data-widget_type=\"image.default\">\n\t\t\t\t<div class=\"elementor-widget-container\">\n\t\t\t\t\t\t\t\t\t\t\t\t\t\t\t<img fetchpriority=\"high\" decoding=\"async\" width=\"2560\" height=\"1606\" src=\"https:\/\/fecoporto.com\/wp-content\/uploads\/2026\/02\/mockup_capa.png\" class=\"attachment-full size-full wp-image-2915\" alt=\"\" srcset=\"https:\/\/fecoporto.com\/wp-content\/uploads\/2026\/02\/mockup_capa.png 2560w, https:\/\/fecoporto.com\/wp-content\/uploads\/2026\/02\/mockup_capa-300x188.png 300w, https:\/\/fecoporto.com\/wp-content\/uploads\/2026\/02\/mockup_capa-1722x1080.png 1722w, https:\/\/fecoporto.com\/wp-content\/uploads\/2026\/02\/mockup_capa-150x94.png 150w, https:\/\/fecoporto.com\/wp-content\/uploads\/2026\/02\/mockup_capa-768x482.png 768w, https:\/\/fecoporto.com\/wp-content\/uploads\/2026\/02\/mockup_capa-1536x964.png 1536w, https:\/\/fecoporto.com\/wp-content\/uploads\/2026\/02\/mockup_capa-2048x1285.png 2048w, https:\/\/fecoporto.com\/wp-content\/uploads\/2026\/02\/mockup_capa-18x12.png 18w\" sizes=\"(max-width: 2560px) 100vw, 2560px\" \/>\t\t\t\t\t\t\t\t\t\t\t\t\t\t\t<\/div>\n\t\t\t\t<\/div>\n\t\t\t\t<div class=\"elementor-element elementor-element-342a406 elementor-widget elementor-widget-image\" data-id=\"342a406\" data-element_type=\"widget\" data-e-type=\"widget\" data-widget_type=\"image.default\">\n\t\t\t\t<div class=\"elementor-widget-container\">\n\t\t\t\t\t\t\t\t\t\t\t\t\t\t\t<img decoding=\"async\" width=\"2560\" height=\"1662\" src=\"https:\/\/fecoporto.com\/wp-content\/uploads\/2026\/02\/miolo01-1.png\" class=\"attachment-full size-full wp-image-2905\" alt=\"\" srcset=\"https:\/\/fecoporto.com\/wp-content\/uploads\/2026\/02\/miolo01-1.png 2560w, https:\/\/fecoporto.com\/wp-content\/uploads\/2026\/02\/miolo01-1-300x195.png 300w, https:\/\/fecoporto.com\/wp-content\/uploads\/2026\/02\/miolo01-1-1664x1080.png 1664w, https:\/\/fecoporto.com\/wp-content\/uploads\/2026\/02\/miolo01-1-150x97.png 150w, https:\/\/fecoporto.com\/wp-content\/uploads\/2026\/02\/miolo01-1-768x499.png 768w, https:\/\/fecoporto.com\/wp-content\/uploads\/2026\/02\/miolo01-1-1536x997.png 1536w, https:\/\/fecoporto.com\/wp-content\/uploads\/2026\/02\/miolo01-1-2048x1330.png 2048w, https:\/\/fecoporto.com\/wp-content\/uploads\/2026\/02\/miolo01-1-18x12.png 18w\" sizes=\"(max-width: 2560px) 100vw, 2560px\" \/>\t\t\t\t\t\t\t\t\t\t\t\t\t\t\t<\/div>\n\t\t\t\t<\/div>\n\t\t\t\t<div class=\"elementor-element elementor-element-4520dcf elementor-widget elementor-widget-image\" data-id=\"4520dcf\" data-element_type=\"widget\" data-e-type=\"widget\" data-widget_type=\"image.default\">\n\t\t\t\t<div class=\"elementor-widget-container\">\n\t\t\t\t\t\t\t\t\t\t\t\t\t\t\t<img decoding=\"async\" width=\"2560\" height=\"1662\" src=\"https:\/\/fecoporto.com\/wp-content\/uploads\/2026\/02\/miolo02-1.png\" class=\"attachment-full size-full wp-image-2906\" alt=\"\" srcset=\"https:\/\/fecoporto.com\/wp-content\/uploads\/2026\/02\/miolo02-1.png 2560w, https:\/\/fecoporto.com\/wp-content\/uploads\/2026\/02\/miolo02-1-300x195.png 300w, https:\/\/fecoporto.com\/wp-content\/uploads\/2026\/02\/miolo02-1-1664x1080.png 1664w, https:\/\/fecoporto.com\/wp-content\/uploads\/2026\/02\/miolo02-1-150x97.png 150w, https:\/\/fecoporto.com\/wp-content\/uploads\/2026\/02\/miolo02-1-768x499.png 768w, https:\/\/fecoporto.com\/wp-content\/uploads\/2026\/02\/miolo02-1-1536x997.png 1536w, https:\/\/fecoporto.com\/wp-content\/uploads\/2026\/02\/miolo02-1-2048x1330.png 2048w, https:\/\/fecoporto.com\/wp-content\/uploads\/2026\/02\/miolo02-1-18x12.png 18w\" sizes=\"(max-width: 2560px) 100vw, 2560px\" \/>\t\t\t\t\t\t\t\t\t\t\t\t\t\t\t<\/div>\n\t\t\t\t<\/div>\n\t\t\t\t<div class=\"elementor-element elementor-element-5ca196f elementor-widget elementor-widget-image\" data-id=\"5ca196f\" data-element_type=\"widget\" data-e-type=\"widget\" data-widget_type=\"image.default\">\n\t\t\t\t<div class=\"elementor-widget-container\">\n\t\t\t\t\t\t\t\t\t\t\t\t\t\t\t<img loading=\"lazy\" decoding=\"async\" width=\"2560\" height=\"1662\" src=\"https:\/\/fecoporto.com\/wp-content\/uploads\/2026\/02\/miolo03-1.png\" class=\"attachment-full size-full wp-image-2907\" alt=\"\" srcset=\"https:\/\/fecoporto.com\/wp-content\/uploads\/2026\/02\/miolo03-1.png 2560w, https:\/\/fecoporto.com\/wp-content\/uploads\/2026\/02\/miolo03-1-300x195.png 300w, https:\/\/fecoporto.com\/wp-content\/uploads\/2026\/02\/miolo03-1-1664x1080.png 1664w, https:\/\/fecoporto.com\/wp-content\/uploads\/2026\/02\/miolo03-1-150x97.png 150w, https:\/\/fecoporto.com\/wp-content\/uploads\/2026\/02\/miolo03-1-768x499.png 768w, https:\/\/fecoporto.com\/wp-content\/uploads\/2026\/02\/miolo03-1-1536x997.png 1536w, https:\/\/fecoporto.com\/wp-content\/uploads\/2026\/02\/miolo03-1-2048x1330.png 2048w, https:\/\/fecoporto.com\/wp-content\/uploads\/2026\/02\/miolo03-1-18x12.png 18w\" sizes=\"(max-width: 2560px) 100vw, 2560px\" \/>\t\t\t\t\t\t\t\t\t\t\t\t\t\t\t<\/div>\n\t\t\t\t<\/div>\n\t\t\t\t<div class=\"elementor-element elementor-element-8d15f16 elementor-widget elementor-widget-image\" data-id=\"8d15f16\" data-element_type=\"widget\" data-e-type=\"widget\" data-widget_type=\"image.default\">\n\t\t\t\t<div class=\"elementor-widget-container\">\n\t\t\t\t\t\t\t\t\t\t\t\t\t\t\t<img loading=\"lazy\" decoding=\"async\" width=\"2560\" height=\"1662\" src=\"https:\/\/fecoporto.com\/wp-content\/uploads\/2026\/02\/miolo05-1.png\" class=\"attachment-full size-full wp-image-2909\" alt=\"\" srcset=\"https:\/\/fecoporto.com\/wp-content\/uploads\/2026\/02\/miolo05-1.png 2560w, https:\/\/fecoporto.com\/wp-content\/uploads\/2026\/02\/miolo05-1-300x195.png 300w, https:\/\/fecoporto.com\/wp-content\/uploads\/2026\/02\/miolo05-1-1664x1080.png 1664w, https:\/\/fecoporto.com\/wp-content\/uploads\/2026\/02\/miolo05-1-150x97.png 150w, https:\/\/fecoporto.com\/wp-content\/uploads\/2026\/02\/miolo05-1-768x499.png 768w, https:\/\/fecoporto.com\/wp-content\/uploads\/2026\/02\/miolo05-1-1536x997.png 1536w, https:\/\/fecoporto.com\/wp-content\/uploads\/2026\/02\/miolo05-1-2048x1330.png 2048w, https:\/\/fecoporto.com\/wp-content\/uploads\/2026\/02\/miolo05-1-18x12.png 18w\" sizes=\"(max-width: 2560px) 100vw, 2560px\" \/>\t\t\t\t\t\t\t\t\t\t\t\t\t\t\t<\/div>\n\t\t\t\t<\/div>\n\t\t\t\t<div class=\"elementor-element elementor-element-64bbff8 elementor-widget elementor-widget-image\" data-id=\"64bbff8\" data-element_type=\"widget\" data-e-type=\"widget\" data-widget_type=\"image.default\">\n\t\t\t\t<div class=\"elementor-widget-container\">\n\t\t\t\t\t\t\t\t\t\t\t\t\t\t\t<img loading=\"lazy\" decoding=\"async\" width=\"2560\" height=\"1662\" src=\"https:\/\/fecoporto.com\/wp-content\/uploads\/2026\/02\/miolo06-1.png\" class=\"attachment-full size-full wp-image-2910\" alt=\"\" srcset=\"https:\/\/fecoporto.com\/wp-content\/uploads\/2026\/02\/miolo06-1.png 2560w, https:\/\/fecoporto.com\/wp-content\/uploads\/2026\/02\/miolo06-1-300x195.png 300w, https:\/\/fecoporto.com\/wp-content\/uploads\/2026\/02\/miolo06-1-1664x1080.png 1664w, https:\/\/fecoporto.com\/wp-content\/uploads\/2026\/02\/miolo06-1-150x97.png 150w, https:\/\/fecoporto.com\/wp-content\/uploads\/2026\/02\/miolo06-1-768x499.png 768w, https:\/\/fecoporto.com\/wp-content\/uploads\/2026\/02\/miolo06-1-1536x997.png 1536w, https:\/\/fecoporto.com\/wp-content\/uploads\/2026\/02\/miolo06-1-2048x1330.png 2048w, https:\/\/fecoporto.com\/wp-content\/uploads\/2026\/02\/miolo06-1-18x12.png 18w\" sizes=\"(max-width: 2560px) 100vw, 2560px\" \/>\t\t\t\t\t\t\t\t\t\t\t\t\t\t\t<\/div>\n\t\t\t\t<\/div>\n\t\t\t\t<div class=\"elementor-element elementor-element-3b3cc68 elementor-widget elementor-widget-image\" data-id=\"3b3cc68\" data-element_type=\"widget\" data-e-type=\"widget\" data-widget_type=\"image.default\">\n\t\t\t\t<div class=\"elementor-widget-container\">\n\t\t\t\t\t\t\t\t\t\t\t\t\t\t\t<img loading=\"lazy\" decoding=\"async\" width=\"2560\" height=\"1662\" src=\"https:\/\/fecoporto.com\/wp-content\/uploads\/2026\/02\/miolo07.png\" class=\"attachment-full size-full wp-image-2911\" alt=\"\" srcset=\"https:\/\/fecoporto.com\/wp-content\/uploads\/2026\/02\/miolo07.png 2560w, https:\/\/fecoporto.com\/wp-content\/uploads\/2026\/02\/miolo07-300x195.png 300w, https:\/\/fecoporto.com\/wp-content\/uploads\/2026\/02\/miolo07-1664x1080.png 1664w, https:\/\/fecoporto.com\/wp-content\/uploads\/2026\/02\/miolo07-150x97.png 150w, https:\/\/fecoporto.com\/wp-content\/uploads\/2026\/02\/miolo07-768x499.png 768w, https:\/\/fecoporto.com\/wp-content\/uploads\/2026\/02\/miolo07-1536x997.png 1536w, https:\/\/fecoporto.com\/wp-content\/uploads\/2026\/02\/miolo07-2048x1330.png 2048w, https:\/\/fecoporto.com\/wp-content\/uploads\/2026\/02\/miolo07-18x12.png 18w\" sizes=\"(max-width: 2560px) 100vw, 2560px\" \/>\t\t\t\t\t\t\t\t\t\t\t\t\t\t\t<\/div>\n\t\t\t\t<\/div>\n\t\t\t\t<div class=\"elementor-element elementor-element-b2b75f2 elementor-widget elementor-widget-text-editor\" data-id=\"b2b75f2\" data-element_type=\"widget\" data-e-type=\"widget\" data-widget_type=\"text-editor.default\">\n\t\t\t\t<div class=\"elementor-widget-container\">\n\t\t\t\t\t\t\t\t\t<p>A revista foi criada em formato totalmente bil\u00edngue, com cada metade em um idioma. Ao girar a publica\u00e7\u00e3o, o leitor alterna a l\u00edngua, refletindo a abordagem bil\u00edngue e a cultura da Maple Bear.<\/p>\t\t\t\t\t\t\t\t<\/div>\n\t\t\t\t<\/div>\n\t\t\t\t<div class=\"elementor-element elementor-element-f2ccfc6 elementor-widget elementor-widget-image\" data-id=\"f2ccfc6\" data-element_type=\"widget\" data-e-type=\"widget\" data-widget_type=\"image.default\">\n\t\t\t\t<div class=\"elementor-widget-container\">\n\t\t\t\t\t\t\t\t\t\t\t\t\t\t\t<img loading=\"lazy\" decoding=\"async\" width=\"2560\" height=\"1662\" src=\"https:\/\/fecoporto.com\/wp-content\/uploads\/2026\/02\/miolo08.png\" class=\"attachment-full size-full wp-image-2912\" alt=\"\" srcset=\"https:\/\/fecoporto.com\/wp-content\/uploads\/2026\/02\/miolo08.png 2560w, https:\/\/fecoporto.com\/wp-content\/uploads\/2026\/02\/miolo08-300x195.png 300w, https:\/\/fecoporto.com\/wp-content\/uploads\/2026\/02\/miolo08-1664x1080.png 1664w, https:\/\/fecoporto.com\/wp-content\/uploads\/2026\/02\/miolo08-150x97.png 150w, https:\/\/fecoporto.com\/wp-content\/uploads\/2026\/02\/miolo08-768x499.png 768w, https:\/\/fecoporto.com\/wp-content\/uploads\/2026\/02\/miolo08-1536x997.png 1536w, https:\/\/fecoporto.com\/wp-content\/uploads\/2026\/02\/miolo08-2048x1330.png 2048w, https:\/\/fecoporto.com\/wp-content\/uploads\/2026\/02\/miolo08-18x12.png 18w\" sizes=\"(max-width: 2560px) 100vw, 2560px\" \/>\t\t\t\t\t\t\t\t\t\t\t\t\t\t\t<\/div>\n\t\t\t\t<\/div>\n\t\t\t\t<div class=\"elementor-element elementor-element-1acdebf elementor-widget elementor-widget-image\" data-id=\"1acdebf\" data-element_type=\"widget\" data-e-type=\"widget\" data-widget_type=\"image.default\">\n\t\t\t\t<div class=\"elementor-widget-container\">\n\t\t\t\t\t\t\t\t\t\t\t\t\t\t\t<img loading=\"lazy\" decoding=\"async\" width=\"2560\" height=\"1662\" src=\"https:\/\/fecoporto.com\/wp-content\/uploads\/2026\/02\/miolo09.png\" class=\"attachment-full size-full wp-image-2913\" alt=\"\" srcset=\"https:\/\/fecoporto.com\/wp-content\/uploads\/2026\/02\/miolo09.png 2560w, https:\/\/fecoporto.com\/wp-content\/uploads\/2026\/02\/miolo09-300x195.png 300w, https:\/\/fecoporto.com\/wp-content\/uploads\/2026\/02\/miolo09-1664x1080.png 1664w, https:\/\/fecoporto.com\/wp-content\/uploads\/2026\/02\/miolo09-150x97.png 150w, https:\/\/fecoporto.com\/wp-content\/uploads\/2026\/02\/miolo09-768x499.png 768w, https:\/\/fecoporto.com\/wp-content\/uploads\/2026\/02\/miolo09-1536x997.png 1536w, https:\/\/fecoporto.com\/wp-content\/uploads\/2026\/02\/miolo09-2048x1330.png 2048w, https:\/\/fecoporto.com\/wp-content\/uploads\/2026\/02\/miolo09-18x12.png 18w\" sizes=\"(max-width: 2560px) 100vw, 2560px\" \/>\t\t\t\t\t\t\t\t\t\t\t\t\t\t\t<\/div>\n\t\t\t\t<\/div>\n\t\t\t\t<div class=\"elementor-element elementor-element-6382537 elementor-widget elementor-widget-image\" data-id=\"6382537\" data-element_type=\"widget\" data-e-type=\"widget\" data-widget_type=\"image.default\">\n\t\t\t\t<div class=\"elementor-widget-container\">\n\t\t\t\t\t\t\t\t\t\t\t\t\t\t\t<img loading=\"lazy\" decoding=\"async\" width=\"2560\" height=\"1662\" src=\"https:\/\/fecoporto.com\/wp-content\/uploads\/2026\/02\/miolo10.png\" class=\"attachment-full size-full wp-image-2914\" alt=\"\" srcset=\"https:\/\/fecoporto.com\/wp-content\/uploads\/2026\/02\/miolo10.png 2560w, https:\/\/fecoporto.com\/wp-content\/uploads\/2026\/02\/miolo10-300x195.png 300w, https:\/\/fecoporto.com\/wp-content\/uploads\/2026\/02\/miolo10-1664x1080.png 1664w, https:\/\/fecoporto.com\/wp-content\/uploads\/2026\/02\/miolo10-150x97.png 150w, https:\/\/fecoporto.com\/wp-content\/uploads\/2026\/02\/miolo10-768x499.png 768w, https:\/\/fecoporto.com\/wp-content\/uploads\/2026\/02\/miolo10-1536x997.png 1536w, https:\/\/fecoporto.com\/wp-content\/uploads\/2026\/02\/miolo10-2048x1330.png 2048w, https:\/\/fecoporto.com\/wp-content\/uploads\/2026\/02\/miolo10-18x12.png 18w\" sizes=\"(max-width: 2560px) 100vw, 2560px\" \/>\t\t\t\t\t\t\t\t\t\t\t\t\t\t\t<\/div>\n\t\t\t\t<\/div>\n\t\t\t\t<div class=\"elementor-element elementor-element-adf3c73 elementor-widget elementor-widget-image\" data-id=\"adf3c73\" data-element_type=\"widget\" data-e-type=\"widget\" data-widget_type=\"image.default\">\n\t\t\t\t<div class=\"elementor-widget-container\">\n\t\t\t\t\t\t\t\t\t\t\t\t\t\t\t<img loading=\"lazy\" decoding=\"async\" width=\"1485\" height=\"2560\" src=\"https:\/\/fecoporto.com\/wp-content\/uploads\/2026\/02\/miolo_todos-1-scaled.png\" class=\"attachment-full size-full wp-image-2904\" alt=\"\" srcset=\"https:\/\/fecoporto.com\/wp-content\/uploads\/2026\/02\/miolo_todos-1-scaled.png 1485w, https:\/\/fecoporto.com\/wp-content\/uploads\/2026\/02\/miolo_todos-1-174x300.png 174w, https:\/\/fecoporto.com\/wp-content\/uploads\/2026\/02\/miolo_todos-1-627x1080.png 627w, https:\/\/fecoporto.com\/wp-content\/uploads\/2026\/02\/miolo_todos-1-87x150.png 87w, https:\/\/fecoporto.com\/wp-content\/uploads\/2026\/02\/miolo_todos-1-768x1324.png 768w, https:\/\/fecoporto.com\/wp-content\/uploads\/2026\/02\/miolo_todos-1-891x1536.png 891w, https:\/\/fecoporto.com\/wp-content\/uploads\/2026\/02\/miolo_todos-1-1188x2048.png 1188w, https:\/\/fecoporto.com\/wp-content\/uploads\/2026\/02\/miolo_todos-1-7x12.png 7w\" sizes=\"(max-width: 1485px) 100vw, 1485px\" \/>\t\t\t\t\t\t\t\t\t\t\t\t\t\t\t<\/div>\n\t\t\t\t<\/div>\n\t\t\t\t<div class=\"elementor-element elementor-element-6f2e1ff elementor-widget elementor-widget-image\" data-id=\"6f2e1ff\" data-element_type=\"widget\" data-e-type=\"widget\" data-widget_type=\"image.default\">\n\t\t\t\t<div class=\"elementor-widget-container\">\n\t\t\t\t\t\t\t\t\t\t\t\t\t\t\t<img loading=\"lazy\" decoding=\"async\" width=\"1632\" height=\"461\" src=\"https:\/\/fecoporto.com\/wp-content\/uploads\/2026\/02\/Obrigado-1.png\" class=\"attachment-full size-full wp-image-2903\" alt=\"\" srcset=\"https:\/\/fecoporto.com\/wp-content\/uploads\/2026\/02\/Obrigado-1.png 1632w, https:\/\/fecoporto.com\/wp-content\/uploads\/2026\/02\/Obrigado-1-300x85.png 300w, https:\/\/fecoporto.com\/wp-content\/uploads\/2026\/02\/Obrigado-1-150x42.png 150w, https:\/\/fecoporto.com\/wp-content\/uploads\/2026\/02\/Obrigado-1-768x217.png 768w, https:\/\/fecoporto.com\/wp-content\/uploads\/2026\/02\/Obrigado-1-1536x434.png 1536w, https:\/\/fecoporto.com\/wp-content\/uploads\/2026\/02\/Obrigado-1-18x5.png 18w\" sizes=\"(max-width: 1632px) 100vw, 1632px\" \/>\t\t\t\t\t\t\t\t\t\t\t\t\t\t\t<\/div>\n\t\t\t\t<\/div>\n\t\t\t\t\t<\/div>\n\t\t<\/div>\n\t\t\t\t\t<\/div>\n\t\t<\/section>\n\t\t\t\t<section class=\"elementor-section elementor-top-section elementor-element elementor-element-a8629fb elementor-section-boxed elementor-section-height-default elementor-section-height-default\" data-id=\"a8629fb\" data-element_type=\"section\" data-e-type=\"section\">\n\t\t\t\t\t\t<div class=\"elementor-container elementor-column-gap-default\">\n\t\t\t\t\t<div class=\"elementor-column elementor-col-100 elementor-top-column elementor-element elementor-element-318400f\" data-id=\"318400f\" data-element_type=\"column\" data-e-type=\"column\">\n\t\t\t<div class=\"elementor-widget-wrap elementor-element-populated\">\n\t\t\t\t\t\t<div class=\"elementor-element elementor-element-f75d7ad elementor-align-center elementor-widget elementor-widget-button\" data-id=\"f75d7ad\" data-element_type=\"widget\" data-e-type=\"widget\" data-widget_type=\"button.default\">\n\t\t\t\t<div class=\"elementor-widget-container\">\n\t\t\t\t\t\t\t\t\t<div class=\"elementor-button-wrapper\">\n\t\t\t\t\t<a class=\"elementor-button elementor-button-link elementor-size-sm\" href=\"https:\/\/fecoporto.com\">\n\t\t\t\t\t\t<span class=\"elementor-button-content-wrapper\">\n\t\t\t\t\t\t\t\t\t<span class=\"elementor-button-text\">Voltar<\/span>\n\t\t\t\t\t<\/span>\n\t\t\t\t\t<\/a>\n\t\t\t\t<\/div>\n\t\t\t\t\t\t\t\t<\/div>\n\t\t\t\t<\/div>\n\t\t\t\t\t<\/div>\n\t\t<\/div>\n\t\t\t\t\t<\/div>\n\t\t<\/section>\n\t\t\t\t<\/div>\n\t\t","protected":false},"excerpt":{"rendered":"<p>The Bear #17 The Bear \u00e9 a revista anual da Maple Bear, distribu\u00edda para mais de 220 escolas no Brasil. Para a edi\u00e7\u00e3o 2025, o projeto seguiu o mote da campanha\u00a0&#8220;Muito al\u00e9m do bil\u00edngue&#8221;, e refor\u00e7a a qualidade da metodologia \u00fanica que faz a Maple Bear trazer resultados reais na vida de cada aluno. Diagrama\u00e7\u00e3o: [&hellip;]<\/p>\n","protected":false},"author":1,"featured_media":2915,"parent":0,"menu_order":0,"comment_status":"closed","ping_status":"closed","template":"","meta":{"site-sidebar-layout":"no-sidebar","site-content-layout":"page-builder","ast-site-content-layout":"default","site-content-style":"default","site-sidebar-style":"default","ast-global-header-display":"","ast-banner-title-visibility":"","ast-main-header-display":"","ast-hfb-above-header-display":"","ast-hfb-below-header-display":"","ast-hfb-mobile-header-display":"","site-post-title":"disabled","ast-breadcrumbs-content":"","ast-featured-img":"disabled","footer-sml-layout":"","ast-disable-related-posts":"","theme-transparent-header-meta":"default","adv-header-id-meta":"","stick-header-meta":"","header-above-stick-meta":"","header-main-stick-meta":"","header-below-stick-meta":"","astra-migrate-meta-layouts":"default","ast-page-background-enabled":"default","ast-page-background-meta":{"desktop":{"background-color":"","background-image":"","background-repeat":"repeat","background-position":"center center","background-size":"auto","background-attachment":"scroll","background-type":"","background-media":"","overlay-type":"","overlay-color":"","overlay-opacity":"","overlay-gradient":""},"tablet":{"background-color":"","background-image":"","background-repeat":"repeat","background-position":"center center","background-size":"auto","background-attachment":"scroll","background-type":"","background-media":"","overlay-type":"","overlay-color":"","overlay-opacity":"","overlay-gradient":""},"mobile":{"background-color":"","background-image":"","background-repeat":"repeat","background-position":"center center","background-size":"auto","background-attachment":"scroll","background-type":"","background-media":"","overlay-type":"","overlay-color":"","overlay-opacity":"","overlay-gradient":""}},"ast-content-background-meta":{"desktop":{"background-color":"var(--ast-global-color-5)","background-image":"","background-repeat":"repeat","background-position":"center center","background-size":"auto","background-attachment":"scroll","background-type":"","background-media":"","overlay-type":"","overlay-color":"","overlay-opacity":"","overlay-gradient":""},"tablet":{"background-color":"var(--ast-global-color-5)","background-image":"","background-repeat":"repeat","background-position":"center center","background-size":"auto","background-attachment":"scroll","background-type":"","background-media":"","overlay-type":"","overlay-color":"","overlay-opacity":"","overlay-gradient":""},"mobile":{"background-color":"var(--ast-global-color-5)","background-image":"","background-repeat":"repeat","background-position":"center center","background-size":"auto","background-attachment":"scroll","background-type":"","background-media":"","overlay-type":"","overlay-color":"","overlay-opacity":"","overlay-gradient":""}},"footnotes":""},"class_list":["post-2901","page","type-page","status-publish","has-post-thumbnail","hentry"],"_links":{"self":[{"href":"https:\/\/fecoporto.com\/pt_br\/wp-json\/wp\/v2\/pages\/2901","targetHints":{"allow":["GET"]}}],"collection":[{"href":"https:\/\/fecoporto.com\/pt_br\/wp-json\/wp\/v2\/pages"}],"about":[{"href":"https:\/\/fecoporto.com\/pt_br\/wp-json\/wp\/v2\/types\/page"}],"author":[{"embeddable":true,"href":"https:\/\/fecoporto.com\/pt_br\/wp-json\/wp\/v2\/users\/1"}],"replies":[{"embeddable":true,"href":"https:\/\/fecoporto.com\/pt_br\/wp-json\/wp\/v2\/comments?post=2901"}],"version-history":[{"count":7,"href":"https:\/\/fecoporto.com\/pt_br\/wp-json\/wp\/v2\/pages\/2901\/revisions"}],"predecessor-version":[{"id":2927,"href":"https:\/\/fecoporto.com\/pt_br\/wp-json\/wp\/v2\/pages\/2901\/revisions\/2927"}],"wp:featuredmedia":[{"embeddable":true,"href":"https:\/\/fecoporto.com\/pt_br\/wp-json\/wp\/v2\/media\/2915"}],"wp:attachment":[{"href":"https:\/\/fecoporto.com\/pt_br\/wp-json\/wp\/v2\/media?parent=2901"}],"curies":[{"name":"wp","href":"https:\/\/api.w.org\/{rel}","templated":true}]}}