{"id":2885,"date":"2026-02-16T17:31:30","date_gmt":"2026-02-16T20:31:30","guid":{"rendered":"https:\/\/fecoporto.com\/?page_id=2885"},"modified":"2026-02-16T18:03:09","modified_gmt":"2026-02-16T21:03:09","slug":"thebear16","status":"publish","type":"page","link":"https:\/\/fecoporto.com\/pt_br\/thebear16\/","title":{"rendered":"The Bear #16"},"content":{"rendered":"\t\t<div data-elementor-type=\"wp-page\" data-elementor-id=\"2885\" class=\"elementor elementor-2885\">\n\t\t\t\t\t\t<section class=\"elementor-section elementor-top-section elementor-element elementor-element-386d312 elementor-section-boxed elementor-section-height-default elementor-section-height-default\" data-id=\"386d312\" data-element_type=\"section\" data-e-type=\"section\">\n\t\t\t\t\t\t<div class=\"elementor-container elementor-column-gap-default\">\n\t\t\t\t\t<div class=\"elementor-column elementor-col-100 elementor-top-column elementor-element elementor-element-6636e54\" data-id=\"6636e54\" data-element_type=\"column\" data-e-type=\"column\">\n\t\t\t<div class=\"elementor-widget-wrap elementor-element-populated\">\n\t\t\t\t\t\t<div class=\"elementor-element elementor-element-3bad82c elementor-widget elementor-widget-heading\" data-id=\"3bad82c\" data-element_type=\"widget\" data-e-type=\"widget\" data-widget_type=\"heading.default\">\n\t\t\t\t<div class=\"elementor-widget-container\">\n\t\t\t\t\t<h2 class=\"elementor-heading-title elementor-size-default\">The Bear #16<\/h2>\t\t\t\t<\/div>\n\t\t\t\t<\/div>\n\t\t\t\t<div class=\"elementor-element elementor-element-b341a20 elementor-widget elementor-widget-text-editor\" data-id=\"b341a20\" data-element_type=\"widget\" data-e-type=\"widget\" data-widget_type=\"text-editor.default\">\n\t\t\t\t<div class=\"elementor-widget-container\">\n\t\t\t\t\t\t\t\t\t<p>The Bear \u00e9 a revista anual da Maple Bear, distribu\u00edda para mais de 220 escolas no Brasil. Este projeto re\u00fane conte\u00fados que apresentam e aprofundam a metodologia bil\u00edngue da rede, seus resultados, conquistas e depoimentos de pais e alunos.&nbsp;Fotos: <a href=\"https:\/\/kalamatafilmes.com\/\">Kalamata Filmes<\/a>.<\/p>\t\t\t\t\t\t\t\t<\/div>\n\t\t\t\t<\/div>\n\t\t\t\t\t<\/div>\n\t\t<\/div>\n\t\t\t\t\t<\/div>\n\t\t<\/section>\n\t\t\t\t<section class=\"elementor-section elementor-top-section elementor-element elementor-element-370b423 elementor-section-boxed elementor-section-height-default elementor-section-height-default\" data-id=\"370b423\" data-element_type=\"section\" data-e-type=\"section\">\n\t\t\t\t\t\t<div class=\"elementor-container elementor-column-gap-default\">\n\t\t\t\t\t<div class=\"elementor-column elementor-col-100 elementor-top-column elementor-element elementor-element-47fd56e\" data-id=\"47fd56e\" data-element_type=\"column\" data-e-type=\"column\" data-settings=\"{&quot;background_background&quot;:&quot;classic&quot;}\">\n\t\t\t<div class=\"elementor-widget-wrap elementor-element-populated\">\n\t\t\t\t\t\t<div class=\"elementor-element elementor-element-ec104f3 elementor-widget elementor-widget-image\" data-id=\"ec104f3\" data-element_type=\"widget\" data-e-type=\"widget\" data-widget_type=\"image.default\">\n\t\t\t\t<div class=\"elementor-widget-container\">\n\t\t\t\t\t\t\t\t\t\t\t\t\t\t\t<img fetchpriority=\"high\" decoding=\"async\" width=\"2560\" height=\"1707\" src=\"https:\/\/fecoporto.com\/wp-content\/uploads\/2026\/02\/capa.png\" class=\"attachment-full size-full wp-image-2886\" alt=\"\" srcset=\"https:\/\/fecoporto.com\/wp-content\/uploads\/2026\/02\/capa.png 2560w, https:\/\/fecoporto.com\/wp-content\/uploads\/2026\/02\/capa-300x200.png 300w, https:\/\/fecoporto.com\/wp-content\/uploads\/2026\/02\/capa-1620x1080.png 1620w, https:\/\/fecoporto.com\/wp-content\/uploads\/2026\/02\/capa-150x100.png 150w, https:\/\/fecoporto.com\/wp-content\/uploads\/2026\/02\/capa-768x512.png 768w, https:\/\/fecoporto.com\/wp-content\/uploads\/2026\/02\/capa-1536x1024.png 1536w, https:\/\/fecoporto.com\/wp-content\/uploads\/2026\/02\/capa-2048x1366.png 2048w, https:\/\/fecoporto.com\/wp-content\/uploads\/2026\/02\/capa-18x12.png 18w\" sizes=\"(max-width: 2560px) 100vw, 2560px\" \/>\t\t\t\t\t\t\t\t\t\t\t\t\t\t\t<\/div>\n\t\t\t\t<\/div>\n\t\t\t\t<div class=\"elementor-element elementor-element-342a406 elementor-widget elementor-widget-image\" data-id=\"342a406\" data-element_type=\"widget\" data-e-type=\"widget\" data-widget_type=\"image.default\">\n\t\t\t\t<div class=\"elementor-widget-container\">\n\t\t\t\t\t\t\t\t\t\t\t\t\t\t\t<img decoding=\"async\" width=\"2560\" height=\"1662\" src=\"https:\/\/fecoporto.com\/wp-content\/uploads\/2026\/02\/miolo01.png\" class=\"attachment-full size-full wp-image-2888\" alt=\"\" srcset=\"https:\/\/fecoporto.com\/wp-content\/uploads\/2026\/02\/miolo01.png 2560w, https:\/\/fecoporto.com\/wp-content\/uploads\/2026\/02\/miolo01-300x195.png 300w, https:\/\/fecoporto.com\/wp-content\/uploads\/2026\/02\/miolo01-1664x1080.png 1664w, https:\/\/fecoporto.com\/wp-content\/uploads\/2026\/02\/miolo01-150x97.png 150w, https:\/\/fecoporto.com\/wp-content\/uploads\/2026\/02\/miolo01-768x499.png 768w, https:\/\/fecoporto.com\/wp-content\/uploads\/2026\/02\/miolo01-1536x997.png 1536w, https:\/\/fecoporto.com\/wp-content\/uploads\/2026\/02\/miolo01-2048x1330.png 2048w, https:\/\/fecoporto.com\/wp-content\/uploads\/2026\/02\/miolo01-18x12.png 18w\" sizes=\"(max-width: 2560px) 100vw, 2560px\" \/>\t\t\t\t\t\t\t\t\t\t\t\t\t\t\t<\/div>\n\t\t\t\t<\/div>\n\t\t\t\t<div class=\"elementor-element elementor-element-4520dcf elementor-widget elementor-widget-image\" data-id=\"4520dcf\" data-element_type=\"widget\" data-e-type=\"widget\" data-widget_type=\"image.default\">\n\t\t\t\t<div class=\"elementor-widget-container\">\n\t\t\t\t\t\t\t\t\t\t\t\t\t\t\t<img decoding=\"async\" width=\"2560\" height=\"1662\" src=\"https:\/\/fecoporto.com\/wp-content\/uploads\/2026\/02\/miolo02.png\" class=\"attachment-full size-full wp-image-2889\" alt=\"\" srcset=\"https:\/\/fecoporto.com\/wp-content\/uploads\/2026\/02\/miolo02.png 2560w, https:\/\/fecoporto.com\/wp-content\/uploads\/2026\/02\/miolo02-300x195.png 300w, https:\/\/fecoporto.com\/wp-content\/uploads\/2026\/02\/miolo02-1664x1080.png 1664w, https:\/\/fecoporto.com\/wp-content\/uploads\/2026\/02\/miolo02-150x97.png 150w, https:\/\/fecoporto.com\/wp-content\/uploads\/2026\/02\/miolo02-768x499.png 768w, https:\/\/fecoporto.com\/wp-content\/uploads\/2026\/02\/miolo02-1536x997.png 1536w, https:\/\/fecoporto.com\/wp-content\/uploads\/2026\/02\/miolo02-2048x1330.png 2048w, https:\/\/fecoporto.com\/wp-content\/uploads\/2026\/02\/miolo02-18x12.png 18w\" sizes=\"(max-width: 2560px) 100vw, 2560px\" \/>\t\t\t\t\t\t\t\t\t\t\t\t\t\t\t<\/div>\n\t\t\t\t<\/div>\n\t\t\t\t<div class=\"elementor-element elementor-element-5ca196f elementor-widget elementor-widget-image\" data-id=\"5ca196f\" data-element_type=\"widget\" data-e-type=\"widget\" data-widget_type=\"image.default\">\n\t\t\t\t<div class=\"elementor-widget-container\">\n\t\t\t\t\t\t\t\t\t\t\t\t\t\t\t<img loading=\"lazy\" decoding=\"async\" width=\"2560\" height=\"1662\" src=\"https:\/\/fecoporto.com\/wp-content\/uploads\/2026\/02\/miolo03.png\" class=\"attachment-full size-full wp-image-2890\" alt=\"\" srcset=\"https:\/\/fecoporto.com\/wp-content\/uploads\/2026\/02\/miolo03.png 2560w, https:\/\/fecoporto.com\/wp-content\/uploads\/2026\/02\/miolo03-300x195.png 300w, https:\/\/fecoporto.com\/wp-content\/uploads\/2026\/02\/miolo03-1664x1080.png 1664w, https:\/\/fecoporto.com\/wp-content\/uploads\/2026\/02\/miolo03-150x97.png 150w, https:\/\/fecoporto.com\/wp-content\/uploads\/2026\/02\/miolo03-768x499.png 768w, https:\/\/fecoporto.com\/wp-content\/uploads\/2026\/02\/miolo03-1536x997.png 1536w, https:\/\/fecoporto.com\/wp-content\/uploads\/2026\/02\/miolo03-2048x1330.png 2048w, https:\/\/fecoporto.com\/wp-content\/uploads\/2026\/02\/miolo03-18x12.png 18w\" sizes=\"(max-width: 2560px) 100vw, 2560px\" \/>\t\t\t\t\t\t\t\t\t\t\t\t\t\t\t<\/div>\n\t\t\t\t<\/div>\n\t\t\t\t<div class=\"elementor-element elementor-element-8d15f16 elementor-widget elementor-widget-image\" data-id=\"8d15f16\" data-element_type=\"widget\" data-e-type=\"widget\" data-widget_type=\"image.default\">\n\t\t\t\t<div class=\"elementor-widget-container\">\n\t\t\t\t\t\t\t\t\t\t\t\t\t\t\t<img loading=\"lazy\" decoding=\"async\" width=\"2560\" height=\"1662\" src=\"https:\/\/fecoporto.com\/wp-content\/uploads\/2026\/02\/miolo04.png\" class=\"attachment-full size-full wp-image-2891\" alt=\"\" srcset=\"https:\/\/fecoporto.com\/wp-content\/uploads\/2026\/02\/miolo04.png 2560w, https:\/\/fecoporto.com\/wp-content\/uploads\/2026\/02\/miolo04-300x195.png 300w, https:\/\/fecoporto.com\/wp-content\/uploads\/2026\/02\/miolo04-1664x1080.png 1664w, https:\/\/fecoporto.com\/wp-content\/uploads\/2026\/02\/miolo04-150x97.png 150w, https:\/\/fecoporto.com\/wp-content\/uploads\/2026\/02\/miolo04-768x499.png 768w, https:\/\/fecoporto.com\/wp-content\/uploads\/2026\/02\/miolo04-1536x997.png 1536w, https:\/\/fecoporto.com\/wp-content\/uploads\/2026\/02\/miolo04-2048x1330.png 2048w, https:\/\/fecoporto.com\/wp-content\/uploads\/2026\/02\/miolo04-18x12.png 18w\" sizes=\"(max-width: 2560px) 100vw, 2560px\" \/>\t\t\t\t\t\t\t\t\t\t\t\t\t\t\t<\/div>\n\t\t\t\t<\/div>\n\t\t\t\t<div class=\"elementor-element elementor-element-8d559c4 elementor-widget elementor-widget-text-editor\" data-id=\"8d559c4\" data-element_type=\"widget\" data-e-type=\"widget\" data-widget_type=\"text-editor.default\">\n\t\t\t\t<div class=\"elementor-widget-container\">\n\t\t\t\t\t\t\t\t\t<p>A revista foi criada em formato totalmente bil\u00edngue, com cada metade em um idioma. Ao girar a publica\u00e7\u00e3o, o leitor alterna a l\u00edngua, refletindo a abordagem bil\u00edngue e a cultura da Maple Bear.<\/p>\t\t\t\t\t\t\t\t<\/div>\n\t\t\t\t<\/div>\n\t\t\t\t<div class=\"elementor-element elementor-element-64bbff8 elementor-widget elementor-widget-image\" data-id=\"64bbff8\" data-element_type=\"widget\" data-e-type=\"widget\" data-widget_type=\"image.default\">\n\t\t\t\t<div class=\"elementor-widget-container\">\n\t\t\t\t\t\t\t\t\t\t\t\t\t\t\t<img loading=\"lazy\" decoding=\"async\" width=\"2560\" height=\"1662\" src=\"https:\/\/fecoporto.com\/wp-content\/uploads\/2026\/02\/miolo05.png\" class=\"attachment-full size-full wp-image-2892\" alt=\"\" srcset=\"https:\/\/fecoporto.com\/wp-content\/uploads\/2026\/02\/miolo05.png 2560w, https:\/\/fecoporto.com\/wp-content\/uploads\/2026\/02\/miolo05-300x195.png 300w, https:\/\/fecoporto.com\/wp-content\/uploads\/2026\/02\/miolo05-1664x1080.png 1664w, https:\/\/fecoporto.com\/wp-content\/uploads\/2026\/02\/miolo05-150x97.png 150w, https:\/\/fecoporto.com\/wp-content\/uploads\/2026\/02\/miolo05-768x499.png 768w, https:\/\/fecoporto.com\/wp-content\/uploads\/2026\/02\/miolo05-1536x997.png 1536w, https:\/\/fecoporto.com\/wp-content\/uploads\/2026\/02\/miolo05-2048x1330.png 2048w, https:\/\/fecoporto.com\/wp-content\/uploads\/2026\/02\/miolo05-18x12.png 18w\" sizes=\"(max-width: 2560px) 100vw, 2560px\" \/>\t\t\t\t\t\t\t\t\t\t\t\t\t\t\t<\/div>\n\t\t\t\t<\/div>\n\t\t\t\t<div class=\"elementor-element elementor-element-3b3cc68 elementor-widget elementor-widget-image\" data-id=\"3b3cc68\" data-element_type=\"widget\" data-e-type=\"widget\" data-widget_type=\"image.default\">\n\t\t\t\t<div class=\"elementor-widget-container\">\n\t\t\t\t\t\t\t\t\t\t\t\t\t\t\t<img loading=\"lazy\" decoding=\"async\" width=\"2560\" height=\"1662\" src=\"https:\/\/fecoporto.com\/wp-content\/uploads\/2026\/02\/miolo06.png\" class=\"attachment-full size-full wp-image-2893\" alt=\"\" srcset=\"https:\/\/fecoporto.com\/wp-content\/uploads\/2026\/02\/miolo06.png 2560w, https:\/\/fecoporto.com\/wp-content\/uploads\/2026\/02\/miolo06-300x195.png 300w, https:\/\/fecoporto.com\/wp-content\/uploads\/2026\/02\/miolo06-1664x1080.png 1664w, https:\/\/fecoporto.com\/wp-content\/uploads\/2026\/02\/miolo06-150x97.png 150w, https:\/\/fecoporto.com\/wp-content\/uploads\/2026\/02\/miolo06-768x499.png 768w, https:\/\/fecoporto.com\/wp-content\/uploads\/2026\/02\/miolo06-1536x997.png 1536w, https:\/\/fecoporto.com\/wp-content\/uploads\/2026\/02\/miolo06-2048x1330.png 2048w, https:\/\/fecoporto.com\/wp-content\/uploads\/2026\/02\/miolo06-18x12.png 18w\" sizes=\"(max-width: 2560px) 100vw, 2560px\" \/>\t\t\t\t\t\t\t\t\t\t\t\t\t\t\t<\/div>\n\t\t\t\t<\/div>\n\t\t\t\t<div class=\"elementor-element elementor-element-adf3c73 elementor-widget elementor-widget-image\" data-id=\"adf3c73\" data-element_type=\"widget\" data-e-type=\"widget\" data-widget_type=\"image.default\">\n\t\t\t\t<div class=\"elementor-widget-container\">\n\t\t\t\t\t\t\t\t\t\t\t\t\t\t\t<img loading=\"lazy\" decoding=\"async\" width=\"1988\" height=\"2560\" src=\"https:\/\/fecoporto.com\/wp-content\/uploads\/2026\/02\/miolo_todos-scaled.png\" class=\"attachment-full size-full wp-image-2887\" alt=\"\" srcset=\"https:\/\/fecoporto.com\/wp-content\/uploads\/2026\/02\/miolo_todos-scaled.png 1988w, https:\/\/fecoporto.com\/wp-content\/uploads\/2026\/02\/miolo_todos-233x300.png 233w, https:\/\/fecoporto.com\/wp-content\/uploads\/2026\/02\/miolo_todos-839x1080.png 839w, https:\/\/fecoporto.com\/wp-content\/uploads\/2026\/02\/miolo_todos-117x150.png 117w, https:\/\/fecoporto.com\/wp-content\/uploads\/2026\/02\/miolo_todos-768x989.png 768w, https:\/\/fecoporto.com\/wp-content\/uploads\/2026\/02\/miolo_todos-1193x1536.png 1193w, https:\/\/fecoporto.com\/wp-content\/uploads\/2026\/02\/miolo_todos-1591x2048.png 1591w, https:\/\/fecoporto.com\/wp-content\/uploads\/2026\/02\/miolo_todos-9x12.png 9w\" sizes=\"(max-width: 1988px) 100vw, 1988px\" \/>\t\t\t\t\t\t\t\t\t\t\t\t\t\t\t<\/div>\n\t\t\t\t<\/div>\n\t\t\t\t<div class=\"elementor-element elementor-element-6f2e1ff elementor-widget elementor-widget-image\" data-id=\"6f2e1ff\" data-element_type=\"widget\" data-e-type=\"widget\" data-widget_type=\"image.default\">\n\t\t\t\t<div class=\"elementor-widget-container\">\n\t\t\t\t\t\t\t\t\t\t\t\t\t\t\t<img loading=\"lazy\" decoding=\"async\" width=\"1632\" height=\"461\" src=\"https:\/\/fecoporto.com\/wp-content\/uploads\/2026\/02\/Obrigado.png\" class=\"attachment-full size-full wp-image-2894\" alt=\"\" srcset=\"https:\/\/fecoporto.com\/wp-content\/uploads\/2026\/02\/Obrigado.png 1632w, https:\/\/fecoporto.com\/wp-content\/uploads\/2026\/02\/Obrigado-300x85.png 300w, https:\/\/fecoporto.com\/wp-content\/uploads\/2026\/02\/Obrigado-150x42.png 150w, https:\/\/fecoporto.com\/wp-content\/uploads\/2026\/02\/Obrigado-768x217.png 768w, https:\/\/fecoporto.com\/wp-content\/uploads\/2026\/02\/Obrigado-1536x434.png 1536w, https:\/\/fecoporto.com\/wp-content\/uploads\/2026\/02\/Obrigado-18x5.png 18w\" sizes=\"(max-width: 1632px) 100vw, 1632px\" \/>\t\t\t\t\t\t\t\t\t\t\t\t\t\t\t<\/div>\n\t\t\t\t<\/div>\n\t\t\t\t\t<\/div>\n\t\t<\/div>\n\t\t\t\t\t<\/div>\n\t\t<\/section>\n\t\t\t\t<section class=\"elementor-section elementor-top-section elementor-element elementor-element-a8629fb elementor-section-boxed elementor-section-height-default elementor-section-height-default\" data-id=\"a8629fb\" data-element_type=\"section\" data-e-type=\"section\">\n\t\t\t\t\t\t<div class=\"elementor-container elementor-column-gap-default\">\n\t\t\t\t\t<div class=\"elementor-column elementor-col-100 elementor-top-column elementor-element elementor-element-318400f\" data-id=\"318400f\" data-element_type=\"column\" data-e-type=\"column\">\n\t\t\t<div class=\"elementor-widget-wrap elementor-element-populated\">\n\t\t\t\t\t\t<div class=\"elementor-element elementor-element-f75d7ad elementor-align-center elementor-widget elementor-widget-button\" data-id=\"f75d7ad\" data-element_type=\"widget\" data-e-type=\"widget\" data-widget_type=\"button.default\">\n\t\t\t\t<div class=\"elementor-widget-container\">\n\t\t\t\t\t\t\t\t\t<div class=\"elementor-button-wrapper\">\n\t\t\t\t\t<a class=\"elementor-button elementor-button-link elementor-size-sm\" href=\"https:\/\/fecoporto.com\">\n\t\t\t\t\t\t<span class=\"elementor-button-content-wrapper\">\n\t\t\t\t\t\t\t\t\t<span class=\"elementor-button-text\">Voltar<\/span>\n\t\t\t\t\t<\/span>\n\t\t\t\t\t<\/a>\n\t\t\t\t<\/div>\n\t\t\t\t\t\t\t\t<\/div>\n\t\t\t\t<\/div>\n\t\t\t\t\t<\/div>\n\t\t<\/div>\n\t\t\t\t\t<\/div>\n\t\t<\/section>\n\t\t\t\t<\/div>\n\t\t","protected":false},"excerpt":{"rendered":"<p>The Bear #16 The Bear \u00e9 a revista anual da Maple Bear, distribu\u00edda para mais de 220 escolas no Brasil. Este projeto re\u00fane conte\u00fados que apresentam e aprofundam a metodologia bil\u00edngue da rede, seus resultados, conquistas e depoimentos de pais e alunos.&nbsp;Fotos: Kalamata Filmes. A revista foi criada em formato totalmente bil\u00edngue, com cada metade [&hellip;]<\/p>\n","protected":false},"author":1,"featured_media":2886,"parent":0,"menu_order":0,"comment_status":"closed","ping_status":"closed","template":"","meta":{"site-sidebar-layout":"no-sidebar","site-content-layout":"page-builder","ast-site-content-layout":"default","site-content-style":"default","site-sidebar-style":"default","ast-global-header-display":"","ast-banner-title-visibility":"","ast-main-header-display":"","ast-hfb-above-header-display":"","ast-hfb-below-header-display":"","ast-hfb-mobile-header-display":"","site-post-title":"disabled","ast-breadcrumbs-content":"","ast-featured-img":"disabled","footer-sml-layout":"","ast-disable-related-posts":"","theme-transparent-header-meta":"default","adv-header-id-meta":"","stick-header-meta":"","header-above-stick-meta":"","header-main-stick-meta":"","header-below-stick-meta":"","astra-migrate-meta-layouts":"default","ast-page-background-enabled":"default","ast-page-background-meta":{"desktop":{"background-color":"","background-image":"","background-repeat":"repeat","background-position":"center center","background-size":"auto","background-attachment":"scroll","background-type":"","background-media":"","overlay-type":"","overlay-color":"","overlay-opacity":"","overlay-gradient":""},"tablet":{"background-color":"","background-image":"","background-repeat":"repeat","background-position":"center center","background-size":"auto","background-attachment":"scroll","background-type":"","background-media":"","overlay-type":"","overlay-color":"","overlay-opacity":"","overlay-gradient":""},"mobile":{"background-color":"","background-image":"","background-repeat":"repeat","background-position":"center center","background-size":"auto","background-attachment":"scroll","background-type":"","background-media":"","overlay-type":"","overlay-color":"","overlay-opacity":"","overlay-gradient":""}},"ast-content-background-meta":{"desktop":{"background-color":"var(--ast-global-color-5)","background-image":"","background-repeat":"repeat","background-position":"center center","background-size":"auto","background-attachment":"scroll","background-type":"","background-media":"","overlay-type":"","overlay-color":"","overlay-opacity":"","overlay-gradient":""},"tablet":{"background-color":"var(--ast-global-color-5)","background-image":"","background-repeat":"repeat","background-position":"center center","background-size":"auto","background-attachment":"scroll","background-type":"","background-media":"","overlay-type":"","overlay-color":"","overlay-opacity":"","overlay-gradient":""},"mobile":{"background-color":"var(--ast-global-color-5)","background-image":"","background-repeat":"repeat","background-position":"center center","background-size":"auto","background-attachment":"scroll","background-type":"","background-media":"","overlay-type":"","overlay-color":"","overlay-opacity":"","overlay-gradient":""}},"footnotes":""},"class_list":["post-2885","page","type-page","status-publish","has-post-thumbnail","hentry"],"_links":{"self":[{"href":"https:\/\/fecoporto.com\/pt_br\/wp-json\/wp\/v2\/pages\/2885","targetHints":{"allow":["GET"]}}],"collection":[{"href":"https:\/\/fecoporto.com\/pt_br\/wp-json\/wp\/v2\/pages"}],"about":[{"href":"https:\/\/fecoporto.com\/pt_br\/wp-json\/wp\/v2\/types\/page"}],"author":[{"embeddable":true,"href":"https:\/\/fecoporto.com\/pt_br\/wp-json\/wp\/v2\/users\/1"}],"replies":[{"embeddable":true,"href":"https:\/\/fecoporto.com\/pt_br\/wp-json\/wp\/v2\/comments?post=2885"}],"version-history":[{"count":9,"href":"https:\/\/fecoporto.com\/pt_br\/wp-json\/wp\/v2\/pages\/2885\/revisions"}],"predecessor-version":[{"id":2921,"href":"https:\/\/fecoporto.com\/pt_br\/wp-json\/wp\/v2\/pages\/2885\/revisions\/2921"}],"wp:featuredmedia":[{"embeddable":true,"href":"https:\/\/fecoporto.com\/pt_br\/wp-json\/wp\/v2\/media\/2886"}],"wp:attachment":[{"href":"https:\/\/fecoporto.com\/pt_br\/wp-json\/wp\/v2\/media?parent=2885"}],"curies":[{"name":"wp","href":"https:\/\/api.w.org\/{rel}","templated":true}]}}