{"id":2820,"date":"2023-03-07T12:53:00","date_gmt":"2023-03-07T15:53:00","guid":{"rendered":"https:\/\/fecoporto.com\/?page_id=2820"},"modified":"2023-03-07T13:01:02","modified_gmt":"2023-03-07T16:01:02","slug":"tudomedio","status":"publish","type":"page","link":"https:\/\/fecoporto.com\/pt_br\/tudomedio\/","title":{"rendered":"Tudo M\u00e9dio &#8211; Branding"},"content":{"rendered":"\t\t<div data-elementor-type=\"wp-page\" data-elementor-id=\"2820\" class=\"elementor elementor-2820\">\n\t\t\t\t\t\t<section class=\"elementor-section elementor-top-section elementor-element elementor-element-386d312 elementor-section-boxed elementor-section-height-default elementor-section-height-default\" data-id=\"386d312\" data-element_type=\"section\" data-e-type=\"section\">\n\t\t\t\t\t\t<div class=\"elementor-container elementor-column-gap-default\">\n\t\t\t\t\t<div class=\"elementor-column elementor-col-100 elementor-top-column elementor-element elementor-element-6636e54\" data-id=\"6636e54\" data-element_type=\"column\" data-e-type=\"column\">\n\t\t\t<div class=\"elementor-widget-wrap elementor-element-populated\">\n\t\t\t\t\t\t<div class=\"elementor-element elementor-element-3bad82c elementor-widget elementor-widget-heading\" data-id=\"3bad82c\" data-element_type=\"widget\" data-e-type=\"widget\" data-widget_type=\"heading.default\">\n\t\t\t\t<div class=\"elementor-widget-container\">\n\t\t\t\t\t<h2 class=\"elementor-heading-title elementor-size-default\">Tudo M\u00e9dio - Branding<\/h2>\t\t\t\t<\/div>\n\t\t\t\t<\/div>\n\t\t\t\t<div class=\"elementor-element elementor-element-b341a20 elementor-widget elementor-widget-text-editor\" data-id=\"b341a20\" data-element_type=\"widget\" data-e-type=\"widget\" data-widget_type=\"text-editor.default\">\n\t\t\t\t<div class=\"elementor-widget-container\">\n\t\t\t\t\t\t\t\t\t<p>Tudo bem? Tudo m\u00e9dio&#8230; Projeto de estudo para uma marca de roupas fict\u00edcia.<\/p>\t\t\t\t\t\t\t\t<\/div>\n\t\t\t\t<\/div>\n\t\t\t\t\t<\/div>\n\t\t<\/div>\n\t\t\t\t\t<\/div>\n\t\t<\/section>\n\t\t\t\t<section class=\"elementor-section elementor-top-section elementor-element elementor-element-370b423 elementor-section-boxed elementor-section-height-default elementor-section-height-default\" data-id=\"370b423\" data-element_type=\"section\" data-e-type=\"section\">\n\t\t\t\t\t\t<div class=\"elementor-container elementor-column-gap-default\">\n\t\t\t\t\t<div class=\"elementor-column elementor-col-100 elementor-top-column elementor-element elementor-element-47fd56e\" data-id=\"47fd56e\" data-element_type=\"column\" data-e-type=\"column\">\n\t\t\t<div class=\"elementor-widget-wrap elementor-element-populated\">\n\t\t\t\t\t\t<div class=\"elementor-element elementor-element-ec104f3 elementor-widget elementor-widget-image\" data-id=\"ec104f3\" data-element_type=\"widget\" data-e-type=\"widget\" data-widget_type=\"image.default\">\n\t\t\t\t<div class=\"elementor-widget-container\">\n\t\t\t\t\t\t\t\t\t\t\t\t\t\t\t<img fetchpriority=\"high\" decoding=\"async\" width=\"1400\" height=\"758\" src=\"https:\/\/fecoporto.com\/wp-content\/uploads\/2023\/03\/Behance_BucketHat_AmareloRoxo.jpg\" class=\"attachment-full size-full wp-image-2782\" alt=\"\" srcset=\"https:\/\/fecoporto.com\/wp-content\/uploads\/2023\/03\/Behance_BucketHat_AmareloRoxo.jpg 1400w, https:\/\/fecoporto.com\/wp-content\/uploads\/2023\/03\/Behance_BucketHat_AmareloRoxo-300x162.jpg 300w, https:\/\/fecoporto.com\/wp-content\/uploads\/2023\/03\/Behance_BucketHat_AmareloRoxo-150x81.jpg 150w, https:\/\/fecoporto.com\/wp-content\/uploads\/2023\/03\/Behance_BucketHat_AmareloRoxo-768x416.jpg 768w, https:\/\/fecoporto.com\/wp-content\/uploads\/2023\/03\/Behance_BucketHat_AmareloRoxo-18x10.jpg 18w\" sizes=\"(max-width: 1400px) 100vw, 1400px\" \/>\t\t\t\t\t\t\t\t\t\t\t\t\t\t\t<\/div>\n\t\t\t\t<\/div>\n\t\t\t\t<div class=\"elementor-element elementor-element-342a406 elementor-widget elementor-widget-image\" data-id=\"342a406\" data-element_type=\"widget\" data-e-type=\"widget\" data-widget_type=\"image.default\">\n\t\t\t\t<div class=\"elementor-widget-container\">\n\t\t\t\t\t\t\t\t\t\t\t\t\t\t\t<img decoding=\"async\" width=\"2560\" height=\"1641\" src=\"https:\/\/fecoporto.com\/wp-content\/uploads\/2023\/03\/Asset-1-scaled.jpg\" class=\"attachment-full size-full wp-image-2822\" alt=\"\" srcset=\"https:\/\/fecoporto.com\/wp-content\/uploads\/2023\/03\/Asset-1-scaled.jpg 2560w, https:\/\/fecoporto.com\/wp-content\/uploads\/2023\/03\/Asset-1-300x192.jpg 300w, https:\/\/fecoporto.com\/wp-content\/uploads\/2023\/03\/Asset-1-1685x1080.jpg 1685w, https:\/\/fecoporto.com\/wp-content\/uploads\/2023\/03\/Asset-1-150x96.jpg 150w, https:\/\/fecoporto.com\/wp-content\/uploads\/2023\/03\/Asset-1-768x492.jpg 768w, https:\/\/fecoporto.com\/wp-content\/uploads\/2023\/03\/Asset-1-1536x984.jpg 1536w, https:\/\/fecoporto.com\/wp-content\/uploads\/2023\/03\/Asset-1-2048x1313.jpg 2048w, https:\/\/fecoporto.com\/wp-content\/uploads\/2023\/03\/Asset-1-18x12.jpg 18w\" sizes=\"(max-width: 2560px) 100vw, 2560px\" \/>\t\t\t\t\t\t\t\t\t\t\t\t\t\t\t<\/div>\n\t\t\t\t<\/div>\n\t\t\t\t<div class=\"elementor-element elementor-element-4520dcf elementor-widget elementor-widget-image\" data-id=\"4520dcf\" data-element_type=\"widget\" data-e-type=\"widget\" data-widget_type=\"image.default\">\n\t\t\t\t<div class=\"elementor-widget-container\">\n\t\t\t\t\t\t\t\t\t\t\t\t\t\t\t<img decoding=\"async\" width=\"1400\" height=\"910\" src=\"https:\/\/fecoporto.com\/wp-content\/uploads\/2023\/03\/behance01.jpg\" class=\"attachment-full size-full wp-image-2827\" alt=\"\" srcset=\"https:\/\/fecoporto.com\/wp-content\/uploads\/2023\/03\/behance01.jpg 1400w, https:\/\/fecoporto.com\/wp-content\/uploads\/2023\/03\/behance01-300x195.jpg 300w, https:\/\/fecoporto.com\/wp-content\/uploads\/2023\/03\/behance01-150x98.jpg 150w, https:\/\/fecoporto.com\/wp-content\/uploads\/2023\/03\/behance01-768x499.jpg 768w, https:\/\/fecoporto.com\/wp-content\/uploads\/2023\/03\/behance01-18x12.jpg 18w\" sizes=\"(max-width: 1400px) 100vw, 1400px\" \/>\t\t\t\t\t\t\t\t\t\t\t\t\t\t\t<\/div>\n\t\t\t\t<\/div>\n\t\t\t\t<div class=\"elementor-element elementor-element-5ca196f elementor-widget elementor-widget-image\" data-id=\"5ca196f\" data-element_type=\"widget\" data-e-type=\"widget\" data-widget_type=\"image.default\">\n\t\t\t\t<div class=\"elementor-widget-container\">\n\t\t\t\t\t\t\t\t\t\t\t\t\t\t\t<img loading=\"lazy\" decoding=\"async\" width=\"1400\" height=\"800\" src=\"https:\/\/fecoporto.com\/wp-content\/uploads\/2023\/03\/Behance_Sacola_V1.jpg\" class=\"attachment-full size-full wp-image-2829\" alt=\"\" srcset=\"https:\/\/fecoporto.com\/wp-content\/uploads\/2023\/03\/Behance_Sacola_V1.jpg 1400w, https:\/\/fecoporto.com\/wp-content\/uploads\/2023\/03\/Behance_Sacola_V1-300x171.jpg 300w, https:\/\/fecoporto.com\/wp-content\/uploads\/2023\/03\/Behance_Sacola_V1-150x86.jpg 150w, https:\/\/fecoporto.com\/wp-content\/uploads\/2023\/03\/Behance_Sacola_V1-768x439.jpg 768w, https:\/\/fecoporto.com\/wp-content\/uploads\/2023\/03\/Behance_Sacola_V1-18x10.jpg 18w\" sizes=\"(max-width: 1400px) 100vw, 1400px\" \/>\t\t\t\t\t\t\t\t\t\t\t\t\t\t\t<\/div>\n\t\t\t\t<\/div>\n\t\t\t\t<div class=\"elementor-element elementor-element-8d15f16 elementor-widget elementor-widget-image\" data-id=\"8d15f16\" data-element_type=\"widget\" data-e-type=\"widget\" data-widget_type=\"image.default\">\n\t\t\t\t<div class=\"elementor-widget-container\">\n\t\t\t\t\t\t\t\t\t\t\t\t\t\t\t<img loading=\"lazy\" decoding=\"async\" width=\"2560\" height=\"928\" src=\"https:\/\/fecoporto.com\/wp-content\/uploads\/2023\/03\/Asset-2-scaled.jpg\" class=\"attachment-full size-full wp-image-2823\" alt=\"\" srcset=\"https:\/\/fecoporto.com\/wp-content\/uploads\/2023\/03\/Asset-2-scaled.jpg 2560w, https:\/\/fecoporto.com\/wp-content\/uploads\/2023\/03\/Asset-2-300x109.jpg 300w, https:\/\/fecoporto.com\/wp-content\/uploads\/2023\/03\/Asset-2-1920x696.jpg 1920w, https:\/\/fecoporto.com\/wp-content\/uploads\/2023\/03\/Asset-2-150x54.jpg 150w, https:\/\/fecoporto.com\/wp-content\/uploads\/2023\/03\/Asset-2-768x278.jpg 768w, https:\/\/fecoporto.com\/wp-content\/uploads\/2023\/03\/Asset-2-1536x557.jpg 1536w, https:\/\/fecoporto.com\/wp-content\/uploads\/2023\/03\/Asset-2-2048x742.jpg 2048w, https:\/\/fecoporto.com\/wp-content\/uploads\/2023\/03\/Asset-2-18x7.jpg 18w\" sizes=\"(max-width: 2560px) 100vw, 2560px\" \/>\t\t\t\t\t\t\t\t\t\t\t\t\t\t\t<\/div>\n\t\t\t\t<\/div>\n\t\t\t\t<div class=\"elementor-element elementor-element-64bbff8 elementor-widget elementor-widget-image\" data-id=\"64bbff8\" data-element_type=\"widget\" data-e-type=\"widget\" data-widget_type=\"image.default\">\n\t\t\t\t<div class=\"elementor-widget-container\">\n\t\t\t\t\t\t\t\t\t\t\t\t\t\t\t<img decoding=\"async\" src=\"https:\/\/fecoporto.com\/wp-content\/uploads\/2023\/03\/Asset-3.jpg\" class=\"attachment-full size-full wp-image-2824\" alt=\"\" \/>\t\t\t\t\t\t\t\t\t\t\t\t\t\t\t<\/div>\n\t\t\t\t<\/div>\n\t\t\t\t<div class=\"elementor-element elementor-element-3b3cc68 elementor-widget elementor-widget-image\" data-id=\"3b3cc68\" data-element_type=\"widget\" data-e-type=\"widget\" data-widget_type=\"image.default\">\n\t\t\t\t<div class=\"elementor-widget-container\">\n\t\t\t\t\t\t\t\t\t\t\t\t\t\t\t<img loading=\"lazy\" decoding=\"async\" width=\"2560\" height=\"1415\" src=\"https:\/\/fecoporto.com\/wp-content\/uploads\/2023\/03\/Asset-4-scaled.jpg\" class=\"attachment-full size-full wp-image-2825\" alt=\"\" srcset=\"https:\/\/fecoporto.com\/wp-content\/uploads\/2023\/03\/Asset-4-scaled.jpg 2560w, https:\/\/fecoporto.com\/wp-content\/uploads\/2023\/03\/Asset-4-300x166.jpg 300w, https:\/\/fecoporto.com\/wp-content\/uploads\/2023\/03\/Asset-4-1920x1061.jpg 1920w, https:\/\/fecoporto.com\/wp-content\/uploads\/2023\/03\/Asset-4-150x83.jpg 150w, https:\/\/fecoporto.com\/wp-content\/uploads\/2023\/03\/Asset-4-768x425.jpg 768w, https:\/\/fecoporto.com\/wp-content\/uploads\/2023\/03\/Asset-4-1536x849.jpg 1536w\" sizes=\"(max-width: 2560px) 100vw, 2560px\" \/>\t\t\t\t\t\t\t\t\t\t\t\t\t\t\t<\/div>\n\t\t\t\t<\/div>\n\t\t\t\t<div class=\"elementor-element elementor-element-adf3c73 elementor-widget elementor-widget-image\" data-id=\"adf3c73\" data-element_type=\"widget\" data-e-type=\"widget\" data-widget_type=\"image.default\">\n\t\t\t\t<div class=\"elementor-widget-container\">\n\t\t\t\t\t\t\t\t\t\t\t\t\t\t\t<img loading=\"lazy\" decoding=\"async\" width=\"1400\" height=\"800\" src=\"https:\/\/fecoporto.com\/wp-content\/uploads\/2023\/03\/behance02b.jpg\" class=\"attachment-full size-full wp-image-2828\" alt=\"\" srcset=\"https:\/\/fecoporto.com\/wp-content\/uploads\/2023\/03\/behance02b.jpg 1400w, https:\/\/fecoporto.com\/wp-content\/uploads\/2023\/03\/behance02b-300x171.jpg 300w, https:\/\/fecoporto.com\/wp-content\/uploads\/2023\/03\/behance02b-150x86.jpg 150w, https:\/\/fecoporto.com\/wp-content\/uploads\/2023\/03\/behance02b-768x439.jpg 768w, https:\/\/fecoporto.com\/wp-content\/uploads\/2023\/03\/behance02b-18x10.jpg 18w\" sizes=\"(max-width: 1400px) 100vw, 1400px\" \/>\t\t\t\t\t\t\t\t\t\t\t\t\t\t\t<\/div>\n\t\t\t\t<\/div>\n\t\t\t\t<div class=\"elementor-element elementor-element-b97e21f elementor-widget elementor-widget-image\" data-id=\"b97e21f\" data-element_type=\"widget\" data-e-type=\"widget\" data-widget_type=\"image.default\">\n\t\t\t\t<div class=\"elementor-widget-container\">\n\t\t\t\t\t\t\t\t\t\t\t\t\t\t\t<img loading=\"lazy\" decoding=\"async\" width=\"2560\" height=\"350\" src=\"https:\/\/fecoporto.com\/wp-content\/uploads\/2023\/03\/Asset-5-scaled.jpg\" class=\"attachment-full size-full wp-image-2826\" alt=\"\" srcset=\"https:\/\/fecoporto.com\/wp-content\/uploads\/2023\/03\/Asset-5-scaled.jpg 2560w, https:\/\/fecoporto.com\/wp-content\/uploads\/2023\/03\/Asset-5-300x41.jpg 300w, https:\/\/fecoporto.com\/wp-content\/uploads\/2023\/03\/Asset-5-1920x263.jpg 1920w, https:\/\/fecoporto.com\/wp-content\/uploads\/2023\/03\/Asset-5-150x21.jpg 150w, https:\/\/fecoporto.com\/wp-content\/uploads\/2023\/03\/Asset-5-768x105.jpg 768w, https:\/\/fecoporto.com\/wp-content\/uploads\/2023\/03\/Asset-5-1536x210.jpg 1536w, https:\/\/fecoporto.com\/wp-content\/uploads\/2023\/03\/Asset-5-2048x280.jpg 2048w, https:\/\/fecoporto.com\/wp-content\/uploads\/2023\/03\/Asset-5-18x2.jpg 18w\" sizes=\"(max-width: 2560px) 100vw, 2560px\" \/>\t\t\t\t\t\t\t\t\t\t\t\t\t\t\t<\/div>\n\t\t\t\t<\/div>\n\t\t\t\t\t<\/div>\n\t\t<\/div>\n\t\t\t\t\t<\/div>\n\t\t<\/section>\n\t\t\t\t<section class=\"elementor-section elementor-top-section elementor-element elementor-element-a8629fb elementor-section-boxed elementor-section-height-default elementor-section-height-default\" data-id=\"a8629fb\" data-element_type=\"section\" data-e-type=\"section\">\n\t\t\t\t\t\t<div class=\"elementor-container elementor-column-gap-default\">\n\t\t\t\t\t<div class=\"elementor-column elementor-col-100 elementor-top-column elementor-element elementor-element-318400f\" data-id=\"318400f\" data-element_type=\"column\" data-e-type=\"column\">\n\t\t\t<div class=\"elementor-widget-wrap elementor-element-populated\">\n\t\t\t\t\t\t<div class=\"elementor-element elementor-element-f75d7ad elementor-align-center elementor-widget elementor-widget-button\" data-id=\"f75d7ad\" data-element_type=\"widget\" data-e-type=\"widget\" data-widget_type=\"button.default\">\n\t\t\t\t<div class=\"elementor-widget-container\">\n\t\t\t\t\t\t\t\t\t<div class=\"elementor-button-wrapper\">\n\t\t\t\t\t<a class=\"elementor-button elementor-button-link elementor-size-sm\" href=\"https:\/\/fecoporto.com\">\n\t\t\t\t\t\t<span class=\"elementor-button-content-wrapper\">\n\t\t\t\t\t\t\t\t\t<span class=\"elementor-button-text\">Voltar<\/span>\n\t\t\t\t\t<\/span>\n\t\t\t\t\t<\/a>\n\t\t\t\t<\/div>\n\t\t\t\t\t\t\t\t<\/div>\n\t\t\t\t<\/div>\n\t\t\t\t\t<\/div>\n\t\t<\/div>\n\t\t\t\t\t<\/div>\n\t\t<\/section>\n\t\t\t\t<\/div>\n\t\t","protected":false},"excerpt":{"rendered":"<p>Tudo M\u00e9dio &#8211; Branding Tudo bem? Tudo m\u00e9dio&#8230; Projeto de estudo para uma marca de roupas fict\u00edcia. Voltar<\/p>\n","protected":false},"author":1,"featured_media":0,"parent":0,"menu_order":0,"comment_status":"closed","ping_status":"closed","template":"","meta":{"site-sidebar-layout":"no-sidebar","site-content-layout":"page-builder","ast-site-content-layout":"default","site-content-style":"default","site-sidebar-style":"default","ast-global-header-display":"","ast-banner-title-visibility":"","ast-main-header-display":"","ast-hfb-above-header-display":"","ast-hfb-below-header-display":"","ast-hfb-mobile-header-display":"","site-post-title":"disabled","ast-breadcrumbs-content":"","ast-featured-img":"disabled","footer-sml-layout":"","ast-disable-related-posts":"","theme-transparent-header-meta":"default","adv-header-id-meta":"","stick-header-meta":"","header-above-stick-meta":"","header-main-stick-meta":"","header-below-stick-meta":"","astra-migrate-meta-layouts":"default","ast-page-background-enabled":"default","ast-page-background-meta":{"desktop":{"background-color":"","background-image":"","background-repeat":"repeat","background-position":"center center","background-size":"auto","background-attachment":"scroll","background-type":"","background-media":"","overlay-type":"","overlay-color":"","overlay-opacity":"","overlay-gradient":""},"tablet":{"background-color":"","background-image":"","background-repeat":"repeat","background-position":"center center","background-size":"auto","background-attachment":"scroll","background-type":"","background-media":"","overlay-type":"","overlay-color":"","overlay-opacity":"","overlay-gradient":""},"mobile":{"background-color":"","background-image":"","background-repeat":"repeat","background-position":"center center","background-size":"auto","background-attachment":"scroll","background-type":"","background-media":"","overlay-type":"","overlay-color":"","overlay-opacity":"","overlay-gradient":""}},"ast-content-background-meta":{"desktop":{"background-color":"var(--ast-global-color-5)","background-image":"","background-repeat":"repeat","background-position":"center center","background-size":"auto","background-attachment":"scroll","background-type":"","background-media":"","overlay-type":"","overlay-color":"","overlay-opacity":"","overlay-gradient":""},"tablet":{"background-color":"var(--ast-global-color-5)","background-image":"","background-repeat":"repeat","background-position":"center center","background-size":"auto","background-attachment":"scroll","background-type":"","background-media":"","overlay-type":"","overlay-color":"","overlay-opacity":"","overlay-gradient":""},"mobile":{"background-color":"var(--ast-global-color-5)","background-image":"","background-repeat":"repeat","background-position":"center center","background-size":"auto","background-attachment":"scroll","background-type":"","background-media":"","overlay-type":"","overlay-color":"","overlay-opacity":"","overlay-gradient":""}},"footnotes":""},"class_list":["post-2820","page","type-page","status-publish","hentry"],"_links":{"self":[{"href":"https:\/\/fecoporto.com\/pt_br\/wp-json\/wp\/v2\/pages\/2820","targetHints":{"allow":["GET"]}}],"collection":[{"href":"https:\/\/fecoporto.com\/pt_br\/wp-json\/wp\/v2\/pages"}],"about":[{"href":"https:\/\/fecoporto.com\/pt_br\/wp-json\/wp\/v2\/types\/page"}],"author":[{"embeddable":true,"href":"https:\/\/fecoporto.com\/pt_br\/wp-json\/wp\/v2\/users\/1"}],"replies":[{"embeddable":true,"href":"https:\/\/fecoporto.com\/pt_br\/wp-json\/wp\/v2\/comments?post=2820"}],"version-history":[{"count":4,"href":"https:\/\/fecoporto.com\/pt_br\/wp-json\/wp\/v2\/pages\/2820\/revisions"}],"predecessor-version":[{"id":2832,"href":"https:\/\/fecoporto.com\/pt_br\/wp-json\/wp\/v2\/pages\/2820\/revisions\/2832"}],"wp:attachment":[{"href":"https:\/\/fecoporto.com\/pt_br\/wp-json\/wp\/v2\/media?parent=2820"}],"curies":[{"name":"wp","href":"https:\/\/api.w.org\/{rel}","templated":true}]}}