{"id":2591,"date":"2022-02-07T12:39:35","date_gmt":"2022-02-07T15:39:35","guid":{"rendered":"https:\/\/fecoporto.com\/?page_id=2591"},"modified":"2022-02-07T12:50:12","modified_gmt":"2022-02-07T15:50:12","slug":"solo-fertil","status":"publish","type":"page","link":"https:\/\/fecoporto.com\/pt_br\/solo-fertil\/","title":{"rendered":"Solo F\u00e9rtil &#8211; Branding"},"content":{"rendered":"\t\t<div data-elementor-type=\"wp-page\" data-elementor-id=\"2591\" class=\"elementor elementor-2591\">\n\t\t\t\t\t\t<section class=\"elementor-section elementor-top-section elementor-element elementor-element-386d312 elementor-section-boxed elementor-section-height-default elementor-section-height-default\" data-id=\"386d312\" data-element_type=\"section\" data-e-type=\"section\">\n\t\t\t\t\t\t<div class=\"elementor-container elementor-column-gap-default\">\n\t\t\t\t\t<div class=\"elementor-column elementor-col-100 elementor-top-column elementor-element elementor-element-6636e54\" data-id=\"6636e54\" data-element_type=\"column\" data-e-type=\"column\">\n\t\t\t<div class=\"elementor-widget-wrap elementor-element-populated\">\n\t\t\t\t\t\t<div class=\"elementor-element elementor-element-3bad82c elementor-widget elementor-widget-heading\" data-id=\"3bad82c\" data-element_type=\"widget\" data-e-type=\"widget\" data-widget_type=\"heading.default\">\n\t\t\t\t<div class=\"elementor-widget-container\">\n\t\t\t\t\t<h2 class=\"elementor-heading-title elementor-size-default\">Solo F\u00e9rtil - Branding<\/h2>\t\t\t\t<\/div>\n\t\t\t\t<\/div>\n\t\t\t\t<div class=\"elementor-element elementor-element-b341a20 elementor-widget elementor-widget-text-editor\" data-id=\"b341a20\" data-element_type=\"widget\" data-e-type=\"widget\" data-widget_type=\"text-editor.default\">\n\t\t\t\t<div class=\"elementor-widget-container\">\n\t\t\t\t\t\t\t\t\t<p>Tive o prazer de elaborar o branding para Solo F\u00e9rtil &#8211; uma marca de produtos cosm\u00e9ticos naturais, que buscava trazer essa ess\u00eancia da terra e da natureza para o logo.\u00a0<span style=\"font-size: 16px;\">Est\u00fadio: <a href=\"https:\/\/www.instagram.com\/giologystudio\/\">Giology Studio<\/a>.<\/span><\/p>\t\t\t\t\t\t\t\t<\/div>\n\t\t\t\t<\/div>\n\t\t\t\t\t<\/div>\n\t\t<\/div>\n\t\t\t\t\t<\/div>\n\t\t<\/section>\n\t\t\t\t<section class=\"elementor-section elementor-top-section elementor-element elementor-element-370b423 elementor-section-boxed elementor-section-height-default elementor-section-height-default\" data-id=\"370b423\" data-element_type=\"section\" data-e-type=\"section\">\n\t\t\t\t\t\t<div class=\"elementor-container elementor-column-gap-default\">\n\t\t\t\t\t<div class=\"elementor-column elementor-col-100 elementor-top-column elementor-element elementor-element-47fd56e\" data-id=\"47fd56e\" data-element_type=\"column\" data-e-type=\"column\">\n\t\t\t<div class=\"elementor-widget-wrap elementor-element-populated\">\n\t\t\t\t\t\t<div class=\"elementor-element elementor-element-ec104f3 elementor-widget elementor-widget-image\" data-id=\"ec104f3\" data-element_type=\"widget\" data-e-type=\"widget\" data-widget_type=\"image.default\">\n\t\t\t\t<div class=\"elementor-widget-container\">\n\t\t\t\t\t\t\t\t\t\t\t\t\t\t\t<img fetchpriority=\"high\" decoding=\"async\" width=\"1000\" height=\"584\" src=\"https:\/\/fecoporto.com\/wp-content\/uploads\/2022\/02\/SoloFertil_01.png\" class=\"attachment-full size-full wp-image-2593\" alt=\"\" srcset=\"https:\/\/fecoporto.com\/wp-content\/uploads\/2022\/02\/SoloFertil_01.png 1000w, https:\/\/fecoporto.com\/wp-content\/uploads\/2022\/02\/SoloFertil_01-300x175.png 300w, https:\/\/fecoporto.com\/wp-content\/uploads\/2022\/02\/SoloFertil_01-150x88.png 150w, https:\/\/fecoporto.com\/wp-content\/uploads\/2022\/02\/SoloFertil_01-768x449.png 768w\" sizes=\"(max-width: 1000px) 100vw, 1000px\" \/>\t\t\t\t\t\t\t\t\t\t\t\t\t\t\t<\/div>\n\t\t\t\t<\/div>\n\t\t\t\t<div class=\"elementor-element elementor-element-5ca196f elementor-widget elementor-widget-image\" data-id=\"5ca196f\" data-element_type=\"widget\" data-e-type=\"widget\" data-widget_type=\"image.default\">\n\t\t\t\t<div class=\"elementor-widget-container\">\n\t\t\t\t\t\t\t\t\t\t\t\t\t\t\t<img decoding=\"async\" width=\"1000\" height=\"1177\" src=\"https:\/\/fecoporto.com\/wp-content\/uploads\/2022\/02\/SoloFertil_02.png\" class=\"attachment-full size-full wp-image-2594\" alt=\"\" srcset=\"https:\/\/fecoporto.com\/wp-content\/uploads\/2022\/02\/SoloFertil_02.png 1000w, https:\/\/fecoporto.com\/wp-content\/uploads\/2022\/02\/SoloFertil_02-255x300.png 255w, https:\/\/fecoporto.com\/wp-content\/uploads\/2022\/02\/SoloFertil_02-918x1080.png 918w, https:\/\/fecoporto.com\/wp-content\/uploads\/2022\/02\/SoloFertil_02-127x150.png 127w, https:\/\/fecoporto.com\/wp-content\/uploads\/2022\/02\/SoloFertil_02-768x904.png 768w\" sizes=\"(max-width: 1000px) 100vw, 1000px\" \/>\t\t\t\t\t\t\t\t\t\t\t\t\t\t\t<\/div>\n\t\t\t\t<\/div>\n\t\t\t\t<div class=\"elementor-element elementor-element-8d15f16 elementor-widget elementor-widget-image\" data-id=\"8d15f16\" data-element_type=\"widget\" data-e-type=\"widget\" data-widget_type=\"image.default\">\n\t\t\t\t<div class=\"elementor-widget-container\">\n\t\t\t\t\t\t\t\t\t\t\t\t\t\t\t<img decoding=\"async\" width=\"1000\" height=\"710\" src=\"https:\/\/fecoporto.com\/wp-content\/uploads\/2022\/02\/SoloFertil_03.png\" class=\"attachment-full size-full wp-image-2595\" alt=\"\" srcset=\"https:\/\/fecoporto.com\/wp-content\/uploads\/2022\/02\/SoloFertil_03.png 1000w, https:\/\/fecoporto.com\/wp-content\/uploads\/2022\/02\/SoloFertil_03-300x213.png 300w, https:\/\/fecoporto.com\/wp-content\/uploads\/2022\/02\/SoloFertil_03-150x107.png 150w, https:\/\/fecoporto.com\/wp-content\/uploads\/2022\/02\/SoloFertil_03-768x545.png 768w\" sizes=\"(max-width: 1000px) 100vw, 1000px\" \/>\t\t\t\t\t\t\t\t\t\t\t\t\t\t\t<\/div>\n\t\t\t\t<\/div>\n\t\t\t\t<div class=\"elementor-element elementor-element-64bbff8 elementor-widget elementor-widget-image\" data-id=\"64bbff8\" data-element_type=\"widget\" data-e-type=\"widget\" data-widget_type=\"image.default\">\n\t\t\t\t<div class=\"elementor-widget-container\">\n\t\t\t\t\t\t\t\t\t\t\t\t\t\t\t<img loading=\"lazy\" decoding=\"async\" width=\"1000\" height=\"739\" src=\"https:\/\/fecoporto.com\/wp-content\/uploads\/2022\/02\/SoloFertil_04.png\" class=\"attachment-full size-full wp-image-2596\" alt=\"\" srcset=\"https:\/\/fecoporto.com\/wp-content\/uploads\/2022\/02\/SoloFertil_04.png 1000w, https:\/\/fecoporto.com\/wp-content\/uploads\/2022\/02\/SoloFertil_04-300x222.png 300w, https:\/\/fecoporto.com\/wp-content\/uploads\/2022\/02\/SoloFertil_04-150x111.png 150w, https:\/\/fecoporto.com\/wp-content\/uploads\/2022\/02\/SoloFertil_04-768x568.png 768w\" sizes=\"(max-width: 1000px) 100vw, 1000px\" \/>\t\t\t\t\t\t\t\t\t\t\t\t\t\t\t<\/div>\n\t\t\t\t<\/div>\n\t\t\t\t<div class=\"elementor-element elementor-element-c42fc05 elementor-widget elementor-widget-image\" data-id=\"c42fc05\" data-element_type=\"widget\" data-e-type=\"widget\" data-widget_type=\"image.default\">\n\t\t\t\t<div class=\"elementor-widget-container\">\n\t\t\t\t\t\t\t\t\t\t\t\t\t\t\t<img loading=\"lazy\" decoding=\"async\" width=\"1000\" height=\"721\" src=\"https:\/\/fecoporto.com\/wp-content\/uploads\/2022\/02\/SoloFertil_05.png\" class=\"attachment-full size-full wp-image-2597\" alt=\"\" srcset=\"https:\/\/fecoporto.com\/wp-content\/uploads\/2022\/02\/SoloFertil_05.png 1000w, https:\/\/fecoporto.com\/wp-content\/uploads\/2022\/02\/SoloFertil_05-300x216.png 300w, https:\/\/fecoporto.com\/wp-content\/uploads\/2022\/02\/SoloFertil_05-150x108.png 150w, https:\/\/fecoporto.com\/wp-content\/uploads\/2022\/02\/SoloFertil_05-768x554.png 768w\" sizes=\"(max-width: 1000px) 100vw, 1000px\" \/>\t\t\t\t\t\t\t\t\t\t\t\t\t\t\t<\/div>\n\t\t\t\t<\/div>\n\t\t\t\t<div class=\"elementor-element elementor-element-75933ab elementor-widget elementor-widget-image\" data-id=\"75933ab\" data-element_type=\"widget\" data-e-type=\"widget\" data-widget_type=\"image.default\">\n\t\t\t\t<div class=\"elementor-widget-container\">\n\t\t\t\t\t\t\t\t\t\t\t\t\t\t\t<img loading=\"lazy\" decoding=\"async\" width=\"1000\" height=\"360\" src=\"https:\/\/fecoporto.com\/wp-content\/uploads\/2022\/02\/SoloFertil_06.png\" class=\"attachment-full size-full wp-image-2598\" alt=\"\" srcset=\"https:\/\/fecoporto.com\/wp-content\/uploads\/2022\/02\/SoloFertil_06.png 1000w, https:\/\/fecoporto.com\/wp-content\/uploads\/2022\/02\/SoloFertil_06-300x108.png 300w, https:\/\/fecoporto.com\/wp-content\/uploads\/2022\/02\/SoloFertil_06-150x54.png 150w, https:\/\/fecoporto.com\/wp-content\/uploads\/2022\/02\/SoloFertil_06-768x276.png 768w\" sizes=\"(max-width: 1000px) 100vw, 1000px\" \/>\t\t\t\t\t\t\t\t\t\t\t\t\t\t\t<\/div>\n\t\t\t\t<\/div>\n\t\t\t\t<div class=\"elementor-element elementor-element-575d06d elementor-widget elementor-widget-image\" data-id=\"575d06d\" data-element_type=\"widget\" data-e-type=\"widget\" data-widget_type=\"image.default\">\n\t\t\t\t<div class=\"elementor-widget-container\">\n\t\t\t\t\t\t\t\t\t\t\t\t\t\t\t<img loading=\"lazy\" decoding=\"async\" width=\"1000\" height=\"1167\" src=\"https:\/\/fecoporto.com\/wp-content\/uploads\/2022\/02\/SoloFertil_07.png\" class=\"attachment-full size-full wp-image-2599\" alt=\"\" srcset=\"https:\/\/fecoporto.com\/wp-content\/uploads\/2022\/02\/SoloFertil_07.png 1000w, https:\/\/fecoporto.com\/wp-content\/uploads\/2022\/02\/SoloFertil_07-257x300.png 257w, https:\/\/fecoporto.com\/wp-content\/uploads\/2022\/02\/SoloFertil_07-925x1080.png 925w, https:\/\/fecoporto.com\/wp-content\/uploads\/2022\/02\/SoloFertil_07-129x150.png 129w, https:\/\/fecoporto.com\/wp-content\/uploads\/2022\/02\/SoloFertil_07-768x896.png 768w\" sizes=\"(max-width: 1000px) 100vw, 1000px\" \/>\t\t\t\t\t\t\t\t\t\t\t\t\t\t\t<\/div>\n\t\t\t\t<\/div>\n\t\t\t\t\t<\/div>\n\t\t<\/div>\n\t\t\t\t\t<\/div>\n\t\t<\/section>\n\t\t\t\t<section class=\"elementor-section elementor-top-section elementor-element elementor-element-a8629fb elementor-section-boxed elementor-section-height-default elementor-section-height-default\" data-id=\"a8629fb\" data-element_type=\"section\" data-e-type=\"section\">\n\t\t\t\t\t\t<div class=\"elementor-container elementor-column-gap-default\">\n\t\t\t\t\t<div class=\"elementor-column elementor-col-100 elementor-top-column elementor-element elementor-element-318400f\" data-id=\"318400f\" data-element_type=\"column\" data-e-type=\"column\">\n\t\t\t<div class=\"elementor-widget-wrap elementor-element-populated\">\n\t\t\t\t\t\t<div class=\"elementor-element elementor-element-f75d7ad elementor-align-center elementor-widget elementor-widget-button\" data-id=\"f75d7ad\" data-element_type=\"widget\" data-e-type=\"widget\" data-widget_type=\"button.default\">\n\t\t\t\t<div class=\"elementor-widget-container\">\n\t\t\t\t\t\t\t\t\t<div class=\"elementor-button-wrapper\">\n\t\t\t\t\t<a class=\"elementor-button elementor-button-link elementor-size-sm\" href=\"https:\/\/fecoporto.com\">\n\t\t\t\t\t\t<span class=\"elementor-button-content-wrapper\">\n\t\t\t\t\t\t\t\t\t<span class=\"elementor-button-text\">Voltar<\/span>\n\t\t\t\t\t<\/span>\n\t\t\t\t\t<\/a>\n\t\t\t\t<\/div>\n\t\t\t\t\t\t\t\t<\/div>\n\t\t\t\t<\/div>\n\t\t\t\t\t<\/div>\n\t\t<\/div>\n\t\t\t\t\t<\/div>\n\t\t<\/section>\n\t\t\t\t<\/div>\n\t\t","protected":false},"excerpt":{"rendered":"<p>Solo F\u00e9rtil &#8211; Branding Tive o prazer de elaborar o branding para Solo F\u00e9rtil &#8211; uma marca de produtos cosm\u00e9ticos naturais, que buscava trazer essa ess\u00eancia da terra e da natureza para o logo.\u00a0Est\u00fadio: Giology Studio. Voltar<\/p>\n","protected":false},"author":1,"featured_media":0,"parent":0,"menu_order":0,"comment_status":"closed","ping_status":"closed","template":"","meta":{"site-sidebar-layout":"no-sidebar","site-content-layout":"page-builder","ast-site-content-layout":"default","site-content-style":"default","site-sidebar-style":"default","ast-global-header-display":"","ast-banner-title-visibility":"","ast-main-header-display":"","ast-hfb-above-header-display":"","ast-hfb-below-header-display":"","ast-hfb-mobile-header-display":"","site-post-title":"disabled","ast-breadcrumbs-content":"","ast-featured-img":"disabled","footer-sml-layout":"","ast-disable-related-posts":"","theme-transparent-header-meta":"default","adv-header-id-meta":"","stick-header-meta":"","header-above-stick-meta":"","header-main-stick-meta":"","header-below-stick-meta":"","astra-migrate-meta-layouts":"default","ast-page-background-enabled":"default","ast-page-background-meta":{"desktop":{"background-color":"","background-image":"","background-repeat":"repeat","background-position":"center center","background-size":"auto","background-attachment":"scroll","background-type":"","background-media":"","overlay-type":"","overlay-color":"","overlay-opacity":"","overlay-gradient":""},"tablet":{"background-color":"","background-image":"","background-repeat":"repeat","background-position":"center center","background-size":"auto","background-attachment":"scroll","background-type":"","background-media":"","overlay-type":"","overlay-color":"","overlay-opacity":"","overlay-gradient":""},"mobile":{"background-color":"","background-image":"","background-repeat":"repeat","background-position":"center center","background-size":"auto","background-attachment":"scroll","background-type":"","background-media":"","overlay-type":"","overlay-color":"","overlay-opacity":"","overlay-gradient":""}},"ast-content-background-meta":{"desktop":{"background-color":"var(--ast-global-color-5)","background-image":"","background-repeat":"repeat","background-position":"center center","background-size":"auto","background-attachment":"scroll","background-type":"","background-media":"","overlay-type":"","overlay-color":"","overlay-opacity":"","overlay-gradient":""},"tablet":{"background-color":"var(--ast-global-color-5)","background-image":"","background-repeat":"repeat","background-position":"center center","background-size":"auto","background-attachment":"scroll","background-type":"","background-media":"","overlay-type":"","overlay-color":"","overlay-opacity":"","overlay-gradient":""},"mobile":{"background-color":"var(--ast-global-color-5)","background-image":"","background-repeat":"repeat","background-position":"center center","background-size":"auto","background-attachment":"scroll","background-type":"","background-media":"","overlay-type":"","overlay-color":"","overlay-opacity":"","overlay-gradient":""}},"footnotes":""},"class_list":["post-2591","page","type-page","status-publish","hentry"],"_links":{"self":[{"href":"https:\/\/fecoporto.com\/pt_br\/wp-json\/wp\/v2\/pages\/2591","targetHints":{"allow":["GET"]}}],"collection":[{"href":"https:\/\/fecoporto.com\/pt_br\/wp-json\/wp\/v2\/pages"}],"about":[{"href":"https:\/\/fecoporto.com\/pt_br\/wp-json\/wp\/v2\/types\/page"}],"author":[{"embeddable":true,"href":"https:\/\/fecoporto.com\/pt_br\/wp-json\/wp\/v2\/users\/1"}],"replies":[{"embeddable":true,"href":"https:\/\/fecoporto.com\/pt_br\/wp-json\/wp\/v2\/comments?post=2591"}],"version-history":[{"count":4,"href":"https:\/\/fecoporto.com\/pt_br\/wp-json\/wp\/v2\/pages\/2591\/revisions"}],"predecessor-version":[{"id":2602,"href":"https:\/\/fecoporto.com\/pt_br\/wp-json\/wp\/v2\/pages\/2591\/revisions\/2602"}],"wp:attachment":[{"href":"https:\/\/fecoporto.com\/pt_br\/wp-json\/wp\/v2\/media?parent=2591"}],"curies":[{"name":"wp","href":"https:\/\/api.w.org\/{rel}","templated":true}]}}