{"id":2521,"date":"2022-02-07T11:15:43","date_gmt":"2022-02-07T14:15:43","guid":{"rendered":"https:\/\/fecoporto.com\/?page_id=2521"},"modified":"2022-02-07T12:38:24","modified_gmt":"2022-02-07T15:38:24","slug":"freeze-embalagens","status":"publish","type":"page","link":"https:\/\/fecoporto.com\/pt_br\/freeze-embalagens\/","title":{"rendered":"Freeze &#8211; Embalagens"},"content":{"rendered":"\t\t<div data-elementor-type=\"wp-page\" data-elementor-id=\"2521\" class=\"elementor elementor-2521\">\n\t\t\t\t\t\t<section class=\"elementor-section elementor-top-section elementor-element elementor-element-386d312 elementor-section-boxed elementor-section-height-default elementor-section-height-default\" data-id=\"386d312\" data-element_type=\"section\" data-e-type=\"section\">\n\t\t\t\t\t\t<div class=\"elementor-container elementor-column-gap-default\">\n\t\t\t\t\t<div class=\"elementor-column elementor-col-100 elementor-top-column elementor-element elementor-element-6636e54\" data-id=\"6636e54\" data-element_type=\"column\" data-e-type=\"column\">\n\t\t\t<div class=\"elementor-widget-wrap elementor-element-populated\">\n\t\t\t\t\t\t<div class=\"elementor-element elementor-element-3bad82c elementor-widget elementor-widget-heading\" data-id=\"3bad82c\" data-element_type=\"widget\" data-e-type=\"widget\" data-widget_type=\"heading.default\">\n\t\t\t\t<div class=\"elementor-widget-container\">\n\t\t\t\t\t<h2 class=\"elementor-heading-title elementor-size-default\">Freeze - Embalagens<\/h2>\t\t\t\t<\/div>\n\t\t\t\t<\/div>\n\t\t\t\t<div class=\"elementor-element elementor-element-b341a20 elementor-widget elementor-widget-text-editor\" data-id=\"b341a20\" data-element_type=\"widget\" data-e-type=\"widget\" data-widget_type=\"text-editor.default\">\n\t\t\t\t<div class=\"elementor-widget-container\">\n\t\t\t\t\t\t\t\t\t<p>Tive o prazer de elaborar as embalagens e papelaria institucional para a Freeze &#8211;\u00a0<span style=\"font-size: 16px; font-style: normal; font-weight: 400;\">uma marca de sorvete saud\u00e1veis, sem lactose, sem adi\u00e7\u00e3o de a\u00e7\u00facar e sem gl\u00faten<\/span><span style=\"font-size: 16px;\">. Est\u00fadio: <a href=\"https:\/\/www.instagram.com\/giologystudio\/\">Giology Studio<\/a>.<\/span><\/p>\t\t\t\t\t\t\t\t<\/div>\n\t\t\t\t<\/div>\n\t\t\t\t\t<\/div>\n\t\t<\/div>\n\t\t\t\t\t<\/div>\n\t\t<\/section>\n\t\t\t\t<section class=\"elementor-section elementor-top-section elementor-element elementor-element-370b423 elementor-section-boxed elementor-section-height-default elementor-section-height-default\" data-id=\"370b423\" data-element_type=\"section\" data-e-type=\"section\">\n\t\t\t\t\t\t<div class=\"elementor-container elementor-column-gap-default\">\n\t\t\t\t\t<div class=\"elementor-column elementor-col-100 elementor-top-column elementor-element elementor-element-47fd56e\" data-id=\"47fd56e\" data-element_type=\"column\" data-e-type=\"column\">\n\t\t\t<div class=\"elementor-widget-wrap elementor-element-populated\">\n\t\t\t\t\t\t<div class=\"elementor-element elementor-element-ec104f3 elementor-widget elementor-widget-image\" data-id=\"ec104f3\" data-element_type=\"widget\" data-e-type=\"widget\" data-widget_type=\"image.default\">\n\t\t\t\t<div class=\"elementor-widget-container\">\n\t\t\t\t\t\t\t\t\t\t\t\t\t\t\t<img fetchpriority=\"high\" decoding=\"async\" width=\"1000\" height=\"1353\" src=\"https:\/\/fecoporto.com\/wp-content\/uploads\/2022\/02\/Freeze_01-1.png\" class=\"attachment-full size-full wp-image-2551\" alt=\"\" srcset=\"https:\/\/fecoporto.com\/wp-content\/uploads\/2022\/02\/Freeze_01-1.png 1000w, https:\/\/fecoporto.com\/wp-content\/uploads\/2022\/02\/Freeze_01-1-222x300.png 222w, https:\/\/fecoporto.com\/wp-content\/uploads\/2022\/02\/Freeze_01-1-798x1080.png 798w, https:\/\/fecoporto.com\/wp-content\/uploads\/2022\/02\/Freeze_01-1-111x150.png 111w, https:\/\/fecoporto.com\/wp-content\/uploads\/2022\/02\/Freeze_01-1-768x1039.png 768w\" sizes=\"(max-width: 1000px) 100vw, 1000px\" \/>\t\t\t\t\t\t\t\t\t\t\t\t\t\t\t<\/div>\n\t\t\t\t<\/div>\n\t\t\t\t<div class=\"elementor-element elementor-element-5ca196f elementor-widget elementor-widget-image\" data-id=\"5ca196f\" data-element_type=\"widget\" data-e-type=\"widget\" data-widget_type=\"image.default\">\n\t\t\t\t<div class=\"elementor-widget-container\">\n\t\t\t\t\t\t\t\t\t\t\t\t\t\t\t<img decoding=\"async\" width=\"1000\" height=\"1077\" src=\"https:\/\/fecoporto.com\/wp-content\/uploads\/2022\/02\/Freeze_02.png\" class=\"attachment-full size-full wp-image-2534\" alt=\"\" srcset=\"https:\/\/fecoporto.com\/wp-content\/uploads\/2022\/02\/Freeze_02.png 1000w, https:\/\/fecoporto.com\/wp-content\/uploads\/2022\/02\/Freeze_02-279x300.png 279w, https:\/\/fecoporto.com\/wp-content\/uploads\/2022\/02\/Freeze_02-139x150.png 139w, https:\/\/fecoporto.com\/wp-content\/uploads\/2022\/02\/Freeze_02-768x827.png 768w\" sizes=\"(max-width: 1000px) 100vw, 1000px\" \/>\t\t\t\t\t\t\t\t\t\t\t\t\t\t\t<\/div>\n\t\t\t\t<\/div>\n\t\t\t\t<div class=\"elementor-element elementor-element-8d15f16 elementor-widget elementor-widget-image\" data-id=\"8d15f16\" data-element_type=\"widget\" data-e-type=\"widget\" data-widget_type=\"image.default\">\n\t\t\t\t<div class=\"elementor-widget-container\">\n\t\t\t\t\t\t\t\t\t\t\t\t\t\t\t<img decoding=\"async\" width=\"1000\" height=\"1009\" src=\"https:\/\/fecoporto.com\/wp-content\/uploads\/2022\/02\/Freeze_03.png\" class=\"attachment-full size-full wp-image-2535\" alt=\"\" srcset=\"https:\/\/fecoporto.com\/wp-content\/uploads\/2022\/02\/Freeze_03.png 1000w, https:\/\/fecoporto.com\/wp-content\/uploads\/2022\/02\/Freeze_03-297x300.png 297w, https:\/\/fecoporto.com\/wp-content\/uploads\/2022\/02\/Freeze_03-150x150.png 150w, https:\/\/fecoporto.com\/wp-content\/uploads\/2022\/02\/Freeze_03-768x775.png 768w\" sizes=\"(max-width: 1000px) 100vw, 1000px\" \/>\t\t\t\t\t\t\t\t\t\t\t\t\t\t\t<\/div>\n\t\t\t\t<\/div>\n\t\t\t\t<div class=\"elementor-element elementor-element-64bbff8 elementor-widget elementor-widget-image\" data-id=\"64bbff8\" data-element_type=\"widget\" data-e-type=\"widget\" data-widget_type=\"image.default\">\n\t\t\t\t<div class=\"elementor-widget-container\">\n\t\t\t\t\t\t\t\t\t\t\t\t\t\t\t<img loading=\"lazy\" decoding=\"async\" width=\"1000\" height=\"1262\" src=\"https:\/\/fecoporto.com\/wp-content\/uploads\/2022\/02\/Freeze_04.png\" class=\"attachment-full size-full wp-image-2555\" alt=\"\" srcset=\"https:\/\/fecoporto.com\/wp-content\/uploads\/2022\/02\/Freeze_04.png 1000w, https:\/\/fecoporto.com\/wp-content\/uploads\/2022\/02\/Freeze_04-238x300.png 238w, https:\/\/fecoporto.com\/wp-content\/uploads\/2022\/02\/Freeze_04-856x1080.png 856w, https:\/\/fecoporto.com\/wp-content\/uploads\/2022\/02\/Freeze_04-119x150.png 119w, https:\/\/fecoporto.com\/wp-content\/uploads\/2022\/02\/Freeze_04-768x969.png 768w\" sizes=\"(max-width: 1000px) 100vw, 1000px\" \/>\t\t\t\t\t\t\t\t\t\t\t\t\t\t\t<\/div>\n\t\t\t\t<\/div>\n\t\t\t\t<div class=\"elementor-element elementor-element-c42fc05 elementor-widget elementor-widget-image\" data-id=\"c42fc05\" data-element_type=\"widget\" data-e-type=\"widget\" data-widget_type=\"image.default\">\n\t\t\t\t<div class=\"elementor-widget-container\">\n\t\t\t\t\t\t\t\t\t\t\t\t\t\t\t<img loading=\"lazy\" decoding=\"async\" width=\"1000\" height=\"1696\" src=\"https:\/\/fecoporto.com\/wp-content\/uploads\/2022\/02\/Freeze_05.png\" class=\"attachment-full size-full wp-image-2556\" alt=\"\" srcset=\"https:\/\/fecoporto.com\/wp-content\/uploads\/2022\/02\/Freeze_05.png 1000w, https:\/\/fecoporto.com\/wp-content\/uploads\/2022\/02\/Freeze_05-177x300.png 177w, https:\/\/fecoporto.com\/wp-content\/uploads\/2022\/02\/Freeze_05-637x1080.png 637w, https:\/\/fecoporto.com\/wp-content\/uploads\/2022\/02\/Freeze_05-88x150.png 88w, https:\/\/fecoporto.com\/wp-content\/uploads\/2022\/02\/Freeze_05-768x1303.png 768w, https:\/\/fecoporto.com\/wp-content\/uploads\/2022\/02\/Freeze_05-906x1536.png 906w\" sizes=\"(max-width: 1000px) 100vw, 1000px\" \/>\t\t\t\t\t\t\t\t\t\t\t\t\t\t\t<\/div>\n\t\t\t\t<\/div>\n\t\t\t\t<div class=\"elementor-element elementor-element-75933ab elementor-widget elementor-widget-image\" data-id=\"75933ab\" data-element_type=\"widget\" data-e-type=\"widget\" data-widget_type=\"image.default\">\n\t\t\t\t<div class=\"elementor-widget-container\">\n\t\t\t\t\t\t\t\t\t\t\t\t\t\t\t<img loading=\"lazy\" decoding=\"async\" width=\"1000\" height=\"1586\" src=\"https:\/\/fecoporto.com\/wp-content\/uploads\/2022\/02\/Freeze_06.png\" class=\"attachment-full size-full wp-image-2557\" alt=\"\" srcset=\"https:\/\/fecoporto.com\/wp-content\/uploads\/2022\/02\/Freeze_06.png 1000w, https:\/\/fecoporto.com\/wp-content\/uploads\/2022\/02\/Freeze_06-189x300.png 189w, https:\/\/fecoporto.com\/wp-content\/uploads\/2022\/02\/Freeze_06-681x1080.png 681w, https:\/\/fecoporto.com\/wp-content\/uploads\/2022\/02\/Freeze_06-95x150.png 95w, https:\/\/fecoporto.com\/wp-content\/uploads\/2022\/02\/Freeze_06-768x1218.png 768w, https:\/\/fecoporto.com\/wp-content\/uploads\/2022\/02\/Freeze_06-968x1536.png 968w\" sizes=\"(max-width: 1000px) 100vw, 1000px\" \/>\t\t\t\t\t\t\t\t\t\t\t\t\t\t\t<\/div>\n\t\t\t\t<\/div>\n\t\t\t\t<div class=\"elementor-element elementor-element-575d06d elementor-widget elementor-widget-image\" data-id=\"575d06d\" data-element_type=\"widget\" data-e-type=\"widget\" data-widget_type=\"image.default\">\n\t\t\t\t<div class=\"elementor-widget-container\">\n\t\t\t\t\t\t\t\t\t\t\t\t\t\t\t<img loading=\"lazy\" decoding=\"async\" width=\"1000\" height=\"800\" src=\"https:\/\/fecoporto.com\/wp-content\/uploads\/2022\/02\/Freeze_07.png\" class=\"attachment-full size-full wp-image-2539\" alt=\"\" srcset=\"https:\/\/fecoporto.com\/wp-content\/uploads\/2022\/02\/Freeze_07.png 1000w, https:\/\/fecoporto.com\/wp-content\/uploads\/2022\/02\/Freeze_07-300x240.png 300w, https:\/\/fecoporto.com\/wp-content\/uploads\/2022\/02\/Freeze_07-150x120.png 150w, https:\/\/fecoporto.com\/wp-content\/uploads\/2022\/02\/Freeze_07-768x614.png 768w\" sizes=\"(max-width: 1000px) 100vw, 1000px\" \/>\t\t\t\t\t\t\t\t\t\t\t\t\t\t\t<\/div>\n\t\t\t\t<\/div>\n\t\t\t\t\t<\/div>\n\t\t<\/div>\n\t\t\t\t\t<\/div>\n\t\t<\/section>\n\t\t\t\t<section class=\"elementor-section elementor-top-section elementor-element elementor-element-a8629fb elementor-section-boxed elementor-section-height-default elementor-section-height-default\" data-id=\"a8629fb\" data-element_type=\"section\" data-e-type=\"section\">\n\t\t\t\t\t\t<div class=\"elementor-container elementor-column-gap-default\">\n\t\t\t\t\t<div class=\"elementor-column elementor-col-100 elementor-top-column elementor-element elementor-element-318400f\" data-id=\"318400f\" data-element_type=\"column\" data-e-type=\"column\">\n\t\t\t<div class=\"elementor-widget-wrap elementor-element-populated\">\n\t\t\t\t\t\t<div class=\"elementor-element elementor-element-f75d7ad elementor-align-center elementor-widget elementor-widget-button\" data-id=\"f75d7ad\" data-element_type=\"widget\" data-e-type=\"widget\" data-widget_type=\"button.default\">\n\t\t\t\t<div class=\"elementor-widget-container\">\n\t\t\t\t\t\t\t\t\t<div class=\"elementor-button-wrapper\">\n\t\t\t\t\t<a class=\"elementor-button elementor-button-link elementor-size-sm\" href=\"https:\/\/fecoporto.com\">\n\t\t\t\t\t\t<span class=\"elementor-button-content-wrapper\">\n\t\t\t\t\t\t\t\t\t<span class=\"elementor-button-text\">Voltar<\/span>\n\t\t\t\t\t<\/span>\n\t\t\t\t\t<\/a>\n\t\t\t\t<\/div>\n\t\t\t\t\t\t\t\t<\/div>\n\t\t\t\t<\/div>\n\t\t\t\t\t<\/div>\n\t\t<\/div>\n\t\t\t\t\t<\/div>\n\t\t<\/section>\n\t\t\t\t<\/div>\n\t\t","protected":false},"excerpt":{"rendered":"<p>Freeze &#8211; Embalagens Tive o prazer de elaborar as embalagens e papelaria institucional para a Freeze &#8211;\u00a0uma marca de sorvete saud\u00e1veis, sem lactose, sem adi\u00e7\u00e3o de a\u00e7\u00facar e sem gl\u00faten. Est\u00fadio: Giology Studio. Voltar<\/p>\n","protected":false},"author":1,"featured_media":0,"parent":0,"menu_order":0,"comment_status":"closed","ping_status":"closed","template":"","meta":{"site-sidebar-layout":"no-sidebar","site-content-layout":"page-builder","ast-site-content-layout":"default","site-content-style":"default","site-sidebar-style":"default","ast-global-header-display":"","ast-banner-title-visibility":"","ast-main-header-display":"","ast-hfb-above-header-display":"","ast-hfb-below-header-display":"","ast-hfb-mobile-header-display":"","site-post-title":"disabled","ast-breadcrumbs-content":"","ast-featured-img":"disabled","footer-sml-layout":"","ast-disable-related-posts":"","theme-transparent-header-meta":"default","adv-header-id-meta":"","stick-header-meta":"","header-above-stick-meta":"","header-main-stick-meta":"","header-below-stick-meta":"","astra-migrate-meta-layouts":"default","ast-page-background-enabled":"default","ast-page-background-meta":{"desktop":{"background-color":"","background-image":"","background-repeat":"repeat","background-position":"center center","background-size":"auto","background-attachment":"scroll","background-type":"","background-media":"","overlay-type":"","overlay-color":"","overlay-opacity":"","overlay-gradient":""},"tablet":{"background-color":"","background-image":"","background-repeat":"repeat","background-position":"center center","background-size":"auto","background-attachment":"scroll","background-type":"","background-media":"","overlay-type":"","overlay-color":"","overlay-opacity":"","overlay-gradient":""},"mobile":{"background-color":"","background-image":"","background-repeat":"repeat","background-position":"center center","background-size":"auto","background-attachment":"scroll","background-type":"","background-media":"","overlay-type":"","overlay-color":"","overlay-opacity":"","overlay-gradient":""}},"ast-content-background-meta":{"desktop":{"background-color":"var(--ast-global-color-5)","background-image":"","background-repeat":"repeat","background-position":"center center","background-size":"auto","background-attachment":"scroll","background-type":"","background-media":"","overlay-type":"","overlay-color":"","overlay-opacity":"","overlay-gradient":""},"tablet":{"background-color":"var(--ast-global-color-5)","background-image":"","background-repeat":"repeat","background-position":"center center","background-size":"auto","background-attachment":"scroll","background-type":"","background-media":"","overlay-type":"","overlay-color":"","overlay-opacity":"","overlay-gradient":""},"mobile":{"background-color":"var(--ast-global-color-5)","background-image":"","background-repeat":"repeat","background-position":"center center","background-size":"auto","background-attachment":"scroll","background-type":"","background-media":"","overlay-type":"","overlay-color":"","overlay-opacity":"","overlay-gradient":""}},"footnotes":""},"class_list":["post-2521","page","type-page","status-publish","hentry"],"_links":{"self":[{"href":"https:\/\/fecoporto.com\/pt_br\/wp-json\/wp\/v2\/pages\/2521","targetHints":{"allow":["GET"]}}],"collection":[{"href":"https:\/\/fecoporto.com\/pt_br\/wp-json\/wp\/v2\/pages"}],"about":[{"href":"https:\/\/fecoporto.com\/pt_br\/wp-json\/wp\/v2\/types\/page"}],"author":[{"embeddable":true,"href":"https:\/\/fecoporto.com\/pt_br\/wp-json\/wp\/v2\/users\/1"}],"replies":[{"embeddable":true,"href":"https:\/\/fecoporto.com\/pt_br\/wp-json\/wp\/v2\/comments?post=2521"}],"version-history":[{"count":13,"href":"https:\/\/fecoporto.com\/pt_br\/wp-json\/wp\/v2\/pages\/2521\/revisions"}],"predecessor-version":[{"id":2584,"href":"https:\/\/fecoporto.com\/pt_br\/wp-json\/wp\/v2\/pages\/2521\/revisions\/2584"}],"wp:attachment":[{"href":"https:\/\/fecoporto.com\/pt_br\/wp-json\/wp\/v2\/media?parent=2521"}],"curies":[{"name":"wp","href":"https:\/\/api.w.org\/{rel}","templated":true}]}}