{"id":2424,"date":"2022-02-01T18:58:35","date_gmt":"2022-02-01T21:58:35","guid":{"rendered":"https:\/\/fecoporto.com\/?page_id=2424"},"modified":"2022-02-03T14:34:00","modified_gmt":"2022-02-03T17:34:00","slug":"ace-growth-summit","status":"publish","type":"page","link":"https:\/\/fecoporto.com\/pt_br\/ace-growth-summit\/","title":{"rendered":"ACE &#8211; Growth Summit"},"content":{"rendered":"\t\t<div data-elementor-type=\"wp-page\" data-elementor-id=\"2424\" class=\"elementor elementor-2424\">\n\t\t\t\t\t\t<section class=\"elementor-section elementor-top-section elementor-element elementor-element-386d312 elementor-section-boxed elementor-section-height-default elementor-section-height-default\" data-id=\"386d312\" data-element_type=\"section\" data-e-type=\"section\">\n\t\t\t\t\t\t<div class=\"elementor-container elementor-column-gap-default\">\n\t\t\t\t\t<div class=\"elementor-column elementor-col-100 elementor-top-column elementor-element elementor-element-6636e54\" data-id=\"6636e54\" data-element_type=\"column\" data-e-type=\"column\">\n\t\t\t<div class=\"elementor-widget-wrap elementor-element-populated\">\n\t\t\t\t\t\t<div class=\"elementor-element elementor-element-3bad82c elementor-widget elementor-widget-heading\" data-id=\"3bad82c\" data-element_type=\"widget\" data-e-type=\"widget\" data-widget_type=\"heading.default\">\n\t\t\t\t<div class=\"elementor-widget-container\">\n\t\t\t\t\t<h2 class=\"elementor-heading-title elementor-size-default\">Ace - Growth Summit<\/h2>\t\t\t\t<\/div>\n\t\t\t\t<\/div>\n\t\t\t\t<div class=\"elementor-element elementor-element-b341a20 elementor-widget elementor-widget-text-editor\" data-id=\"b341a20\" data-element_type=\"widget\" data-e-type=\"widget\" data-widget_type=\"text-editor.default\">\n\t\t\t\t<div class=\"elementor-widget-container\">\n\t\t\t\t\t\t\t\t\t<p>Growth Summit BR foi um encontro que reuniu 600 pessoas para debater inova\u00e7\u00e3o, investimento e empreendedorismo. Tive a oportunidade de criar e desdobrar as pe\u00e7as gr\u00e1ficas para o evento, tais como: crach\u00e1 e cord\u00e3o de identifica\u00e7\u00e3o; banners e backdrops; cartazes e placas de sinaliza\u00e7\u00e3o.<\/p>\t\t\t\t\t\t\t\t<\/div>\n\t\t\t\t<\/div>\n\t\t\t\t\t<\/div>\n\t\t<\/div>\n\t\t\t\t\t<\/div>\n\t\t<\/section>\n\t\t\t\t<section class=\"elementor-section elementor-top-section elementor-element elementor-element-370b423 elementor-section-boxed elementor-section-height-default elementor-section-height-default\" data-id=\"370b423\" data-element_type=\"section\" data-e-type=\"section\">\n\t\t\t\t\t\t<div class=\"elementor-container elementor-column-gap-default\">\n\t\t\t\t\t<div class=\"elementor-column elementor-col-100 elementor-top-column elementor-element elementor-element-47fd56e\" data-id=\"47fd56e\" data-element_type=\"column\" data-e-type=\"column\">\n\t\t\t<div class=\"elementor-widget-wrap elementor-element-populated\">\n\t\t\t\t\t\t<div class=\"elementor-element elementor-element-ec104f3 elementor-widget elementor-widget-image\" data-id=\"ec104f3\" data-element_type=\"widget\" data-e-type=\"widget\" data-widget_type=\"image.default\">\n\t\t\t\t<div class=\"elementor-widget-container\">\n\t\t\t\t\t\t\t\t\t\t\t\t\t\t\t<img fetchpriority=\"high\" decoding=\"async\" width=\"1748\" height=\"2331\" src=\"https:\/\/fecoporto.com\/wp-content\/uploads\/2020\/02\/Layout_BehanceACE_01-1.png\" class=\"attachment-full size-full wp-image-21\" alt=\"\" srcset=\"https:\/\/fecoporto.com\/wp-content\/uploads\/2020\/02\/Layout_BehanceACE_01-1.png 1748w, https:\/\/fecoporto.com\/wp-content\/uploads\/2020\/02\/Layout_BehanceACE_01-1-225x300.png 225w, https:\/\/fecoporto.com\/wp-content\/uploads\/2020\/02\/Layout_BehanceACE_01-1-768x1024.png 768w, https:\/\/fecoporto.com\/wp-content\/uploads\/2020\/02\/Layout_BehanceACE_01-1-1152x1536.png 1152w, https:\/\/fecoporto.com\/wp-content\/uploads\/2020\/02\/Layout_BehanceACE_01-1-1536x2048.png 1536w, https:\/\/fecoporto.com\/wp-content\/uploads\/2020\/02\/Layout_BehanceACE_01-1-400x533.png 400w, https:\/\/fecoporto.com\/wp-content\/uploads\/2020\/02\/Layout_BehanceACE_01-1-800x1067.png 800w\" sizes=\"(max-width: 1748px) 100vw, 1748px\" \/>\t\t\t\t\t\t\t\t\t\t\t\t\t\t\t<\/div>\n\t\t\t\t<\/div>\n\t\t\t\t<div class=\"elementor-element elementor-element-0846e11 elementor-widget elementor-widget-image\" data-id=\"0846e11\" data-element_type=\"widget\" data-e-type=\"widget\" data-widget_type=\"image.default\">\n\t\t\t\t<div class=\"elementor-widget-container\">\n\t\t\t\t\t\t\t\t\t\t\t\t\t\t\t<img decoding=\"async\" width=\"1748\" height=\"1526\" src=\"https:\/\/fecoporto.com\/wp-content\/uploads\/2020\/02\/Layout_BehanceACE_02.png\" class=\"attachment-full size-full wp-image-22\" alt=\"\" srcset=\"https:\/\/fecoporto.com\/wp-content\/uploads\/2020\/02\/Layout_BehanceACE_02.png 1748w, https:\/\/fecoporto.com\/wp-content\/uploads\/2020\/02\/Layout_BehanceACE_02-300x262.png 300w, https:\/\/fecoporto.com\/wp-content\/uploads\/2020\/02\/Layout_BehanceACE_02-1024x894.png 1024w, https:\/\/fecoporto.com\/wp-content\/uploads\/2020\/02\/Layout_BehanceACE_02-768x670.png 768w, https:\/\/fecoporto.com\/wp-content\/uploads\/2020\/02\/Layout_BehanceACE_02-1536x1341.png 1536w, https:\/\/fecoporto.com\/wp-content\/uploads\/2020\/02\/Layout_BehanceACE_02-400x349.png 400w, https:\/\/fecoporto.com\/wp-content\/uploads\/2020\/02\/Layout_BehanceACE_02-800x698.png 800w\" sizes=\"(max-width: 1748px) 100vw, 1748px\" \/>\t\t\t\t\t\t\t\t\t\t\t\t\t\t\t<\/div>\n\t\t\t\t<\/div>\n\t\t\t\t<div class=\"elementor-element elementor-element-66f8c34 elementor-widget elementor-widget-image\" data-id=\"66f8c34\" data-element_type=\"widget\" data-e-type=\"widget\" data-widget_type=\"image.default\">\n\t\t\t\t<div class=\"elementor-widget-container\">\n\t\t\t\t\t\t\t\t\t\t\t\t\t\t\t<img decoding=\"async\" width=\"1748\" height=\"1745\" src=\"https:\/\/fecoporto.com\/wp-content\/uploads\/2020\/02\/Layout_BehanceACE_03.png\" class=\"attachment-full size-full wp-image-23\" alt=\"\" srcset=\"https:\/\/fecoporto.com\/wp-content\/uploads\/2020\/02\/Layout_BehanceACE_03.png 1748w, https:\/\/fecoporto.com\/wp-content\/uploads\/2020\/02\/Layout_BehanceACE_03-300x300.png 300w, https:\/\/fecoporto.com\/wp-content\/uploads\/2020\/02\/Layout_BehanceACE_03-1024x1022.png 1024w, https:\/\/fecoporto.com\/wp-content\/uploads\/2020\/02\/Layout_BehanceACE_03-150x150.png 150w, https:\/\/fecoporto.com\/wp-content\/uploads\/2020\/02\/Layout_BehanceACE_03-768x767.png 768w, https:\/\/fecoporto.com\/wp-content\/uploads\/2020\/02\/Layout_BehanceACE_03-1536x1533.png 1536w, https:\/\/fecoporto.com\/wp-content\/uploads\/2020\/02\/Layout_BehanceACE_03-400x399.png 400w, https:\/\/fecoporto.com\/wp-content\/uploads\/2020\/02\/Layout_BehanceACE_03-800x799.png 800w\" sizes=\"(max-width: 1748px) 100vw, 1748px\" \/>\t\t\t\t\t\t\t\t\t\t\t\t\t\t\t<\/div>\n\t\t\t\t<\/div>\n\t\t\t\t<div class=\"elementor-element elementor-element-71c9a22 elementor-widget elementor-widget-image\" data-id=\"71c9a22\" data-element_type=\"widget\" data-e-type=\"widget\" data-widget_type=\"image.default\">\n\t\t\t\t<div class=\"elementor-widget-container\">\n\t\t\t\t\t\t\t\t\t\t\t\t\t\t\t<img loading=\"lazy\" decoding=\"async\" width=\"1748\" height=\"1914\" src=\"https:\/\/fecoporto.com\/wp-content\/uploads\/2020\/02\/Layout_BehanceACE_04.png\" class=\"attachment-full size-full wp-image-24\" alt=\"\" srcset=\"https:\/\/fecoporto.com\/wp-content\/uploads\/2020\/02\/Layout_BehanceACE_04.png 1748w, https:\/\/fecoporto.com\/wp-content\/uploads\/2020\/02\/Layout_BehanceACE_04-274x300.png 274w, https:\/\/fecoporto.com\/wp-content\/uploads\/2020\/02\/Layout_BehanceACE_04-935x1024.png 935w, https:\/\/fecoporto.com\/wp-content\/uploads\/2020\/02\/Layout_BehanceACE_04-768x841.png 768w, https:\/\/fecoporto.com\/wp-content\/uploads\/2020\/02\/Layout_BehanceACE_04-1403x1536.png 1403w, https:\/\/fecoporto.com\/wp-content\/uploads\/2020\/02\/Layout_BehanceACE_04-400x438.png 400w, https:\/\/fecoporto.com\/wp-content\/uploads\/2020\/02\/Layout_BehanceACE_04-800x876.png 800w\" sizes=\"(max-width: 1748px) 100vw, 1748px\" \/>\t\t\t\t\t\t\t\t\t\t\t\t\t\t\t<\/div>\n\t\t\t\t<\/div>\n\t\t\t\t\t<\/div>\n\t\t<\/div>\n\t\t\t\t\t<\/div>\n\t\t<\/section>\n\t\t\t\t<section class=\"elementor-section elementor-top-section elementor-element elementor-element-a8629fb elementor-section-boxed elementor-section-height-default elementor-section-height-default\" data-id=\"a8629fb\" data-element_type=\"section\" data-e-type=\"section\">\n\t\t\t\t\t\t<div class=\"elementor-container elementor-column-gap-default\">\n\t\t\t\t\t<div class=\"elementor-column elementor-col-100 elementor-top-column elementor-element elementor-element-318400f\" data-id=\"318400f\" data-element_type=\"column\" data-e-type=\"column\">\n\t\t\t<div class=\"elementor-widget-wrap elementor-element-populated\">\n\t\t\t\t\t\t<div class=\"elementor-element elementor-element-f75d7ad elementor-align-center elementor-widget elementor-widget-button\" data-id=\"f75d7ad\" data-element_type=\"widget\" data-e-type=\"widget\" data-widget_type=\"button.default\">\n\t\t\t\t<div class=\"elementor-widget-container\">\n\t\t\t\t\t\t\t\t\t<div class=\"elementor-button-wrapper\">\n\t\t\t\t\t<a class=\"elementor-button elementor-button-link elementor-size-sm\" href=\"https:\/\/fecoporto.com\">\n\t\t\t\t\t\t<span class=\"elementor-button-content-wrapper\">\n\t\t\t\t\t\t\t\t\t<span class=\"elementor-button-text\">Voltar<\/span>\n\t\t\t\t\t<\/span>\n\t\t\t\t\t<\/a>\n\t\t\t\t<\/div>\n\t\t\t\t\t\t\t\t<\/div>\n\t\t\t\t<\/div>\n\t\t\t\t\t<\/div>\n\t\t<\/div>\n\t\t\t\t\t<\/div>\n\t\t<\/section>\n\t\t\t\t<\/div>\n\t\t","protected":false},"excerpt":{"rendered":"<p>Ace &#8211; Growth Summit Growth Summit BR foi um encontro que reuniu 600 pessoas para debater inova\u00e7\u00e3o, investimento e empreendedorismo. Tive a oportunidade de criar e desdobrar as pe\u00e7as gr\u00e1ficas para o evento, tais como: crach\u00e1 e cord\u00e3o de identifica\u00e7\u00e3o; banners e backdrops; cartazes e placas de sinaliza\u00e7\u00e3o. Voltar<\/p>\n","protected":false},"author":1,"featured_media":0,"parent":0,"menu_order":0,"comment_status":"closed","ping_status":"closed","template":"","meta":{"site-sidebar-layout":"no-sidebar","site-content-layout":"page-builder","ast-site-content-layout":"default","site-content-style":"default","site-sidebar-style":"default","ast-global-header-display":"","ast-banner-title-visibility":"","ast-main-header-display":"","ast-hfb-above-header-display":"","ast-hfb-below-header-display":"","ast-hfb-mobile-header-display":"","site-post-title":"disabled","ast-breadcrumbs-content":"","ast-featured-img":"disabled","footer-sml-layout":"","ast-disable-related-posts":"","theme-transparent-header-meta":"default","adv-header-id-meta":"","stick-header-meta":"","header-above-stick-meta":"","header-main-stick-meta":"","header-below-stick-meta":"","astra-migrate-meta-layouts":"default","ast-page-background-enabled":"default","ast-page-background-meta":{"desktop":{"background-color":"","background-image":"","background-repeat":"repeat","background-position":"center center","background-size":"auto","background-attachment":"scroll","background-type":"","background-media":"","overlay-type":"","overlay-color":"","overlay-opacity":"","overlay-gradient":""},"tablet":{"background-color":"","background-image":"","background-repeat":"repeat","background-position":"center center","background-size":"auto","background-attachment":"scroll","background-type":"","background-media":"","overlay-type":"","overlay-color":"","overlay-opacity":"","overlay-gradient":""},"mobile":{"background-color":"","background-image":"","background-repeat":"repeat","background-position":"center center","background-size":"auto","background-attachment":"scroll","background-type":"","background-media":"","overlay-type":"","overlay-color":"","overlay-opacity":"","overlay-gradient":""}},"ast-content-background-meta":{"desktop":{"background-color":"var(--ast-global-color-5)","background-image":"","background-repeat":"repeat","background-position":"center center","background-size":"auto","background-attachment":"scroll","background-type":"","background-media":"","overlay-type":"","overlay-color":"","overlay-opacity":"","overlay-gradient":""},"tablet":{"background-color":"var(--ast-global-color-5)","background-image":"","background-repeat":"repeat","background-position":"center center","background-size":"auto","background-attachment":"scroll","background-type":"","background-media":"","overlay-type":"","overlay-color":"","overlay-opacity":"","overlay-gradient":""},"mobile":{"background-color":"var(--ast-global-color-5)","background-image":"","background-repeat":"repeat","background-position":"center center","background-size":"auto","background-attachment":"scroll","background-type":"","background-media":"","overlay-type":"","overlay-color":"","overlay-opacity":"","overlay-gradient":""}},"footnotes":""},"class_list":["post-2424","page","type-page","status-publish","hentry"],"_links":{"self":[{"href":"https:\/\/fecoporto.com\/pt_br\/wp-json\/wp\/v2\/pages\/2424","targetHints":{"allow":["GET"]}}],"collection":[{"href":"https:\/\/fecoporto.com\/pt_br\/wp-json\/wp\/v2\/pages"}],"about":[{"href":"https:\/\/fecoporto.com\/pt_br\/wp-json\/wp\/v2\/types\/page"}],"author":[{"embeddable":true,"href":"https:\/\/fecoporto.com\/pt_br\/wp-json\/wp\/v2\/users\/1"}],"replies":[{"embeddable":true,"href":"https:\/\/fecoporto.com\/pt_br\/wp-json\/wp\/v2\/comments?post=2424"}],"version-history":[{"count":14,"href":"https:\/\/fecoporto.com\/pt_br\/wp-json\/wp\/v2\/pages\/2424\/revisions"}],"predecessor-version":[{"id":2509,"href":"https:\/\/fecoporto.com\/pt_br\/wp-json\/wp\/v2\/pages\/2424\/revisions\/2509"}],"wp:attachment":[{"href":"https:\/\/fecoporto.com\/pt_br\/wp-json\/wp\/v2\/media?parent=2424"}],"curies":[{"name":"wp","href":"https:\/\/api.w.org\/{rel}","templated":true}]}}