{"id":2295,"date":"2021-01-01T23:41:21","date_gmt":"2021-01-02T02:41:21","guid":{"rendered":"http:\/\/fecoporto.com\/?page_id=2295"},"modified":"2021-01-27T17:56:01","modified_gmt":"2021-01-27T20:56:01","slug":"bauducco-pao","status":"publish","type":"page","link":"https:\/\/fecoporto.com\/pt_br\/bauducco-pao\/","title":{"rendered":"Bauducco &#8211; P\u00e3o de Fermenta\u00e7\u00e3o Natural"},"content":{"rendered":"\t\t<div data-elementor-type=\"wp-page\" data-elementor-id=\"2295\" class=\"elementor elementor-2295\">\n\t\t\t\t\t\t<section class=\"elementor-section elementor-top-section elementor-element elementor-element-386d312 elementor-section-boxed elementor-section-height-default elementor-section-height-default\" data-id=\"386d312\" data-element_type=\"section\" data-e-type=\"section\">\n\t\t\t\t\t\t<div class=\"elementor-container elementor-column-gap-default\">\n\t\t\t\t\t<div class=\"elementor-column elementor-col-100 elementor-top-column elementor-element elementor-element-6636e54\" data-id=\"6636e54\" data-element_type=\"column\" data-e-type=\"column\">\n\t\t\t<div class=\"elementor-widget-wrap elementor-element-populated\">\n\t\t\t\t\t\t<div class=\"elementor-element elementor-element-3bad82c elementor-widget elementor-widget-heading\" data-id=\"3bad82c\" data-element_type=\"widget\" data-e-type=\"widget\" data-widget_type=\"heading.default\">\n\t\t\t\t<div class=\"elementor-widget-container\">\n\t\t\t\t\t<h2 class=\"elementor-heading-title elementor-size-default\">Bauducco - P\u00e3o de Fermenta\u00e7\u00e3o Natural<\/h2>\t\t\t\t<\/div>\n\t\t\t\t<\/div>\n\t\t\t\t<div class=\"elementor-element elementor-element-b341a20 elementor-widget elementor-widget-text-editor\" data-id=\"b341a20\" data-element_type=\"widget\" data-e-type=\"widget\" data-widget_type=\"text-editor.default\">\n\t\t\t\t<div class=\"elementor-widget-container\">\n\t\t\t\t\t\t\t\t\t<p>Elabora\u00e7\u00e3o e cria\u00e7\u00e3o dos materiais impressos para divulgar a nova linha de p\u00e3es com fermenta\u00e7\u00e3o natural da Bauducco nas redes de super e hipermercado do Brasil. Renders 3D por Bia Fernandes. Ag\u00eancia: <a href=\"http:\/\/sagaranacomunicacao.com.br\" target=\"_blank\" rel=\"noopener\">Sagarana Comunica\u00e7\u00e3o<\/a>.<\/p>\t\t\t\t\t\t\t\t<\/div>\n\t\t\t\t<\/div>\n\t\t\t\t\t<\/div>\n\t\t<\/div>\n\t\t\t\t\t<\/div>\n\t\t<\/section>\n\t\t\t\t<section class=\"elementor-section elementor-top-section elementor-element elementor-element-370b423 elementor-section-boxed elementor-section-height-default elementor-section-height-default\" data-id=\"370b423\" data-element_type=\"section\" data-e-type=\"section\">\n\t\t\t\t\t\t<div class=\"elementor-container elementor-column-gap-default\">\n\t\t\t\t\t<div class=\"elementor-column elementor-col-100 elementor-top-column elementor-element elementor-element-47fd56e\" data-id=\"47fd56e\" data-element_type=\"column\" data-e-type=\"column\">\n\t\t\t<div class=\"elementor-widget-wrap elementor-element-populated\">\n\t\t\t\t\t\t<div class=\"elementor-element elementor-element-ec104f3 elementor-widget elementor-widget-image\" data-id=\"ec104f3\" data-element_type=\"widget\" data-e-type=\"widget\" data-widget_type=\"image.default\">\n\t\t\t\t<div class=\"elementor-widget-container\">\n\t\t\t\t\t\t\t\t\t\t\t\t\t\t\t<img fetchpriority=\"high\" decoding=\"async\" width=\"629\" height=\"418\" src=\"https:\/\/fecoporto.com\/wp-content\/uploads\/2021\/01\/Pao_DisplayCavalete1.jpg\" class=\"attachment-large size-large wp-image-2247\" alt=\"\" srcset=\"https:\/\/fecoporto.com\/wp-content\/uploads\/2021\/01\/Pao_DisplayCavalete1.jpg 629w, https:\/\/fecoporto.com\/wp-content\/uploads\/2021\/01\/Pao_DisplayCavalete1-300x199.jpg 300w, https:\/\/fecoporto.com\/wp-content\/uploads\/2021\/01\/Pao_DisplayCavalete1-150x100.jpg 150w\" sizes=\"(max-width: 629px) 100vw, 629px\" \/>\t\t\t\t\t\t\t\t\t\t\t\t\t\t\t<\/div>\n\t\t\t\t<\/div>\n\t\t\t\t<div class=\"elementor-element elementor-element-5ca196f elementor-widget elementor-widget-image\" data-id=\"5ca196f\" data-element_type=\"widget\" data-e-type=\"widget\" data-widget_type=\"image.default\">\n\t\t\t\t<div class=\"elementor-widget-container\">\n\t\t\t\t\t\t\t\t\t\t\t\t\t\t\t<img decoding=\"async\" width=\"629\" height=\"418\" src=\"https:\/\/fecoporto.com\/wp-content\/uploads\/2021\/01\/Pao_DisplayCavalete2.jpg\" class=\"attachment-large size-large wp-image-2248\" alt=\"\" srcset=\"https:\/\/fecoporto.com\/wp-content\/uploads\/2021\/01\/Pao_DisplayCavalete2.jpg 629w, https:\/\/fecoporto.com\/wp-content\/uploads\/2021\/01\/Pao_DisplayCavalete2-300x199.jpg 300w, https:\/\/fecoporto.com\/wp-content\/uploads\/2021\/01\/Pao_DisplayCavalete2-150x100.jpg 150w\" sizes=\"(max-width: 629px) 100vw, 629px\" \/>\t\t\t\t\t\t\t\t\t\t\t\t\t\t\t<\/div>\n\t\t\t\t<\/div>\n\t\t\t\t<div class=\"elementor-element elementor-element-8d15f16 elementor-widget elementor-widget-image\" data-id=\"8d15f16\" data-element_type=\"widget\" data-e-type=\"widget\" data-widget_type=\"image.default\">\n\t\t\t\t<div class=\"elementor-widget-container\">\n\t\t\t\t\t\t\t\t\t\t\t\t\t\t\t<img decoding=\"async\" width=\"629\" height=\"418\" src=\"https:\/\/fecoporto.com\/wp-content\/uploads\/2021\/01\/Pao_DisplayPremium2.jpg\" class=\"attachment-large size-large wp-image-2250\" alt=\"\" srcset=\"https:\/\/fecoporto.com\/wp-content\/uploads\/2021\/01\/Pao_DisplayPremium2.jpg 629w, https:\/\/fecoporto.com\/wp-content\/uploads\/2021\/01\/Pao_DisplayPremium2-300x199.jpg 300w, https:\/\/fecoporto.com\/wp-content\/uploads\/2021\/01\/Pao_DisplayPremium2-150x100.jpg 150w\" sizes=\"(max-width: 629px) 100vw, 629px\" \/>\t\t\t\t\t\t\t\t\t\t\t\t\t\t\t<\/div>\n\t\t\t\t<\/div>\n\t\t\t\t<div class=\"elementor-element elementor-element-64bbff8 elementor-widget elementor-widget-image\" data-id=\"64bbff8\" data-element_type=\"widget\" data-e-type=\"widget\" data-widget_type=\"image.default\">\n\t\t\t\t<div class=\"elementor-widget-container\">\n\t\t\t\t\t\t\t\t\t\t\t\t\t\t\t<img loading=\"lazy\" decoding=\"async\" width=\"629\" height=\"418\" src=\"https:\/\/fecoporto.com\/wp-content\/uploads\/2021\/01\/Pao_DisplayPremium1.jpg\" class=\"attachment-large size-large wp-image-2249\" alt=\"\" srcset=\"https:\/\/fecoporto.com\/wp-content\/uploads\/2021\/01\/Pao_DisplayPremium1.jpg 629w, https:\/\/fecoporto.com\/wp-content\/uploads\/2021\/01\/Pao_DisplayPremium1-300x199.jpg 300w, https:\/\/fecoporto.com\/wp-content\/uploads\/2021\/01\/Pao_DisplayPremium1-150x100.jpg 150w\" sizes=\"(max-width: 629px) 100vw, 629px\" \/>\t\t\t\t\t\t\t\t\t\t\t\t\t\t\t<\/div>\n\t\t\t\t<\/div>\n\t\t\t\t<div class=\"elementor-element elementor-element-c42fc05 elementor-widget elementor-widget-image\" data-id=\"c42fc05\" data-element_type=\"widget\" data-e-type=\"widget\" data-widget_type=\"image.default\">\n\t\t\t\t<div class=\"elementor-widget-container\">\n\t\t\t\t\t\t\t\t\t\t\t\t\t\t\t<img loading=\"lazy\" decoding=\"async\" width=\"629\" height=\"418\" src=\"https:\/\/fecoporto.com\/wp-content\/uploads\/2021\/01\/Pao_DisplayRegular1.jpg\" class=\"attachment-large size-large wp-image-2251\" alt=\"\" srcset=\"https:\/\/fecoporto.com\/wp-content\/uploads\/2021\/01\/Pao_DisplayRegular1.jpg 629w, https:\/\/fecoporto.com\/wp-content\/uploads\/2021\/01\/Pao_DisplayRegular1-300x199.jpg 300w, https:\/\/fecoporto.com\/wp-content\/uploads\/2021\/01\/Pao_DisplayRegular1-150x100.jpg 150w\" sizes=\"(max-width: 629px) 100vw, 629px\" \/>\t\t\t\t\t\t\t\t\t\t\t\t\t\t\t<\/div>\n\t\t\t\t<\/div>\n\t\t\t\t<div class=\"elementor-element elementor-element-75933ab elementor-widget elementor-widget-image\" data-id=\"75933ab\" data-element_type=\"widget\" data-e-type=\"widget\" data-widget_type=\"image.default\">\n\t\t\t\t<div class=\"elementor-widget-container\">\n\t\t\t\t\t\t\t\t\t\t\t\t\t\t\t<img loading=\"lazy\" decoding=\"async\" width=\"629\" height=\"418\" src=\"https:\/\/fecoporto.com\/wp-content\/uploads\/2021\/01\/Pao_DisplayRegular2.jpg\" class=\"attachment-large size-large wp-image-2252\" alt=\"\" srcset=\"https:\/\/fecoporto.com\/wp-content\/uploads\/2021\/01\/Pao_DisplayRegular2.jpg 629w, https:\/\/fecoporto.com\/wp-content\/uploads\/2021\/01\/Pao_DisplayRegular2-300x199.jpg 300w, https:\/\/fecoporto.com\/wp-content\/uploads\/2021\/01\/Pao_DisplayRegular2-150x100.jpg 150w\" sizes=\"(max-width: 629px) 100vw, 629px\" \/>\t\t\t\t\t\t\t\t\t\t\t\t\t\t\t<\/div>\n\t\t\t\t<\/div>\n\t\t\t\t<div class=\"elementor-element elementor-element-5246c17 elementor-widget elementor-widget-image\" data-id=\"5246c17\" data-element_type=\"widget\" data-e-type=\"widget\" data-widget_type=\"image.default\">\n\t\t\t\t<div class=\"elementor-widget-container\">\n\t\t\t\t\t\t\t\t\t\t\t\t\t\t\t<img loading=\"lazy\" decoding=\"async\" width=\"629\" height=\"418\" src=\"https:\/\/fecoporto.com\/wp-content\/uploads\/2021\/01\/Pao_Wobbler.jpg\" class=\"attachment-large size-large wp-image-2246\" alt=\"\" srcset=\"https:\/\/fecoporto.com\/wp-content\/uploads\/2021\/01\/Pao_Wobbler.jpg 629w, https:\/\/fecoporto.com\/wp-content\/uploads\/2021\/01\/Pao_Wobbler-300x199.jpg 300w, https:\/\/fecoporto.com\/wp-content\/uploads\/2021\/01\/Pao_Wobbler-150x100.jpg 150w\" sizes=\"(max-width: 629px) 100vw, 629px\" \/>\t\t\t\t\t\t\t\t\t\t\t\t\t\t\t<\/div>\n\t\t\t\t<\/div>\n\t\t\t\t<div class=\"elementor-element elementor-element-9df9a50 elementor-widget elementor-widget-image\" data-id=\"9df9a50\" data-element_type=\"widget\" data-e-type=\"widget\" data-widget_type=\"image.default\">\n\t\t\t\t<div class=\"elementor-widget-container\">\n\t\t\t\t\t\t\t\t\t\t\t\t\t\t\t<img loading=\"lazy\" decoding=\"async\" width=\"629\" height=\"418\" src=\"https:\/\/fecoporto.com\/wp-content\/uploads\/2021\/01\/Pao_FaixaGondola1.jpg\" class=\"attachment-large size-large wp-image-2244\" alt=\"\" srcset=\"https:\/\/fecoporto.com\/wp-content\/uploads\/2021\/01\/Pao_FaixaGondola1.jpg 629w, https:\/\/fecoporto.com\/wp-content\/uploads\/2021\/01\/Pao_FaixaGondola1-300x199.jpg 300w, https:\/\/fecoporto.com\/wp-content\/uploads\/2021\/01\/Pao_FaixaGondola1-150x100.jpg 150w\" sizes=\"(max-width: 629px) 100vw, 629px\" \/>\t\t\t\t\t\t\t\t\t\t\t\t\t\t\t<\/div>\n\t\t\t\t<\/div>\n\t\t\t\t<div class=\"elementor-element elementor-element-1715e84 elementor-widget elementor-widget-image\" data-id=\"1715e84\" data-element_type=\"widget\" data-e-type=\"widget\" data-widget_type=\"image.default\">\n\t\t\t\t<div class=\"elementor-widget-container\">\n\t\t\t\t\t\t\t\t\t\t\t\t\t\t\t<img loading=\"lazy\" decoding=\"async\" width=\"629\" height=\"418\" src=\"https:\/\/fecoporto.com\/wp-content\/uploads\/2021\/01\/Pao_FaixaBaseDisplay.jpg\" class=\"attachment-large size-large wp-image-2243\" alt=\"\" srcset=\"https:\/\/fecoporto.com\/wp-content\/uploads\/2021\/01\/Pao_FaixaBaseDisplay.jpg 629w, https:\/\/fecoporto.com\/wp-content\/uploads\/2021\/01\/Pao_FaixaBaseDisplay-300x199.jpg 300w, https:\/\/fecoporto.com\/wp-content\/uploads\/2021\/01\/Pao_FaixaBaseDisplay-150x100.jpg 150w\" sizes=\"(max-width: 629px) 100vw, 629px\" \/>\t\t\t\t\t\t\t\t\t\t\t\t\t\t\t<\/div>\n\t\t\t\t<\/div>\n\t\t\t\t<div class=\"elementor-element elementor-element-2f60673 elementor-widget elementor-widget-image\" data-id=\"2f60673\" data-element_type=\"widget\" data-e-type=\"widget\" data-widget_type=\"image.default\">\n\t\t\t\t<div class=\"elementor-widget-container\">\n\t\t\t\t\t\t\t\t\t\t\t\t\t\t\t<img loading=\"lazy\" decoding=\"async\" width=\"629\" height=\"418\" src=\"https:\/\/fecoporto.com\/wp-content\/uploads\/2021\/01\/Pao_DisplayRegularMeG.jpg\" class=\"attachment-large size-large wp-image-2253\" alt=\"\" srcset=\"https:\/\/fecoporto.com\/wp-content\/uploads\/2021\/01\/Pao_DisplayRegularMeG.jpg 629w, https:\/\/fecoporto.com\/wp-content\/uploads\/2021\/01\/Pao_DisplayRegularMeG-300x199.jpg 300w, https:\/\/fecoporto.com\/wp-content\/uploads\/2021\/01\/Pao_DisplayRegularMeG-150x100.jpg 150w\" sizes=\"(max-width: 629px) 100vw, 629px\" \/>\t\t\t\t\t\t\t\t\t\t\t\t\t\t\t<\/div>\n\t\t\t\t<\/div>\n\t\t\t\t<div class=\"elementor-element elementor-element-dccb1fd elementor-widget elementor-widget-image\" data-id=\"dccb1fd\" data-element_type=\"widget\" data-e-type=\"widget\" data-widget_type=\"image.default\">\n\t\t\t\t<div class=\"elementor-widget-container\">\n\t\t\t\t\t\t\t\t\t\t\t\t\t\t\t<img loading=\"lazy\" decoding=\"async\" width=\"629\" height=\"418\" src=\"https:\/\/fecoporto.com\/wp-content\/uploads\/2021\/01\/Pao_DisplayRegularMeG_Zoom.jpg\" class=\"attachment-large size-large wp-image-2254\" alt=\"\" srcset=\"https:\/\/fecoporto.com\/wp-content\/uploads\/2021\/01\/Pao_DisplayRegularMeG_Zoom.jpg 629w, https:\/\/fecoporto.com\/wp-content\/uploads\/2021\/01\/Pao_DisplayRegularMeG_Zoom-300x199.jpg 300w, https:\/\/fecoporto.com\/wp-content\/uploads\/2021\/01\/Pao_DisplayRegularMeG_Zoom-150x100.jpg 150w\" sizes=\"(max-width: 629px) 100vw, 629px\" \/>\t\t\t\t\t\t\t\t\t\t\t\t\t\t\t<\/div>\n\t\t\t\t<\/div>\n\t\t\t\t\t<\/div>\n\t\t<\/div>\n\t\t\t\t\t<\/div>\n\t\t<\/section>\n\t\t\t\t<section class=\"elementor-section elementor-top-section elementor-element elementor-element-a8629fb elementor-section-boxed elementor-section-height-default elementor-section-height-default\" data-id=\"a8629fb\" data-element_type=\"section\" data-e-type=\"section\">\n\t\t\t\t\t\t<div class=\"elementor-container elementor-column-gap-default\">\n\t\t\t\t\t<div class=\"elementor-column elementor-col-100 elementor-top-column elementor-element elementor-element-318400f\" data-id=\"318400f\" data-element_type=\"column\" data-e-type=\"column\">\n\t\t\t<div class=\"elementor-widget-wrap elementor-element-populated\">\n\t\t\t\t\t\t<div class=\"elementor-element elementor-element-f75d7ad elementor-align-center elementor-widget elementor-widget-button\" data-id=\"f75d7ad\" data-element_type=\"widget\" data-e-type=\"widget\" data-widget_type=\"button.default\">\n\t\t\t\t<div class=\"elementor-widget-container\">\n\t\t\t\t\t\t\t\t\t<div class=\"elementor-button-wrapper\">\n\t\t\t\t\t<a class=\"elementor-button elementor-button-link elementor-size-sm\" href=\"https:\/\/fecoporto.com\">\n\t\t\t\t\t\t<span class=\"elementor-button-content-wrapper\">\n\t\t\t\t\t\t\t\t\t<span class=\"elementor-button-text\">Voltar<\/span>\n\t\t\t\t\t<\/span>\n\t\t\t\t\t<\/a>\n\t\t\t\t<\/div>\n\t\t\t\t\t\t\t\t<\/div>\n\t\t\t\t<\/div>\n\t\t\t\t\t<\/div>\n\t\t<\/div>\n\t\t\t\t\t<\/div>\n\t\t<\/section>\n\t\t\t\t<\/div>\n\t\t","protected":false},"excerpt":{"rendered":"<p>Bauducco &#8211; P\u00e3o de Fermenta\u00e7\u00e3o Natural Elabora\u00e7\u00e3o e cria\u00e7\u00e3o dos materiais impressos para divulgar a nova linha de p\u00e3es com fermenta\u00e7\u00e3o natural da Bauducco nas redes de super e hipermercado do Brasil. Renders 3D por Bia Fernandes. Ag\u00eancia: Sagarana Comunica\u00e7\u00e3o. Voltar<\/p>\n","protected":false},"author":1,"featured_media":0,"parent":0,"menu_order":0,"comment_status":"closed","ping_status":"closed","template":"","meta":{"site-sidebar-layout":"no-sidebar","site-content-layout":"page-builder","ast-site-content-layout":"default","site-content-style":"default","site-sidebar-style":"default","ast-global-header-display":"","ast-banner-title-visibility":"","ast-main-header-display":"","ast-hfb-above-header-display":"","ast-hfb-below-header-display":"","ast-hfb-mobile-header-display":"","site-post-title":"disabled","ast-breadcrumbs-content":"","ast-featured-img":"disabled","footer-sml-layout":"","ast-disable-related-posts":"","theme-transparent-header-meta":"default","adv-header-id-meta":"","stick-header-meta":"","header-above-stick-meta":"","header-main-stick-meta":"","header-below-stick-meta":"","astra-migrate-meta-layouts":"default","ast-page-background-enabled":"default","ast-page-background-meta":{"desktop":{"background-color":"","background-image":"","background-repeat":"repeat","background-position":"center center","background-size":"auto","background-attachment":"scroll","background-type":"","background-media":"","overlay-type":"","overlay-color":"","overlay-opacity":"","overlay-gradient":""},"tablet":{"background-color":"","background-image":"","background-repeat":"repeat","background-position":"center center","background-size":"auto","background-attachment":"scroll","background-type":"","background-media":"","overlay-type":"","overlay-color":"","overlay-opacity":"","overlay-gradient":""},"mobile":{"background-color":"","background-image":"","background-repeat":"repeat","background-position":"center center","background-size":"auto","background-attachment":"scroll","background-type":"","background-media":"","overlay-type":"","overlay-color":"","overlay-opacity":"","overlay-gradient":""}},"ast-content-background-meta":{"desktop":{"background-color":"var(--ast-global-color-5)","background-image":"","background-repeat":"repeat","background-position":"center center","background-size":"auto","background-attachment":"scroll","background-type":"","background-media":"","overlay-type":"","overlay-color":"","overlay-opacity":"","overlay-gradient":""},"tablet":{"background-color":"var(--ast-global-color-5)","background-image":"","background-repeat":"repeat","background-position":"center center","background-size":"auto","background-attachment":"scroll","background-type":"","background-media":"","overlay-type":"","overlay-color":"","overlay-opacity":"","overlay-gradient":""},"mobile":{"background-color":"var(--ast-global-color-5)","background-image":"","background-repeat":"repeat","background-position":"center center","background-size":"auto","background-attachment":"scroll","background-type":"","background-media":"","overlay-type":"","overlay-color":"","overlay-opacity":"","overlay-gradient":""}},"footnotes":""},"class_list":["post-2295","page","type-page","status-publish","hentry"],"_links":{"self":[{"href":"https:\/\/fecoporto.com\/pt_br\/wp-json\/wp\/v2\/pages\/2295","targetHints":{"allow":["GET"]}}],"collection":[{"href":"https:\/\/fecoporto.com\/pt_br\/wp-json\/wp\/v2\/pages"}],"about":[{"href":"https:\/\/fecoporto.com\/pt_br\/wp-json\/wp\/v2\/types\/page"}],"author":[{"embeddable":true,"href":"https:\/\/fecoporto.com\/pt_br\/wp-json\/wp\/v2\/users\/1"}],"replies":[{"embeddable":true,"href":"https:\/\/fecoporto.com\/pt_br\/wp-json\/wp\/v2\/comments?post=2295"}],"version-history":[{"count":10,"href":"https:\/\/fecoporto.com\/pt_br\/wp-json\/wp\/v2\/pages\/2295\/revisions"}],"predecessor-version":[{"id":2385,"href":"https:\/\/fecoporto.com\/pt_br\/wp-json\/wp\/v2\/pages\/2295\/revisions\/2385"}],"wp:attachment":[{"href":"https:\/\/fecoporto.com\/pt_br\/wp-json\/wp\/v2\/media?parent=2295"}],"curies":[{"name":"wp","href":"https:\/\/api.w.org\/{rel}","templated":true}]}}