{"id":2112,"date":"2021-01-01T20:01:51","date_gmt":"2021-01-01T23:01:51","guid":{"rendered":"http:\/\/fecoporto.com\/?page_id=2112"},"modified":"2021-01-27T18:02:22","modified_gmt":"2021-01-27T21:02:22","slug":"vivo-call-parade","status":"publish","type":"page","link":"https:\/\/fecoporto.com\/pt_br\/vivo-call-parade\/","title":{"rendered":"Vivo &#8211; Call Parade"},"content":{"rendered":"\t\t<div data-elementor-type=\"wp-page\" data-elementor-id=\"2112\" class=\"elementor elementor-2112\">\n\t\t\t\t\t\t<section class=\"elementor-section elementor-top-section elementor-element elementor-element-386d312 elementor-section-boxed elementor-section-height-default elementor-section-height-default\" data-id=\"386d312\" data-element_type=\"section\" data-e-type=\"section\">\n\t\t\t\t\t\t<div class=\"elementor-container elementor-column-gap-default\">\n\t\t\t\t\t<div class=\"elementor-column elementor-col-100 elementor-top-column elementor-element elementor-element-6636e54\" data-id=\"6636e54\" data-element_type=\"column\" data-e-type=\"column\">\n\t\t\t<div class=\"elementor-widget-wrap elementor-element-populated\">\n\t\t\t\t\t\t<div class=\"elementor-element elementor-element-3bad82c elementor-widget elementor-widget-heading\" data-id=\"3bad82c\" data-element_type=\"widget\" data-e-type=\"widget\" data-widget_type=\"heading.default\">\n\t\t\t\t<div class=\"elementor-widget-container\">\n\t\t\t\t\t<h2 class=\"elementor-heading-title elementor-size-default\">Vivo - Call Parade<\/h2>\t\t\t\t<\/div>\n\t\t\t\t<\/div>\n\t\t\t\t<div class=\"elementor-element elementor-element-b341a20 elementor-widget elementor-widget-text-editor\" data-id=\"b341a20\" data-element_type=\"widget\" data-e-type=\"widget\" data-widget_type=\"text-editor.default\">\n\t\t\t\t<div class=\"elementor-widget-container\">\n\t\t\t\t\t\t\t\t\t<p>Aproveitando a cidade de S\u00e3o Paulo como cen\u00e1rio \u2013 e 100 orelh\u00f5es como tela \u2013 a Call Parade promoveu conectividade entre diversas express\u00f5es art\u00edsticas e sua manifesta\u00e7\u00f5es culturais, resultando em um livro que mant\u00e9m a conex\u00e3o entre pessoas ao transformar cada p\u00e1gina em um cart\u00e3o postal \u00fanico. Tive a oportunidade de trabalhar na diagrama\u00e7\u00e3o e na cria\u00e7\u00e3o do projeto gr\u00e1fico do livro. Ag\u00eancia: <a href=\"http:\/\/sagaranacomunicacao.com.br\" target=\"_blank\" rel=\"noopener\">Sagarana Comunica\u00e7\u00e3o<\/a>.<\/p>\t\t\t\t\t\t\t\t<\/div>\n\t\t\t\t<\/div>\n\t\t\t\t\t<\/div>\n\t\t<\/div>\n\t\t\t\t\t<\/div>\n\t\t<\/section>\n\t\t\t\t<section class=\"elementor-section elementor-top-section elementor-element elementor-element-370b423 elementor-section-full_width elementor-section-height-default elementor-section-height-default\" data-id=\"370b423\" data-element_type=\"section\" data-e-type=\"section\">\n\t\t\t\t\t\t<div class=\"elementor-container elementor-column-gap-default\">\n\t\t\t\t\t<div class=\"elementor-column elementor-col-100 elementor-top-column elementor-element elementor-element-47fd56e\" data-id=\"47fd56e\" data-element_type=\"column\" data-e-type=\"column\">\n\t\t\t<div class=\"elementor-widget-wrap elementor-element-populated\">\n\t\t\t\t\t\t<div class=\"elementor-element elementor-element-ec104f3 elementor-widget elementor-widget-image\" data-id=\"ec104f3\" data-element_type=\"widget\" data-e-type=\"widget\" data-widget_type=\"image.default\">\n\t\t\t\t<div class=\"elementor-widget-container\">\n\t\t\t\t\t\t\t\t\t\t\t\t\t\t\t<img fetchpriority=\"high\" decoding=\"async\" width=\"1024\" height=\"872\" src=\"https:\/\/fecoporto.com\/wp-content\/uploads\/2020\/02\/Layout_01-3-1024x872.png\" class=\"attachment-large size-large wp-image-460\" alt=\"\" srcset=\"https:\/\/fecoporto.com\/wp-content\/uploads\/2020\/02\/Layout_01-3-1024x872.png 1024w, https:\/\/fecoporto.com\/wp-content\/uploads\/2020\/02\/Layout_01-3-300x255.png 300w, https:\/\/fecoporto.com\/wp-content\/uploads\/2020\/02\/Layout_01-3-768x654.png 768w, https:\/\/fecoporto.com\/wp-content\/uploads\/2020\/02\/Layout_01-3-1536x1308.png 1536w, https:\/\/fecoporto.com\/wp-content\/uploads\/2020\/02\/Layout_01-3.png 1748w\" sizes=\"(max-width: 1024px) 100vw, 1024px\" \/>\t\t\t\t\t\t\t\t\t\t\t\t\t\t\t<\/div>\n\t\t\t\t<\/div>\n\t\t\t\t<div class=\"elementor-element elementor-element-e278f95 elementor-widget elementor-widget-image\" data-id=\"e278f95\" data-element_type=\"widget\" data-e-type=\"widget\" data-widget_type=\"image.default\">\n\t\t\t\t<div class=\"elementor-widget-container\">\n\t\t\t\t\t\t\t\t\t\t\t\t\t\t\t<img decoding=\"async\" width=\"1024\" height=\"1010\" src=\"https:\/\/fecoporto.com\/wp-content\/uploads\/2020\/02\/Layout_02-3-1024x1010.png\" class=\"attachment-large size-large wp-image-461\" alt=\"\" srcset=\"https:\/\/fecoporto.com\/wp-content\/uploads\/2020\/02\/Layout_02-3-1024x1010.png 1024w, https:\/\/fecoporto.com\/wp-content\/uploads\/2020\/02\/Layout_02-3-300x296.png 300w, https:\/\/fecoporto.com\/wp-content\/uploads\/2020\/02\/Layout_02-3-768x757.png 768w, https:\/\/fecoporto.com\/wp-content\/uploads\/2020\/02\/Layout_02-3-1536x1515.png 1536w, https:\/\/fecoporto.com\/wp-content\/uploads\/2020\/02\/Layout_02-3.png 1748w\" sizes=\"(max-width: 1024px) 100vw, 1024px\" \/>\t\t\t\t\t\t\t\t\t\t\t\t\t\t\t<\/div>\n\t\t\t\t<\/div>\n\t\t\t\t<div class=\"elementor-element elementor-element-8f1764b elementor-widget elementor-widget-image\" data-id=\"8f1764b\" data-element_type=\"widget\" data-e-type=\"widget\" data-widget_type=\"image.default\">\n\t\t\t\t<div class=\"elementor-widget-container\">\n\t\t\t\t\t\t\t\t\t\t\t\t\t\t\t<img decoding=\"async\" width=\"1024\" height=\"584\" src=\"https:\/\/fecoporto.com\/wp-content\/uploads\/2020\/02\/Layout_03-3-1024x584.png\" class=\"attachment-large size-large wp-image-462\" alt=\"\" srcset=\"https:\/\/fecoporto.com\/wp-content\/uploads\/2020\/02\/Layout_03-3-1024x584.png 1024w, https:\/\/fecoporto.com\/wp-content\/uploads\/2020\/02\/Layout_03-3-300x171.png 300w, https:\/\/fecoporto.com\/wp-content\/uploads\/2020\/02\/Layout_03-3-768x438.png 768w, https:\/\/fecoporto.com\/wp-content\/uploads\/2020\/02\/Layout_03-3-1536x876.png 1536w, https:\/\/fecoporto.com\/wp-content\/uploads\/2020\/02\/Layout_03-3.png 1748w\" sizes=\"(max-width: 1024px) 100vw, 1024px\" \/>\t\t\t\t\t\t\t\t\t\t\t\t\t\t\t<\/div>\n\t\t\t\t<\/div>\n\t\t\t\t<div class=\"elementor-element elementor-element-af264ed elementor-widget elementor-widget-image\" data-id=\"af264ed\" data-element_type=\"widget\" data-e-type=\"widget\" data-widget_type=\"image.default\">\n\t\t\t\t<div class=\"elementor-widget-container\">\n\t\t\t\t\t\t\t\t\t\t\t\t\t\t\t<img loading=\"lazy\" decoding=\"async\" width=\"1024\" height=\"736\" src=\"https:\/\/fecoporto.com\/wp-content\/uploads\/2020\/02\/Layout_04-3-1024x736.png\" class=\"attachment-large size-large wp-image-463\" alt=\"\" srcset=\"https:\/\/fecoporto.com\/wp-content\/uploads\/2020\/02\/Layout_04-3-1024x736.png 1024w, https:\/\/fecoporto.com\/wp-content\/uploads\/2020\/02\/Layout_04-3-300x216.png 300w, https:\/\/fecoporto.com\/wp-content\/uploads\/2020\/02\/Layout_04-3-768x552.png 768w, https:\/\/fecoporto.com\/wp-content\/uploads\/2020\/02\/Layout_04-3-1536x1104.png 1536w, https:\/\/fecoporto.com\/wp-content\/uploads\/2020\/02\/Layout_04-3.png 1748w\" sizes=\"(max-width: 1024px) 100vw, 1024px\" \/>\t\t\t\t\t\t\t\t\t\t\t\t\t\t\t<\/div>\n\t\t\t\t<\/div>\n\t\t\t\t<div class=\"elementor-element elementor-element-6730103 elementor-widget elementor-widget-image\" data-id=\"6730103\" data-element_type=\"widget\" data-e-type=\"widget\" data-widget_type=\"image.default\">\n\t\t\t\t<div class=\"elementor-widget-container\">\n\t\t\t\t\t\t\t\t\t\t\t\t\t\t\t<img loading=\"lazy\" decoding=\"async\" width=\"1024\" height=\"807\" src=\"https:\/\/fecoporto.com\/wp-content\/uploads\/2020\/02\/Layout_05-3-1024x807.png\" class=\"attachment-large size-large wp-image-464\" alt=\"\" srcset=\"https:\/\/fecoporto.com\/wp-content\/uploads\/2020\/02\/Layout_05-3-1024x807.png 1024w, https:\/\/fecoporto.com\/wp-content\/uploads\/2020\/02\/Layout_05-3-300x236.png 300w, https:\/\/fecoporto.com\/wp-content\/uploads\/2020\/02\/Layout_05-3-768x605.png 768w, https:\/\/fecoporto.com\/wp-content\/uploads\/2020\/02\/Layout_05-3-1536x1210.png 1536w, https:\/\/fecoporto.com\/wp-content\/uploads\/2020\/02\/Layout_05-3.png 1748w\" sizes=\"(max-width: 1024px) 100vw, 1024px\" \/>\t\t\t\t\t\t\t\t\t\t\t\t\t\t\t<\/div>\n\t\t\t\t<\/div>\n\t\t\t\t<div class=\"elementor-element elementor-element-ef0f7bc elementor-widget elementor-widget-image\" data-id=\"ef0f7bc\" data-element_type=\"widget\" data-e-type=\"widget\" data-widget_type=\"image.default\">\n\t\t\t\t<div class=\"elementor-widget-container\">\n\t\t\t\t\t\t\t\t\t\t\t\t\t\t\t<img loading=\"lazy\" decoding=\"async\" width=\"1024\" height=\"741\" src=\"https:\/\/fecoporto.com\/wp-content\/uploads\/2020\/02\/Layout_06-1-1024x741.png\" class=\"attachment-large size-large wp-image-465\" alt=\"\" srcset=\"https:\/\/fecoporto.com\/wp-content\/uploads\/2020\/02\/Layout_06-1-1024x741.png 1024w, https:\/\/fecoporto.com\/wp-content\/uploads\/2020\/02\/Layout_06-1-300x217.png 300w, https:\/\/fecoporto.com\/wp-content\/uploads\/2020\/02\/Layout_06-1-768x556.png 768w, https:\/\/fecoporto.com\/wp-content\/uploads\/2020\/02\/Layout_06-1-1536x1112.png 1536w, https:\/\/fecoporto.com\/wp-content\/uploads\/2020\/02\/Layout_06-1.png 1748w\" sizes=\"(max-width: 1024px) 100vw, 1024px\" \/>\t\t\t\t\t\t\t\t\t\t\t\t\t\t\t<\/div>\n\t\t\t\t<\/div>\n\t\t\t\t\t<\/div>\n\t\t<\/div>\n\t\t\t\t\t<\/div>\n\t\t<\/section>\n\t\t\t\t<section class=\"elementor-section elementor-top-section elementor-element elementor-element-a8629fb elementor-section-boxed elementor-section-height-default elementor-section-height-default\" data-id=\"a8629fb\" data-element_type=\"section\" data-e-type=\"section\">\n\t\t\t\t\t\t<div class=\"elementor-container elementor-column-gap-default\">\n\t\t\t\t\t<div class=\"elementor-column elementor-col-100 elementor-top-column elementor-element elementor-element-318400f\" data-id=\"318400f\" data-element_type=\"column\" data-e-type=\"column\">\n\t\t\t<div class=\"elementor-widget-wrap elementor-element-populated\">\n\t\t\t\t\t\t<div class=\"elementor-element elementor-element-f75d7ad elementor-align-center elementor-widget elementor-widget-button\" data-id=\"f75d7ad\" data-element_type=\"widget\" data-e-type=\"widget\" data-widget_type=\"button.default\">\n\t\t\t\t<div class=\"elementor-widget-container\">\n\t\t\t\t\t\t\t\t\t<div class=\"elementor-button-wrapper\">\n\t\t\t\t\t<a class=\"elementor-button elementor-button-link elementor-size-sm\" href=\"https:\/\/fecoporto.com\">\n\t\t\t\t\t\t<span class=\"elementor-button-content-wrapper\">\n\t\t\t\t\t\t\t\t\t<span class=\"elementor-button-text\">Voltar<\/span>\n\t\t\t\t\t<\/span>\n\t\t\t\t\t<\/a>\n\t\t\t\t<\/div>\n\t\t\t\t\t\t\t\t<\/div>\n\t\t\t\t<\/div>\n\t\t\t\t\t<\/div>\n\t\t<\/div>\n\t\t\t\t\t<\/div>\n\t\t<\/section>\n\t\t\t\t<\/div>\n\t\t","protected":false},"excerpt":{"rendered":"<p>Vivo &#8211; Call Parade Aproveitando a cidade de S\u00e3o Paulo como cen\u00e1rio \u2013 e 100 orelh\u00f5es como tela \u2013 a Call Parade promoveu conectividade entre diversas express\u00f5es art\u00edsticas e sua manifesta\u00e7\u00f5es culturais, resultando em um livro que mant\u00e9m a conex\u00e3o entre pessoas ao transformar cada p\u00e1gina em um cart\u00e3o postal \u00fanico. Tive a oportunidade de [&hellip;]<\/p>\n","protected":false},"author":1,"featured_media":0,"parent":0,"menu_order":0,"comment_status":"closed","ping_status":"closed","template":"","meta":{"site-sidebar-layout":"no-sidebar","site-content-layout":"page-builder","ast-site-content-layout":"default","site-content-style":"default","site-sidebar-style":"default","ast-global-header-display":"","ast-banner-title-visibility":"","ast-main-header-display":"","ast-hfb-above-header-display":"","ast-hfb-below-header-display":"","ast-hfb-mobile-header-display":"","site-post-title":"disabled","ast-breadcrumbs-content":"","ast-featured-img":"disabled","footer-sml-layout":"","ast-disable-related-posts":"","theme-transparent-header-meta":"default","adv-header-id-meta":"","stick-header-meta":"","header-above-stick-meta":"","header-main-stick-meta":"","header-below-stick-meta":"","astra-migrate-meta-layouts":"default","ast-page-background-enabled":"default","ast-page-background-meta":{"desktop":{"background-color":"","background-image":"","background-repeat":"repeat","background-position":"center center","background-size":"auto","background-attachment":"scroll","background-type":"","background-media":"","overlay-type":"","overlay-color":"","overlay-opacity":"","overlay-gradient":""},"tablet":{"background-color":"","background-image":"","background-repeat":"repeat","background-position":"center center","background-size":"auto","background-attachment":"scroll","background-type":"","background-media":"","overlay-type":"","overlay-color":"","overlay-opacity":"","overlay-gradient":""},"mobile":{"background-color":"","background-image":"","background-repeat":"repeat","background-position":"center center","background-size":"auto","background-attachment":"scroll","background-type":"","background-media":"","overlay-type":"","overlay-color":"","overlay-opacity":"","overlay-gradient":""}},"ast-content-background-meta":{"desktop":{"background-color":"var(--ast-global-color-5)","background-image":"","background-repeat":"repeat","background-position":"center center","background-size":"auto","background-attachment":"scroll","background-type":"","background-media":"","overlay-type":"","overlay-color":"","overlay-opacity":"","overlay-gradient":""},"tablet":{"background-color":"var(--ast-global-color-5)","background-image":"","background-repeat":"repeat","background-position":"center center","background-size":"auto","background-attachment":"scroll","background-type":"","background-media":"","overlay-type":"","overlay-color":"","overlay-opacity":"","overlay-gradient":""},"mobile":{"background-color":"var(--ast-global-color-5)","background-image":"","background-repeat":"repeat","background-position":"center center","background-size":"auto","background-attachment":"scroll","background-type":"","background-media":"","overlay-type":"","overlay-color":"","overlay-opacity":"","overlay-gradient":""}},"footnotes":""},"class_list":["post-2112","page","type-page","status-publish","hentry"],"_links":{"self":[{"href":"https:\/\/fecoporto.com\/pt_br\/wp-json\/wp\/v2\/pages\/2112","targetHints":{"allow":["GET"]}}],"collection":[{"href":"https:\/\/fecoporto.com\/pt_br\/wp-json\/wp\/v2\/pages"}],"about":[{"href":"https:\/\/fecoporto.com\/pt_br\/wp-json\/wp\/v2\/types\/page"}],"author":[{"embeddable":true,"href":"https:\/\/fecoporto.com\/pt_br\/wp-json\/wp\/v2\/users\/1"}],"replies":[{"embeddable":true,"href":"https:\/\/fecoporto.com\/pt_br\/wp-json\/wp\/v2\/comments?post=2112"}],"version-history":[{"count":10,"href":"https:\/\/fecoporto.com\/pt_br\/wp-json\/wp\/v2\/pages\/2112\/revisions"}],"predecessor-version":[{"id":2421,"href":"https:\/\/fecoporto.com\/pt_br\/wp-json\/wp\/v2\/pages\/2112\/revisions\/2421"}],"wp:attachment":[{"href":"https:\/\/fecoporto.com\/pt_br\/wp-json\/wp\/v2\/media?parent=2112"}],"curies":[{"name":"wp","href":"https:\/\/api.w.org\/{rel}","templated":true}]}}