{"id":2097,"date":"2021-01-01T19:41:15","date_gmt":"2021-01-01T22:41:15","guid":{"rendered":"http:\/\/fecoporto.com\/?page_id=2097"},"modified":"2021-01-27T18:01:00","modified_gmt":"2021-01-27T21:01:00","slug":"disputa-azul","status":"publish","type":"page","link":"https:\/\/fecoporto.com\/pt_br\/disputa-azul\/","title":{"rendered":"Disputa Azul"},"content":{"rendered":"\t\t<div data-elementor-type=\"wp-page\" data-elementor-id=\"2097\" class=\"elementor elementor-2097\">\n\t\t\t\t\t\t<section class=\"elementor-section elementor-top-section elementor-element elementor-element-386d312 elementor-section-boxed elementor-section-height-default elementor-section-height-default\" data-id=\"386d312\" data-element_type=\"section\" data-e-type=\"section\">\n\t\t\t\t\t\t<div class=\"elementor-container elementor-column-gap-default\">\n\t\t\t\t\t<div class=\"elementor-column elementor-col-100 elementor-top-column elementor-element elementor-element-6636e54\" data-id=\"6636e54\" data-element_type=\"column\" data-e-type=\"column\">\n\t\t\t<div class=\"elementor-widget-wrap elementor-element-populated\">\n\t\t\t\t\t\t<div class=\"elementor-element elementor-element-3bad82c elementor-widget elementor-widget-heading\" data-id=\"3bad82c\" data-element_type=\"widget\" data-e-type=\"widget\" data-widget_type=\"heading.default\">\n\t\t\t\t<div class=\"elementor-widget-container\">\n\t\t\t\t\t<h2 class=\"elementor-heading-title elementor-size-default\">Disputa Azul<\/h2>\t\t\t\t<\/div>\n\t\t\t\t<\/div>\n\t\t\t\t<div class=\"elementor-element elementor-element-b341a20 elementor-widget elementor-widget-text-editor\" data-id=\"b341a20\" data-element_type=\"widget\" data-e-type=\"widget\" data-widget_type=\"text-editor.default\">\n\t\t\t\t<div class=\"elementor-widget-container\">\n\t\t\t\t\t\t\t\t\t<p>A Disputa Azul prop\u00f5e a reeduca\u00e7\u00e3o dos h\u00e1bitos de consumo atrav\u00e9s de uma competi\u00e7\u00e3o saud\u00e1vel entre col\u00e9gios pela economia de \u00e1gua. Tive a oportunidade de trabalhar desde a concep\u00e7\u00e3o do logotipo como em todo o desdobramento da campanha, incluindo o projeto gr\u00e1fico e diagrama\u00e7\u00e3o da cartilha educacional. Ag\u00eancia: <a href=\"http:\/\/sagaranacomunicacao.com.br\" target=\"_blank\" rel=\"noopener\">Sagarana Comunica\u00e7\u00e3o<\/a>.<\/p>\t\t\t\t\t\t\t\t<\/div>\n\t\t\t\t<\/div>\n\t\t\t\t\t<\/div>\n\t\t<\/div>\n\t\t\t\t\t<\/div>\n\t\t<\/section>\n\t\t\t\t<section class=\"elementor-section elementor-top-section elementor-element elementor-element-370b423 elementor-section-full_width elementor-section-height-default elementor-section-height-default\" data-id=\"370b423\" data-element_type=\"section\" data-e-type=\"section\">\n\t\t\t\t\t\t<div class=\"elementor-container elementor-column-gap-default\">\n\t\t\t\t\t<div class=\"elementor-column elementor-col-100 elementor-top-column elementor-element elementor-element-47fd56e\" data-id=\"47fd56e\" data-element_type=\"column\" data-e-type=\"column\">\n\t\t\t<div class=\"elementor-widget-wrap elementor-element-populated\">\n\t\t\t\t\t\t<div class=\"elementor-element elementor-element-ec104f3 elementor-widget elementor-widget-image\" data-id=\"ec104f3\" data-element_type=\"widget\" data-e-type=\"widget\" data-widget_type=\"image.default\">\n\t\t\t\t<div class=\"elementor-widget-container\">\n\t\t\t\t\t\t\t\t\t\t\t\t\t\t\t<img fetchpriority=\"high\" decoding=\"async\" width=\"768\" height=\"1073\" src=\"https:\/\/fecoporto.com\/wp-content\/uploads\/2020\/02\/Layout_Behance_01-768x1073.png\" class=\"attachment-medium_large size-medium_large wp-image-149\" alt=\"\" srcset=\"https:\/\/fecoporto.com\/wp-content\/uploads\/2020\/02\/Layout_Behance_01-768x1073.png 768w, https:\/\/fecoporto.com\/wp-content\/uploads\/2020\/02\/Layout_Behance_01-215x300.png 215w, https:\/\/fecoporto.com\/wp-content\/uploads\/2020\/02\/Layout_Behance_01-733x1024.png 733w, https:\/\/fecoporto.com\/wp-content\/uploads\/2020\/02\/Layout_Behance_01-1099x1536.png 1099w, https:\/\/fecoporto.com\/wp-content\/uploads\/2020\/02\/Layout_Behance_01-1466x2048.png 1466w, https:\/\/fecoporto.com\/wp-content\/uploads\/2020\/02\/Layout_Behance_01.png 1748w\" sizes=\"(max-width: 768px) 100vw, 768px\" \/>\t\t\t\t\t\t\t\t\t\t\t\t\t\t\t<\/div>\n\t\t\t\t<\/div>\n\t\t\t\t<div class=\"elementor-element elementor-element-e278f95 elementor-widget elementor-widget-image\" data-id=\"e278f95\" data-element_type=\"widget\" data-e-type=\"widget\" data-widget_type=\"image.default\">\n\t\t\t\t<div class=\"elementor-widget-container\">\n\t\t\t\t\t\t\t\t\t\t\t\t\t\t\t<img decoding=\"async\" width=\"768\" height=\"703\" src=\"https:\/\/fecoporto.com\/wp-content\/uploads\/2020\/02\/Layout_Behance_02-768x703.png\" class=\"attachment-medium_large size-medium_large wp-image-144\" alt=\"\" srcset=\"https:\/\/fecoporto.com\/wp-content\/uploads\/2020\/02\/Layout_Behance_02-768x703.png 768w, https:\/\/fecoporto.com\/wp-content\/uploads\/2020\/02\/Layout_Behance_02-300x274.png 300w, https:\/\/fecoporto.com\/wp-content\/uploads\/2020\/02\/Layout_Behance_02-1024x937.png 1024w, https:\/\/fecoporto.com\/wp-content\/uploads\/2020\/02\/Layout_Behance_02-1536x1405.png 1536w, https:\/\/fecoporto.com\/wp-content\/uploads\/2020\/02\/Layout_Behance_02.png 1748w\" sizes=\"(max-width: 768px) 100vw, 768px\" \/>\t\t\t\t\t\t\t\t\t\t\t\t\t\t\t<\/div>\n\t\t\t\t<\/div>\n\t\t\t\t<div class=\"elementor-element elementor-element-af264ed elementor-widget elementor-widget-image\" data-id=\"af264ed\" data-element_type=\"widget\" data-e-type=\"widget\" data-widget_type=\"image.default\">\n\t\t\t\t<div class=\"elementor-widget-container\">\n\t\t\t\t\t\t\t\t\t\t\t\t\t\t\t<img decoding=\"async\" width=\"768\" height=\"804\" src=\"https:\/\/fecoporto.com\/wp-content\/uploads\/2020\/02\/Layout_Behance_03-768x804.png\" class=\"attachment-medium_large size-medium_large wp-image-145\" alt=\"\" srcset=\"https:\/\/fecoporto.com\/wp-content\/uploads\/2020\/02\/Layout_Behance_03-768x804.png 768w, https:\/\/fecoporto.com\/wp-content\/uploads\/2020\/02\/Layout_Behance_03-287x300.png 287w, https:\/\/fecoporto.com\/wp-content\/uploads\/2020\/02\/Layout_Behance_03-978x1024.png 978w, https:\/\/fecoporto.com\/wp-content\/uploads\/2020\/02\/Layout_Behance_03-1467x1536.png 1467w, https:\/\/fecoporto.com\/wp-content\/uploads\/2020\/02\/Layout_Behance_03.png 1748w\" sizes=\"(max-width: 768px) 100vw, 768px\" \/>\t\t\t\t\t\t\t\t\t\t\t\t\t\t\t<\/div>\n\t\t\t\t<\/div>\n\t\t\t\t<div class=\"elementor-element elementor-element-6730103 elementor-widget elementor-widget-image\" data-id=\"6730103\" data-element_type=\"widget\" data-e-type=\"widget\" data-widget_type=\"image.default\">\n\t\t\t\t<div class=\"elementor-widget-container\">\n\t\t\t\t\t\t\t\t\t\t\t\t\t\t\t<img loading=\"lazy\" decoding=\"async\" width=\"768\" height=\"1055\" src=\"https:\/\/fecoporto.com\/wp-content\/uploads\/2020\/02\/Layout_Behance_04-768x1055.png\" class=\"attachment-medium_large size-medium_large wp-image-146\" alt=\"\" srcset=\"https:\/\/fecoporto.com\/wp-content\/uploads\/2020\/02\/Layout_Behance_04-768x1055.png 768w, https:\/\/fecoporto.com\/wp-content\/uploads\/2020\/02\/Layout_Behance_04-218x300.png 218w, https:\/\/fecoporto.com\/wp-content\/uploads\/2020\/02\/Layout_Behance_04-745x1024.png 745w, https:\/\/fecoporto.com\/wp-content\/uploads\/2020\/02\/Layout_Behance_04-1118x1536.png 1118w, https:\/\/fecoporto.com\/wp-content\/uploads\/2020\/02\/Layout_Behance_04-1490x2048.png 1490w, https:\/\/fecoporto.com\/wp-content\/uploads\/2020\/02\/Layout_Behance_04.png 1748w\" sizes=\"(max-width: 768px) 100vw, 768px\" \/>\t\t\t\t\t\t\t\t\t\t\t\t\t\t\t<\/div>\n\t\t\t\t<\/div>\n\t\t\t\t<div class=\"elementor-element elementor-element-8bf1367 elementor-widget elementor-widget-image\" data-id=\"8bf1367\" data-element_type=\"widget\" data-e-type=\"widget\" data-widget_type=\"image.default\">\n\t\t\t\t<div class=\"elementor-widget-container\">\n\t\t\t\t\t\t\t\t\t\t\t\t\t\t\t<img loading=\"lazy\" decoding=\"async\" width=\"768\" height=\"917\" src=\"https:\/\/fecoporto.com\/wp-content\/uploads\/2020\/02\/Layout_Behance_05-768x917.png\" class=\"attachment-medium_large size-medium_large wp-image-147\" alt=\"\" srcset=\"https:\/\/fecoporto.com\/wp-content\/uploads\/2020\/02\/Layout_Behance_05-768x917.png 768w, https:\/\/fecoporto.com\/wp-content\/uploads\/2020\/02\/Layout_Behance_05-251x300.png 251w, https:\/\/fecoporto.com\/wp-content\/uploads\/2020\/02\/Layout_Behance_05-858x1024.png 858w, https:\/\/fecoporto.com\/wp-content\/uploads\/2020\/02\/Layout_Behance_05-1287x1536.png 1287w, https:\/\/fecoporto.com\/wp-content\/uploads\/2020\/02\/Layout_Behance_05-1715x2048.png 1715w, https:\/\/fecoporto.com\/wp-content\/uploads\/2020\/02\/Layout_Behance_05.png 1748w\" sizes=\"(max-width: 768px) 100vw, 768px\" \/>\t\t\t\t\t\t\t\t\t\t\t\t\t\t\t<\/div>\n\t\t\t\t<\/div>\n\t\t\t\t<div class=\"elementor-element elementor-element-34cf052 elementor-widget elementor-widget-image\" data-id=\"34cf052\" data-element_type=\"widget\" data-e-type=\"widget\" data-widget_type=\"image.default\">\n\t\t\t\t<div class=\"elementor-widget-container\">\n\t\t\t\t\t\t\t\t\t\t\t\t\t\t\t<img loading=\"lazy\" decoding=\"async\" width=\"768\" height=\"514\" src=\"https:\/\/fecoporto.com\/wp-content\/uploads\/2020\/02\/Layout_Behance_06-768x514.png\" class=\"attachment-medium_large size-medium_large wp-image-148\" alt=\"\" srcset=\"https:\/\/fecoporto.com\/wp-content\/uploads\/2020\/02\/Layout_Behance_06-768x514.png 768w, https:\/\/fecoporto.com\/wp-content\/uploads\/2020\/02\/Layout_Behance_06-300x201.png 300w, https:\/\/fecoporto.com\/wp-content\/uploads\/2020\/02\/Layout_Behance_06-1024x685.png 1024w, https:\/\/fecoporto.com\/wp-content\/uploads\/2020\/02\/Layout_Behance_06-1536x1028.png 1536w, https:\/\/fecoporto.com\/wp-content\/uploads\/2020\/02\/Layout_Behance_06.png 1748w\" sizes=\"(max-width: 768px) 100vw, 768px\" \/>\t\t\t\t\t\t\t\t\t\t\t\t\t\t\t<\/div>\n\t\t\t\t<\/div>\n\t\t\t\t\t<\/div>\n\t\t<\/div>\n\t\t\t\t\t<\/div>\n\t\t<\/section>\n\t\t\t\t<section class=\"elementor-section elementor-top-section elementor-element elementor-element-a8629fb elementor-section-boxed elementor-section-height-default elementor-section-height-default\" data-id=\"a8629fb\" data-element_type=\"section\" data-e-type=\"section\">\n\t\t\t\t\t\t<div class=\"elementor-container elementor-column-gap-default\">\n\t\t\t\t\t<div class=\"elementor-column elementor-col-100 elementor-top-column elementor-element elementor-element-318400f\" data-id=\"318400f\" data-element_type=\"column\" data-e-type=\"column\">\n\t\t\t<div class=\"elementor-widget-wrap elementor-element-populated\">\n\t\t\t\t\t\t<div class=\"elementor-element elementor-element-f75d7ad elementor-align-center elementor-widget elementor-widget-button\" data-id=\"f75d7ad\" data-element_type=\"widget\" data-e-type=\"widget\" data-widget_type=\"button.default\">\n\t\t\t\t<div class=\"elementor-widget-container\">\n\t\t\t\t\t\t\t\t\t<div class=\"elementor-button-wrapper\">\n\t\t\t\t\t<a class=\"elementor-button elementor-button-link elementor-size-sm\" href=\"https:\/\/fecoporto.com\">\n\t\t\t\t\t\t<span class=\"elementor-button-content-wrapper\">\n\t\t\t\t\t\t\t\t\t<span class=\"elementor-button-text\">Voltar<\/span>\n\t\t\t\t\t<\/span>\n\t\t\t\t\t<\/a>\n\t\t\t\t<\/div>\n\t\t\t\t\t\t\t\t<\/div>\n\t\t\t\t<\/div>\n\t\t\t\t\t<\/div>\n\t\t<\/div>\n\t\t\t\t\t<\/div>\n\t\t<\/section>\n\t\t\t\t<\/div>\n\t\t","protected":false},"excerpt":{"rendered":"<p>Disputa Azul A Disputa Azul prop\u00f5e a reeduca\u00e7\u00e3o dos h\u00e1bitos de consumo atrav\u00e9s de uma competi\u00e7\u00e3o saud\u00e1vel entre col\u00e9gios pela economia de \u00e1gua. Tive a oportunidade de trabalhar desde a concep\u00e7\u00e3o do logotipo como em todo o desdobramento da campanha, incluindo o projeto gr\u00e1fico e diagrama\u00e7\u00e3o da cartilha educacional. Ag\u00eancia: Sagarana Comunica\u00e7\u00e3o. Voltar<\/p>\n","protected":false},"author":1,"featured_media":0,"parent":0,"menu_order":0,"comment_status":"closed","ping_status":"closed","template":"","meta":{"site-sidebar-layout":"no-sidebar","site-content-layout":"page-builder","ast-site-content-layout":"default","site-content-style":"default","site-sidebar-style":"default","ast-global-header-display":"","ast-banner-title-visibility":"","ast-main-header-display":"","ast-hfb-above-header-display":"","ast-hfb-below-header-display":"","ast-hfb-mobile-header-display":"","site-post-title":"disabled","ast-breadcrumbs-content":"","ast-featured-img":"disabled","footer-sml-layout":"","ast-disable-related-posts":"","theme-transparent-header-meta":"default","adv-header-id-meta":"","stick-header-meta":"","header-above-stick-meta":"","header-main-stick-meta":"","header-below-stick-meta":"","astra-migrate-meta-layouts":"default","ast-page-background-enabled":"default","ast-page-background-meta":{"desktop":{"background-color":"","background-image":"","background-repeat":"repeat","background-position":"center center","background-size":"auto","background-attachment":"scroll","background-type":"","background-media":"","overlay-type":"","overlay-color":"","overlay-opacity":"","overlay-gradient":""},"tablet":{"background-color":"","background-image":"","background-repeat":"repeat","background-position":"center center","background-size":"auto","background-attachment":"scroll","background-type":"","background-media":"","overlay-type":"","overlay-color":"","overlay-opacity":"","overlay-gradient":""},"mobile":{"background-color":"","background-image":"","background-repeat":"repeat","background-position":"center center","background-size":"auto","background-attachment":"scroll","background-type":"","background-media":"","overlay-type":"","overlay-color":"","overlay-opacity":"","overlay-gradient":""}},"ast-content-background-meta":{"desktop":{"background-color":"var(--ast-global-color-5)","background-image":"","background-repeat":"repeat","background-position":"center center","background-size":"auto","background-attachment":"scroll","background-type":"","background-media":"","overlay-type":"","overlay-color":"","overlay-opacity":"","overlay-gradient":""},"tablet":{"background-color":"var(--ast-global-color-5)","background-image":"","background-repeat":"repeat","background-position":"center center","background-size":"auto","background-attachment":"scroll","background-type":"","background-media":"","overlay-type":"","overlay-color":"","overlay-opacity":"","overlay-gradient":""},"mobile":{"background-color":"var(--ast-global-color-5)","background-image":"","background-repeat":"repeat","background-position":"center center","background-size":"auto","background-attachment":"scroll","background-type":"","background-media":"","overlay-type":"","overlay-color":"","overlay-opacity":"","overlay-gradient":""}},"footnotes":""},"class_list":["post-2097","page","type-page","status-publish","hentry"],"_links":{"self":[{"href":"https:\/\/fecoporto.com\/pt_br\/wp-json\/wp\/v2\/pages\/2097","targetHints":{"allow":["GET"]}}],"collection":[{"href":"https:\/\/fecoporto.com\/pt_br\/wp-json\/wp\/v2\/pages"}],"about":[{"href":"https:\/\/fecoporto.com\/pt_br\/wp-json\/wp\/v2\/types\/page"}],"author":[{"embeddable":true,"href":"https:\/\/fecoporto.com\/pt_br\/wp-json\/wp\/v2\/users\/1"}],"replies":[{"embeddable":true,"href":"https:\/\/fecoporto.com\/pt_br\/wp-json\/wp\/v2\/comments?post=2097"}],"version-history":[{"count":10,"href":"https:\/\/fecoporto.com\/pt_br\/wp-json\/wp\/v2\/pages\/2097\/revisions"}],"predecessor-version":[{"id":2400,"href":"https:\/\/fecoporto.com\/pt_br\/wp-json\/wp\/v2\/pages\/2097\/revisions\/2400"}],"wp:attachment":[{"href":"https:\/\/fecoporto.com\/pt_br\/wp-json\/wp\/v2\/media?parent=2097"}],"curies":[{"name":"wp","href":"https:\/\/api.w.org\/{rel}","templated":true}]}}