{"id":2092,"date":"2021-01-01T19:35:04","date_gmt":"2021-01-01T22:35:04","guid":{"rendered":"http:\/\/fecoporto.com\/?page_id=2092"},"modified":"2022-02-07T12:38:35","modified_gmt":"2022-02-07T15:38:35","slug":"canelle-healthy-sweets","status":"publish","type":"page","link":"https:\/\/fecoporto.com\/pt_br\/canelle-healthy-sweets\/","title":{"rendered":"Canelle"},"content":{"rendered":"\t\t<div data-elementor-type=\"wp-page\" data-elementor-id=\"2092\" class=\"elementor elementor-2092\">\n\t\t\t\t\t\t<section class=\"elementor-section elementor-top-section elementor-element elementor-element-386d312 elementor-section-boxed elementor-section-height-default elementor-section-height-default\" data-id=\"386d312\" data-element_type=\"section\" data-e-type=\"section\">\n\t\t\t\t\t\t<div class=\"elementor-container elementor-column-gap-default\">\n\t\t\t\t\t<div class=\"elementor-column elementor-col-100 elementor-top-column elementor-element elementor-element-6636e54\" data-id=\"6636e54\" data-element_type=\"column\" data-e-type=\"column\">\n\t\t\t<div class=\"elementor-widget-wrap elementor-element-populated\">\n\t\t\t\t\t\t<div class=\"elementor-element elementor-element-3bad82c elementor-widget elementor-widget-heading\" data-id=\"3bad82c\" data-element_type=\"widget\" data-e-type=\"widget\" data-widget_type=\"heading.default\">\n\t\t\t\t<div class=\"elementor-widget-container\">\n\t\t\t\t\t<h2 class=\"elementor-heading-title elementor-size-default\">Canelle - Healthy Sweets<\/h2>\t\t\t\t<\/div>\n\t\t\t\t<\/div>\n\t\t\t\t<div class=\"elementor-element elementor-element-b341a20 elementor-widget elementor-widget-text-editor\" data-id=\"b341a20\" data-element_type=\"widget\" data-e-type=\"widget\" data-widget_type=\"text-editor.default\">\n\t\t\t\t<div class=\"elementor-widget-container\">\n\t\t\t\t\t\t\t\t\t<p>Canelle \u00e9 uma marca de doces com o prop\u00f3sito de ser saud\u00e1vel e delicioso, feito sem gl\u00faten, sem lactose, low carb e 100% vegano. Tive o prazer de trabalhar no rebrand da marca, al\u00e9m de repensar a embalagem e elaborar os materiais de papelaria. Est\u00fadio: <a href=\"https:\/\/www.instagram.com\/giologystudio\/\">Giology Studio<\/a>.<\/p>\t\t\t\t\t\t\t\t<\/div>\n\t\t\t\t<\/div>\n\t\t\t\t\t<\/div>\n\t\t<\/div>\n\t\t\t\t\t<\/div>\n\t\t<\/section>\n\t\t\t\t<section class=\"elementor-section elementor-top-section elementor-element elementor-element-370b423 elementor-section-full_width elementor-section-height-default elementor-section-height-default\" data-id=\"370b423\" data-element_type=\"section\" data-e-type=\"section\">\n\t\t\t\t\t\t<div class=\"elementor-container elementor-column-gap-default\">\n\t\t\t\t\t<div class=\"elementor-column elementor-col-100 elementor-top-column elementor-element elementor-element-47fd56e\" data-id=\"47fd56e\" data-element_type=\"column\" data-e-type=\"column\">\n\t\t\t<div class=\"elementor-widget-wrap elementor-element-populated\">\n\t\t\t\t\t\t<div class=\"elementor-element elementor-element-ec104f3 elementor-widget elementor-widget-image\" data-id=\"ec104f3\" data-element_type=\"widget\" data-e-type=\"widget\" data-widget_type=\"image.default\">\n\t\t\t\t<div class=\"elementor-widget-container\">\n\t\t\t\t\t\t\t\t\t\t\t\t\t\t\t<img fetchpriority=\"high\" decoding=\"async\" width=\"1000\" height=\"628\" src=\"https:\/\/fecoporto.com\/wp-content\/uploads\/2022\/02\/Canelle_01-1.png\" class=\"attachment-full size-full wp-image-2464\" alt=\"\" srcset=\"https:\/\/fecoporto.com\/wp-content\/uploads\/2022\/02\/Canelle_01-1.png 1000w, https:\/\/fecoporto.com\/wp-content\/uploads\/2022\/02\/Canelle_01-1-300x188.png 300w, https:\/\/fecoporto.com\/wp-content\/uploads\/2022\/02\/Canelle_01-1-150x94.png 150w, https:\/\/fecoporto.com\/wp-content\/uploads\/2022\/02\/Canelle_01-1-768x482.png 768w\" sizes=\"(max-width: 1000px) 100vw, 1000px\" \/>\t\t\t\t\t\t\t\t\t\t\t\t\t\t\t<\/div>\n\t\t\t\t<\/div>\n\t\t\t\t<div class=\"elementor-element elementor-element-e278f95 elementor-widget elementor-widget-image\" data-id=\"e278f95\" data-element_type=\"widget\" data-e-type=\"widget\" data-widget_type=\"image.default\">\n\t\t\t\t<div class=\"elementor-widget-container\">\n\t\t\t\t\t\t\t\t\t\t\t\t\t\t\t<img decoding=\"async\" width=\"1000\" height=\"847\" src=\"https:\/\/fecoporto.com\/wp-content\/uploads\/2022\/02\/Canelle_02-1.png\" class=\"attachment-full size-full wp-image-2465\" alt=\"\" srcset=\"https:\/\/fecoporto.com\/wp-content\/uploads\/2022\/02\/Canelle_02-1.png 1000w, https:\/\/fecoporto.com\/wp-content\/uploads\/2022\/02\/Canelle_02-1-300x254.png 300w, https:\/\/fecoporto.com\/wp-content\/uploads\/2022\/02\/Canelle_02-1-150x127.png 150w, https:\/\/fecoporto.com\/wp-content\/uploads\/2022\/02\/Canelle_02-1-768x650.png 768w\" sizes=\"(max-width: 1000px) 100vw, 1000px\" \/>\t\t\t\t\t\t\t\t\t\t\t\t\t\t\t<\/div>\n\t\t\t\t<\/div>\n\t\t\t\t<div class=\"elementor-element elementor-element-af264ed elementor-widget elementor-widget-image\" data-id=\"af264ed\" data-element_type=\"widget\" data-e-type=\"widget\" data-widget_type=\"image.default\">\n\t\t\t\t<div class=\"elementor-widget-container\">\n\t\t\t\t\t\t\t\t\t\t\t\t\t\t\t<img decoding=\"async\" width=\"1000\" height=\"536\" src=\"https:\/\/fecoporto.com\/wp-content\/uploads\/2022\/02\/Canelle_03.png\" class=\"attachment-full size-full wp-image-2466\" alt=\"\" srcset=\"https:\/\/fecoporto.com\/wp-content\/uploads\/2022\/02\/Canelle_03.png 1000w, https:\/\/fecoporto.com\/wp-content\/uploads\/2022\/02\/Canelle_03-300x161.png 300w, https:\/\/fecoporto.com\/wp-content\/uploads\/2022\/02\/Canelle_03-150x80.png 150w, https:\/\/fecoporto.com\/wp-content\/uploads\/2022\/02\/Canelle_03-768x412.png 768w\" sizes=\"(max-width: 1000px) 100vw, 1000px\" \/>\t\t\t\t\t\t\t\t\t\t\t\t\t\t\t<\/div>\n\t\t\t\t<\/div>\n\t\t\t\t<div class=\"elementor-element elementor-element-6730103 elementor-widget elementor-widget-image\" data-id=\"6730103\" data-element_type=\"widget\" data-e-type=\"widget\" data-widget_type=\"image.default\">\n\t\t\t\t<div class=\"elementor-widget-container\">\n\t\t\t\t\t\t\t\t\t\t\t\t\t\t\t<img loading=\"lazy\" decoding=\"async\" width=\"1000\" height=\"572\" src=\"https:\/\/fecoporto.com\/wp-content\/uploads\/2022\/02\/Canelle_05.png\" class=\"attachment-full size-full wp-image-2467\" alt=\"\" srcset=\"https:\/\/fecoporto.com\/wp-content\/uploads\/2022\/02\/Canelle_05.png 1000w, https:\/\/fecoporto.com\/wp-content\/uploads\/2022\/02\/Canelle_05-300x172.png 300w, https:\/\/fecoporto.com\/wp-content\/uploads\/2022\/02\/Canelle_05-150x86.png 150w, https:\/\/fecoporto.com\/wp-content\/uploads\/2022\/02\/Canelle_05-768x439.png 768w\" sizes=\"(max-width: 1000px) 100vw, 1000px\" \/>\t\t\t\t\t\t\t\t\t\t\t\t\t\t\t<\/div>\n\t\t\t\t<\/div>\n\t\t\t\t\t<\/div>\n\t\t<\/div>\n\t\t\t\t\t<\/div>\n\t\t<\/section>\n\t\t\t\t<section class=\"elementor-section elementor-top-section elementor-element elementor-element-a8629fb elementor-section-boxed elementor-section-height-default elementor-section-height-default\" data-id=\"a8629fb\" data-element_type=\"section\" data-e-type=\"section\">\n\t\t\t\t\t\t<div class=\"elementor-container elementor-column-gap-default\">\n\t\t\t\t\t<div class=\"elementor-column elementor-col-100 elementor-top-column elementor-element elementor-element-318400f\" data-id=\"318400f\" data-element_type=\"column\" data-e-type=\"column\">\n\t\t\t<div class=\"elementor-widget-wrap elementor-element-populated\">\n\t\t\t\t\t\t<div class=\"elementor-element elementor-element-f75d7ad elementor-align-center elementor-widget elementor-widget-button\" data-id=\"f75d7ad\" data-element_type=\"widget\" data-e-type=\"widget\" data-widget_type=\"button.default\">\n\t\t\t\t<div class=\"elementor-widget-container\">\n\t\t\t\t\t\t\t\t\t<div class=\"elementor-button-wrapper\">\n\t\t\t\t\t<a class=\"elementor-button elementor-button-link elementor-size-sm\" href=\"https:\/\/fecoporto.com\">\n\t\t\t\t\t\t<span class=\"elementor-button-content-wrapper\">\n\t\t\t\t\t\t\t\t\t<span class=\"elementor-button-text\">Voltar<\/span>\n\t\t\t\t\t<\/span>\n\t\t\t\t\t<\/a>\n\t\t\t\t<\/div>\n\t\t\t\t\t\t\t\t<\/div>\n\t\t\t\t<\/div>\n\t\t\t\t\t<\/div>\n\t\t<\/div>\n\t\t\t\t\t<\/div>\n\t\t<\/section>\n\t\t\t\t<\/div>\n\t\t","protected":false},"excerpt":{"rendered":"<p>Canelle &#8211; Healthy Sweets Canelle \u00e9 uma marca de doces com o prop\u00f3sito de ser saud\u00e1vel e delicioso, feito sem gl\u00faten, sem lactose, low carb e 100% vegano. Tive o prazer de trabalhar no rebrand da marca, al\u00e9m de repensar a embalagem e elaborar os materiais de papelaria. Est\u00fadio: Giology Studio. Voltar<\/p>\n","protected":false},"author":1,"featured_media":0,"parent":0,"menu_order":0,"comment_status":"closed","ping_status":"closed","template":"","meta":{"site-sidebar-layout":"no-sidebar","site-content-layout":"page-builder","ast-site-content-layout":"default","site-content-style":"default","site-sidebar-style":"default","ast-global-header-display":"","ast-banner-title-visibility":"","ast-main-header-display":"","ast-hfb-above-header-display":"","ast-hfb-below-header-display":"","ast-hfb-mobile-header-display":"","site-post-title":"disabled","ast-breadcrumbs-content":"","ast-featured-img":"disabled","footer-sml-layout":"","ast-disable-related-posts":"","theme-transparent-header-meta":"default","adv-header-id-meta":"","stick-header-meta":"","header-above-stick-meta":"","header-main-stick-meta":"","header-below-stick-meta":"","astra-migrate-meta-layouts":"default","ast-page-background-enabled":"default","ast-page-background-meta":{"desktop":{"background-color":"","background-image":"","background-repeat":"repeat","background-position":"center center","background-size":"auto","background-attachment":"scroll","background-type":"","background-media":"","overlay-type":"","overlay-color":"","overlay-opacity":"","overlay-gradient":""},"tablet":{"background-color":"","background-image":"","background-repeat":"repeat","background-position":"center center","background-size":"auto","background-attachment":"scroll","background-type":"","background-media":"","overlay-type":"","overlay-color":"","overlay-opacity":"","overlay-gradient":""},"mobile":{"background-color":"","background-image":"","background-repeat":"repeat","background-position":"center center","background-size":"auto","background-attachment":"scroll","background-type":"","background-media":"","overlay-type":"","overlay-color":"","overlay-opacity":"","overlay-gradient":""}},"ast-content-background-meta":{"desktop":{"background-color":"var(--ast-global-color-5)","background-image":"","background-repeat":"repeat","background-position":"center center","background-size":"auto","background-attachment":"scroll","background-type":"","background-media":"","overlay-type":"","overlay-color":"","overlay-opacity":"","overlay-gradient":""},"tablet":{"background-color":"var(--ast-global-color-5)","background-image":"","background-repeat":"repeat","background-position":"center center","background-size":"auto","background-attachment":"scroll","background-type":"","background-media":"","overlay-type":"","overlay-color":"","overlay-opacity":"","overlay-gradient":""},"mobile":{"background-color":"var(--ast-global-color-5)","background-image":"","background-repeat":"repeat","background-position":"center center","background-size":"auto","background-attachment":"scroll","background-type":"","background-media":"","overlay-type":"","overlay-color":"","overlay-opacity":"","overlay-gradient":""}},"footnotes":""},"class_list":["post-2092","page","type-page","status-publish","hentry"],"_links":{"self":[{"href":"https:\/\/fecoporto.com\/pt_br\/wp-json\/wp\/v2\/pages\/2092","targetHints":{"allow":["GET"]}}],"collection":[{"href":"https:\/\/fecoporto.com\/pt_br\/wp-json\/wp\/v2\/pages"}],"about":[{"href":"https:\/\/fecoporto.com\/pt_br\/wp-json\/wp\/v2\/types\/page"}],"author":[{"embeddable":true,"href":"https:\/\/fecoporto.com\/pt_br\/wp-json\/wp\/v2\/users\/1"}],"replies":[{"embeddable":true,"href":"https:\/\/fecoporto.com\/pt_br\/wp-json\/wp\/v2\/comments?post=2092"}],"version-history":[{"count":17,"href":"https:\/\/fecoporto.com\/pt_br\/wp-json\/wp\/v2\/pages\/2092\/revisions"}],"predecessor-version":[{"id":2587,"href":"https:\/\/fecoporto.com\/pt_br\/wp-json\/wp\/v2\/pages\/2092\/revisions\/2587"}],"wp:attachment":[{"href":"https:\/\/fecoporto.com\/pt_br\/wp-json\/wp\/v2\/media?parent=2092"}],"curies":[{"name":"wp","href":"https:\/\/api.w.org\/{rel}","templated":true}]}}