{"id":2017,"date":"2021-01-01T14:09:57","date_gmt":"2021-01-01T17:09:57","guid":{"rendered":"http:\/\/fecoporto.com\/?page_id=2017"},"modified":"2022-03-05T20:08:29","modified_gmt":"2022-03-05T23:08:29","slug":"timberland-ride-on","status":"publish","type":"page","link":"https:\/\/fecoporto.com\/pt_br\/timberland-ride-on\/","title":{"rendered":"Timberland &#8211; Ride On"},"content":{"rendered":"\t\t<div data-elementor-type=\"wp-page\" data-elementor-id=\"2017\" class=\"elementor elementor-2017\">\n\t\t\t\t\t\t<section class=\"elementor-section elementor-top-section elementor-element elementor-element-386d312 elementor-section-boxed elementor-section-height-default elementor-section-height-default\" data-id=\"386d312\" data-element_type=\"section\" data-e-type=\"section\">\n\t\t\t\t\t\t<div class=\"elementor-container elementor-column-gap-default\">\n\t\t\t\t\t<div class=\"elementor-column elementor-col-100 elementor-top-column elementor-element elementor-element-6636e54\" data-id=\"6636e54\" data-element_type=\"column\" data-e-type=\"column\">\n\t\t\t<div class=\"elementor-widget-wrap elementor-element-populated\">\n\t\t\t\t\t\t<div class=\"elementor-element elementor-element-3bad82c elementor-widget elementor-widget-heading\" data-id=\"3bad82c\" data-element_type=\"widget\" data-e-type=\"widget\" data-widget_type=\"heading.default\">\n\t\t\t\t<div class=\"elementor-widget-container\">\n\t\t\t\t\t<h2 class=\"elementor-heading-title elementor-size-default\">Timberland - Ride On<\/h2>\t\t\t\t<\/div>\n\t\t\t\t<\/div>\n\t\t\t\t<div class=\"elementor-element elementor-element-b341a20 elementor-widget elementor-widget-text-editor\" data-id=\"b341a20\" data-element_type=\"widget\" data-e-type=\"widget\" data-widget_type=\"text-editor.default\">\n\t\t\t\t<div class=\"elementor-widget-container\">\n\t\t\t\t\t\t\t\t\t<p>Ride On foi uma campanha criada para a Timberland com conceito aventura para divulgar a nova tecnologia Pedal Flex.\u00a0<span style=\"font-size: 15px;\">Participei da concep\u00e7\u00e3o e desenvolvimento da identidade visual das vitrines das lojas Timberland no Brasil. Fotos por\u00a0<\/span><a style=\"font-size: 15px; background-color: #ffffff;\" href=\"https:\/\/www.instagram.com\/lucaspacifico\/\" target=\"_blank\" rel=\"noopener\"><span style=\"text-decoration-line: underline;\">Lucas Pac\u00edfico<\/span><\/a><span style=\"font-size: 15px;\">. Ag\u00eancia: <a href=\"http:\/\/sagaranacomunicacao.com.br\" target=\"_blank\" rel=\"noopener\">Sagarana Comunica\u00e7\u00e3o<\/a>.<\/span><\/p>\t\t\t\t\t\t\t\t<\/div>\n\t\t\t\t<\/div>\n\t\t\t\t\t<\/div>\n\t\t<\/div>\n\t\t\t\t\t<\/div>\n\t\t<\/section>\n\t\t\t\t<section class=\"elementor-section elementor-top-section elementor-element elementor-element-370b423 elementor-section-full_width elementor-section-height-default elementor-section-height-default\" data-id=\"370b423\" data-element_type=\"section\" data-e-type=\"section\">\n\t\t\t\t\t\t<div class=\"elementor-container elementor-column-gap-default\">\n\t\t\t\t\t<div class=\"elementor-column elementor-col-100 elementor-top-column elementor-element elementor-element-47fd56e\" data-id=\"47fd56e\" data-element_type=\"column\" data-e-type=\"column\">\n\t\t\t<div class=\"elementor-widget-wrap elementor-element-populated\">\n\t\t\t\t\t\t<div class=\"elementor-element elementor-element-ec104f3 elementor-widget elementor-widget-image\" data-id=\"ec104f3\" data-element_type=\"widget\" data-e-type=\"widget\" data-widget_type=\"image.default\">\n\t\t\t\t<div class=\"elementor-widget-container\">\n\t\t\t\t\t\t\t\t\t\t\t\t\t\t\t<img fetchpriority=\"high\" decoding=\"async\" width=\"1024\" height=\"513\" src=\"https:\/\/fecoporto.com\/wp-content\/uploads\/2020\/02\/Layout_Behance_RideOn_01-1024x513.png\" class=\"attachment-large size-large wp-image-159\" alt=\"\" srcset=\"https:\/\/fecoporto.com\/wp-content\/uploads\/2020\/02\/Layout_Behance_RideOn_01-1024x513.png 1024w, https:\/\/fecoporto.com\/wp-content\/uploads\/2020\/02\/Layout_Behance_RideOn_01-300x150.png 300w, https:\/\/fecoporto.com\/wp-content\/uploads\/2020\/02\/Layout_Behance_RideOn_01-768x385.png 768w, https:\/\/fecoporto.com\/wp-content\/uploads\/2020\/02\/Layout_Behance_RideOn_01-1536x770.png 1536w, https:\/\/fecoporto.com\/wp-content\/uploads\/2020\/02\/Layout_Behance_RideOn_01.png 1748w\" sizes=\"(max-width: 1024px) 100vw, 1024px\" \/>\t\t\t\t\t\t\t\t\t\t\t\t\t\t\t<\/div>\n\t\t\t\t<\/div>\n\t\t\t\t<div class=\"elementor-element elementor-element-e278f95 elementor-widget elementor-widget-image\" data-id=\"e278f95\" data-element_type=\"widget\" data-e-type=\"widget\" data-widget_type=\"image.default\">\n\t\t\t\t<div class=\"elementor-widget-container\">\n\t\t\t\t\t\t\t\t\t\t\t\t\t\t\t<img decoding=\"async\" width=\"1024\" height=\"545\" src=\"https:\/\/fecoporto.com\/wp-content\/uploads\/2020\/02\/Layout_Behance_RideOn_02-1024x545.png\" class=\"attachment-large size-large wp-image-160\" alt=\"\" srcset=\"https:\/\/fecoporto.com\/wp-content\/uploads\/2020\/02\/Layout_Behance_RideOn_02-1024x545.png 1024w, https:\/\/fecoporto.com\/wp-content\/uploads\/2020\/02\/Layout_Behance_RideOn_02-300x160.png 300w, https:\/\/fecoporto.com\/wp-content\/uploads\/2020\/02\/Layout_Behance_RideOn_02-768x409.png 768w, https:\/\/fecoporto.com\/wp-content\/uploads\/2020\/02\/Layout_Behance_RideOn_02-1536x818.png 1536w, https:\/\/fecoporto.com\/wp-content\/uploads\/2020\/02\/Layout_Behance_RideOn_02.png 1748w\" sizes=\"(max-width: 1024px) 100vw, 1024px\" \/>\t\t\t\t\t\t\t\t\t\t\t\t\t\t\t<\/div>\n\t\t\t\t<\/div>\n\t\t\t\t<div class=\"elementor-element elementor-element-af264ed elementor-widget elementor-widget-image\" data-id=\"af264ed\" data-element_type=\"widget\" data-e-type=\"widget\" data-widget_type=\"image.default\">\n\t\t\t\t<div class=\"elementor-widget-container\">\n\t\t\t\t\t\t\t\t\t\t\t\t\t\t\t<img decoding=\"async\" width=\"1024\" height=\"815\" src=\"https:\/\/fecoporto.com\/wp-content\/uploads\/2020\/02\/Layout_Behance_RideOn_03-1024x815.png\" class=\"attachment-large size-large wp-image-161\" alt=\"\" srcset=\"https:\/\/fecoporto.com\/wp-content\/uploads\/2020\/02\/Layout_Behance_RideOn_03-1024x815.png 1024w, https:\/\/fecoporto.com\/wp-content\/uploads\/2020\/02\/Layout_Behance_RideOn_03-300x239.png 300w, https:\/\/fecoporto.com\/wp-content\/uploads\/2020\/02\/Layout_Behance_RideOn_03-768x612.png 768w, https:\/\/fecoporto.com\/wp-content\/uploads\/2020\/02\/Layout_Behance_RideOn_03-1536x1223.png 1536w, https:\/\/fecoporto.com\/wp-content\/uploads\/2020\/02\/Layout_Behance_RideOn_03.png 1748w\" sizes=\"(max-width: 1024px) 100vw, 1024px\" \/>\t\t\t\t\t\t\t\t\t\t\t\t\t\t\t<\/div>\n\t\t\t\t<\/div>\n\t\t\t\t<div class=\"elementor-element elementor-element-6730103 elementor-widget elementor-widget-image\" data-id=\"6730103\" data-element_type=\"widget\" data-e-type=\"widget\" data-widget_type=\"image.default\">\n\t\t\t\t<div class=\"elementor-widget-container\">\n\t\t\t\t\t\t\t\t\t\t\t\t\t\t\t<img loading=\"lazy\" decoding=\"async\" width=\"1024\" height=\"766\" src=\"https:\/\/fecoporto.com\/wp-content\/uploads\/2020\/02\/Layout_Behance_RideOn_04-1024x766.png\" class=\"attachment-large size-large wp-image-158\" alt=\"\" srcset=\"https:\/\/fecoporto.com\/wp-content\/uploads\/2020\/02\/Layout_Behance_RideOn_04-1024x766.png 1024w, https:\/\/fecoporto.com\/wp-content\/uploads\/2020\/02\/Layout_Behance_RideOn_04-300x224.png 300w, https:\/\/fecoporto.com\/wp-content\/uploads\/2020\/02\/Layout_Behance_RideOn_04-768x575.png 768w, https:\/\/fecoporto.com\/wp-content\/uploads\/2020\/02\/Layout_Behance_RideOn_04-1536x1149.png 1536w, https:\/\/fecoporto.com\/wp-content\/uploads\/2020\/02\/Layout_Behance_RideOn_04.png 1748w\" sizes=\"(max-width: 1024px) 100vw, 1024px\" \/>\t\t\t\t\t\t\t\t\t\t\t\t\t\t\t<\/div>\n\t\t\t\t<\/div>\n\t\t\t\t\t<\/div>\n\t\t<\/div>\n\t\t\t\t\t<\/div>\n\t\t<\/section>\n\t\t\t\t<section class=\"elementor-section elementor-top-section elementor-element elementor-element-a8629fb elementor-section-boxed elementor-section-height-default elementor-section-height-default\" data-id=\"a8629fb\" data-element_type=\"section\" data-e-type=\"section\">\n\t\t\t\t\t\t<div class=\"elementor-container elementor-column-gap-default\">\n\t\t\t\t\t<div class=\"elementor-column elementor-col-100 elementor-top-column elementor-element elementor-element-318400f\" data-id=\"318400f\" data-element_type=\"column\" data-e-type=\"column\">\n\t\t\t<div class=\"elementor-widget-wrap elementor-element-populated\">\n\t\t\t\t\t\t<div class=\"elementor-element elementor-element-f75d7ad elementor-align-center elementor-widget elementor-widget-button\" data-id=\"f75d7ad\" data-element_type=\"widget\" data-e-type=\"widget\" data-widget_type=\"button.default\">\n\t\t\t\t<div class=\"elementor-widget-container\">\n\t\t\t\t\t\t\t\t\t<div class=\"elementor-button-wrapper\">\n\t\t\t\t\t<a class=\"elementor-button elementor-button-link elementor-size-sm\" href=\"https:\/\/fecoporto.com\">\n\t\t\t\t\t\t<span class=\"elementor-button-content-wrapper\">\n\t\t\t\t\t\t\t\t\t<span class=\"elementor-button-text\">Voltar<\/span>\n\t\t\t\t\t<\/span>\n\t\t\t\t\t<\/a>\n\t\t\t\t<\/div>\n\t\t\t\t\t\t\t\t<\/div>\n\t\t\t\t<\/div>\n\t\t\t\t\t<\/div>\n\t\t<\/div>\n\t\t\t\t\t<\/div>\n\t\t<\/section>\n\t\t\t\t<\/div>\n\t\t","protected":false},"excerpt":{"rendered":"<p>Timberland &#8211; Ride On Ride On foi uma campanha criada para a Timberland com conceito aventura para divulgar a nova tecnologia Pedal Flex.\u00a0Participei da concep\u00e7\u00e3o e desenvolvimento da identidade visual das vitrines das lojas Timberland no Brasil. Fotos por\u00a0Lucas Pac\u00edfico. Ag\u00eancia: Sagarana Comunica\u00e7\u00e3o. Voltar<\/p>\n","protected":false},"author":1,"featured_media":0,"parent":0,"menu_order":0,"comment_status":"closed","ping_status":"closed","template":"","meta":{"site-sidebar-layout":"no-sidebar","site-content-layout":"page-builder","ast-site-content-layout":"default","site-content-style":"default","site-sidebar-style":"default","ast-global-header-display":"","ast-banner-title-visibility":"","ast-main-header-display":"","ast-hfb-above-header-display":"","ast-hfb-below-header-display":"","ast-hfb-mobile-header-display":"","site-post-title":"disabled","ast-breadcrumbs-content":"","ast-featured-img":"disabled","footer-sml-layout":"","ast-disable-related-posts":"","theme-transparent-header-meta":"default","adv-header-id-meta":"","stick-header-meta":"","header-above-stick-meta":"","header-main-stick-meta":"","header-below-stick-meta":"","astra-migrate-meta-layouts":"default","ast-page-background-enabled":"default","ast-page-background-meta":{"desktop":{"background-color":"","background-image":"","background-repeat":"repeat","background-position":"center center","background-size":"auto","background-attachment":"scroll","background-type":"","background-media":"","overlay-type":"","overlay-color":"","overlay-opacity":"","overlay-gradient":""},"tablet":{"background-color":"","background-image":"","background-repeat":"repeat","background-position":"center center","background-size":"auto","background-attachment":"scroll","background-type":"","background-media":"","overlay-type":"","overlay-color":"","overlay-opacity":"","overlay-gradient":""},"mobile":{"background-color":"","background-image":"","background-repeat":"repeat","background-position":"center center","background-size":"auto","background-attachment":"scroll","background-type":"","background-media":"","overlay-type":"","overlay-color":"","overlay-opacity":"","overlay-gradient":""}},"ast-content-background-meta":{"desktop":{"background-color":"var(--ast-global-color-5)","background-image":"","background-repeat":"repeat","background-position":"center center","background-size":"auto","background-attachment":"scroll","background-type":"","background-media":"","overlay-type":"","overlay-color":"","overlay-opacity":"","overlay-gradient":""},"tablet":{"background-color":"var(--ast-global-color-5)","background-image":"","background-repeat":"repeat","background-position":"center center","background-size":"auto","background-attachment":"scroll","background-type":"","background-media":"","overlay-type":"","overlay-color":"","overlay-opacity":"","overlay-gradient":""},"mobile":{"background-color":"var(--ast-global-color-5)","background-image":"","background-repeat":"repeat","background-position":"center center","background-size":"auto","background-attachment":"scroll","background-type":"","background-media":"","overlay-type":"","overlay-color":"","overlay-opacity":"","overlay-gradient":""}},"footnotes":""},"class_list":["post-2017","page","type-page","status-publish","hentry"],"_links":{"self":[{"href":"https:\/\/fecoporto.com\/pt_br\/wp-json\/wp\/v2\/pages\/2017","targetHints":{"allow":["GET"]}}],"collection":[{"href":"https:\/\/fecoporto.com\/pt_br\/wp-json\/wp\/v2\/pages"}],"about":[{"href":"https:\/\/fecoporto.com\/pt_br\/wp-json\/wp\/v2\/types\/page"}],"author":[{"embeddable":true,"href":"https:\/\/fecoporto.com\/pt_br\/wp-json\/wp\/v2\/users\/1"}],"replies":[{"embeddable":true,"href":"https:\/\/fecoporto.com\/pt_br\/wp-json\/wp\/v2\/comments?post=2017"}],"version-history":[{"count":29,"href":"https:\/\/fecoporto.com\/pt_br\/wp-json\/wp\/v2\/pages\/2017\/revisions"}],"predecessor-version":[{"id":2418,"href":"https:\/\/fecoporto.com\/pt_br\/wp-json\/wp\/v2\/pages\/2017\/revisions\/2418"}],"wp:attachment":[{"href":"https:\/\/fecoporto.com\/pt_br\/wp-json\/wp\/v2\/media?parent=2017"}],"curies":[{"name":"wp","href":"https:\/\/api.w.org\/{rel}","templated":true}]}}