{"id":2802,"date":"2023-03-07T12:30:23","date_gmt":"2023-03-07T15:30:23","guid":{"rendered":"https:\/\/fecoporto.com\/?page_id=2802"},"modified":"2023-03-07T13:12:18","modified_gmt":"2023-03-07T16:12:18","slug":"popo","status":"publish","type":"page","link":"https:\/\/fecoporto.com\/en\/popo\/","title":{"rendered":"P\u00f3 P\u00f4 &#8211; Branding"},"content":{"rendered":"<div data-elementor-type=\"wp-page\" data-elementor-id=\"2802\" class=\"elementor elementor-2802\">\n\t\t\t\t\t\t<section class=\"elementor-section elementor-top-section elementor-element elementor-element-386d312 elementor-section-boxed elementor-section-height-default elementor-section-height-default\" data-id=\"386d312\" data-element_type=\"section\" data-e-type=\"section\">\n\t\t\t\t\t\t<div class=\"elementor-container elementor-column-gap-default\">\n\t\t\t\t\t<div class=\"elementor-column elementor-col-100 elementor-top-column elementor-element elementor-element-6636e54\" data-id=\"6636e54\" data-element_type=\"column\" data-e-type=\"column\">\n\t\t\t<div class=\"elementor-widget-wrap elementor-element-populated\">\n\t\t\t\t\t\t<div class=\"elementor-element elementor-element-3bad82c elementor-widget elementor-widget-heading\" data-id=\"3bad82c\" data-element_type=\"widget\" data-e-type=\"widget\" data-widget_type=\"heading.default\">\n\t\t\t\t<div class=\"elementor-widget-container\">\n\t\t\t\t\t<h2 class=\"elementor-heading-title elementor-size-default\">P\u00f3 P\u00f4 - Branding<\/h2>\t\t\t\t<\/div>\n\t\t\t\t<\/div>\n\t\t\t\t<div class=\"elementor-element elementor-element-b341a20 elementor-widget elementor-widget-text-editor\" data-id=\"b341a20\" data-element_type=\"widget\" data-e-type=\"widget\" data-widget_type=\"text-editor.default\">\n\t\t\t\t<div class=\"elementor-widget-container\">\n\t\t\t\t\t\t\t\t\t<p>P\u00f3 P\u00f4 is a study project for a fictional restaurant that serves chicken and eggs with homemade spice.<\/p>\t\t\t\t\t\t\t\t<\/div>\n\t\t\t\t<\/div>\n\t\t\t\t\t<\/div>\n\t\t<\/div>\n\t\t\t\t\t<\/div>\n\t\t<\/section>\n\t\t\t\t<section class=\"elementor-section elementor-top-section elementor-element elementor-element-370b423 elementor-section-boxed elementor-section-height-default elementor-section-height-default\" data-id=\"370b423\" data-element_type=\"section\" data-e-type=\"section\">\n\t\t\t\t\t\t<div class=\"elementor-container elementor-column-gap-default\">\n\t\t\t\t\t<div class=\"elementor-column elementor-col-100 elementor-top-column elementor-element elementor-element-47fd56e\" data-id=\"47fd56e\" data-element_type=\"column\" data-e-type=\"column\">\n\t\t\t<div class=\"elementor-widget-wrap elementor-element-populated\">\n\t\t\t\t\t\t<div class=\"elementor-element elementor-element-ec104f3 elementor-widget elementor-widget-image\" data-id=\"ec104f3\" data-element_type=\"widget\" data-e-type=\"widget\" data-widget_type=\"image.default\">\n\t\t\t\t<div class=\"elementor-widget-container\">\n\t\t\t\t\t\t\t\t\t\t\t\t\t\t\t<img fetchpriority=\"high\" decoding=\"async\" width=\"2560\" height=\"1560\" src=\"https:\/\/fecoporto.com\/wp-content\/uploads\/2023\/03\/PoPo_BehanceV1-01b-scaled.jpg\" class=\"attachment-full size-full wp-image-2811\" alt=\"\" srcset=\"https:\/\/fecoporto.com\/wp-content\/uploads\/2023\/03\/PoPo_BehanceV1-01b-scaled.jpg 2560w, https:\/\/fecoporto.com\/wp-content\/uploads\/2023\/03\/PoPo_BehanceV1-01b-300x183.jpg 300w, https:\/\/fecoporto.com\/wp-content\/uploads\/2023\/03\/PoPo_BehanceV1-01b-1772x1080.jpg 1772w, https:\/\/fecoporto.com\/wp-content\/uploads\/2023\/03\/PoPo_BehanceV1-01b-150x91.jpg 150w, https:\/\/fecoporto.com\/wp-content\/uploads\/2023\/03\/PoPo_BehanceV1-01b-768x468.jpg 768w, https:\/\/fecoporto.com\/wp-content\/uploads\/2023\/03\/PoPo_BehanceV1-01b-1536x936.jpg 1536w\" sizes=\"(max-width: 2560px) 100vw, 2560px\" \/>\t\t\t\t\t\t\t\t\t\t\t\t\t\t\t<\/div>\n\t\t\t\t<\/div>\n\t\t\t\t<div class=\"elementor-element elementor-element-342a406 elementor-widget elementor-widget-image\" data-id=\"342a406\" data-element_type=\"widget\" data-e-type=\"widget\" data-widget_type=\"image.default\">\n\t\t\t\t<div class=\"elementor-widget-container\">\n\t\t\t\t\t\t\t\t\t\t\t\t\t\t\t<img decoding=\"async\" width=\"2560\" height=\"1251\" src=\"https:\/\/fecoporto.com\/wp-content\/uploads\/2023\/03\/PoPo_BehanceV1-02-scaled.jpg\" class=\"attachment-full size-full wp-image-2805\" alt=\"\" srcset=\"https:\/\/fecoporto.com\/wp-content\/uploads\/2023\/03\/PoPo_BehanceV1-02-scaled.jpg 2560w, https:\/\/fecoporto.com\/wp-content\/uploads\/2023\/03\/PoPo_BehanceV1-02-300x147.jpg 300w, https:\/\/fecoporto.com\/wp-content\/uploads\/2023\/03\/PoPo_BehanceV1-02-1920x938.jpg 1920w, https:\/\/fecoporto.com\/wp-content\/uploads\/2023\/03\/PoPo_BehanceV1-02-150x73.jpg 150w, https:\/\/fecoporto.com\/wp-content\/uploads\/2023\/03\/PoPo_BehanceV1-02-768x375.jpg 768w, https:\/\/fecoporto.com\/wp-content\/uploads\/2023\/03\/PoPo_BehanceV1-02-1536x751.jpg 1536w, https:\/\/fecoporto.com\/wp-content\/uploads\/2023\/03\/PoPo_BehanceV1-02-2048x1001.jpg 2048w, https:\/\/fecoporto.com\/wp-content\/uploads\/2023\/03\/PoPo_BehanceV1-02-18x9.jpg 18w\" sizes=\"(max-width: 2560px) 100vw, 2560px\" \/>\t\t\t\t\t\t\t\t\t\t\t\t\t\t\t<\/div>\n\t\t\t\t<\/div>\n\t\t\t\t<div class=\"elementor-element elementor-element-4520dcf elementor-widget elementor-widget-image\" data-id=\"4520dcf\" data-element_type=\"widget\" data-e-type=\"widget\" data-widget_type=\"image.default\">\n\t\t\t\t<div class=\"elementor-widget-container\">\n\t\t\t\t\t\t\t\t\t\t\t\t\t\t\t<img decoding=\"async\" width=\"2560\" height=\"1829\" src=\"https:\/\/fecoporto.com\/wp-content\/uploads\/2023\/03\/PoPo_BehanceV1-03-scaled.jpg\" class=\"attachment-full size-full wp-image-2806\" alt=\"\" srcset=\"https:\/\/fecoporto.com\/wp-content\/uploads\/2023\/03\/PoPo_BehanceV1-03-scaled.jpg 2560w, https:\/\/fecoporto.com\/wp-content\/uploads\/2023\/03\/PoPo_BehanceV1-03-300x214.jpg 300w, https:\/\/fecoporto.com\/wp-content\/uploads\/2023\/03\/PoPo_BehanceV1-03-1512x1080.jpg 1512w, https:\/\/fecoporto.com\/wp-content\/uploads\/2023\/03\/PoPo_BehanceV1-03-150x107.jpg 150w, https:\/\/fecoporto.com\/wp-content\/uploads\/2023\/03\/PoPo_BehanceV1-03-768x549.jpg 768w, https:\/\/fecoporto.com\/wp-content\/uploads\/2023\/03\/PoPo_BehanceV1-03-1536x1097.jpg 1536w, https:\/\/fecoporto.com\/wp-content\/uploads\/2023\/03\/PoPo_BehanceV1-03-2048x1463.jpg 2048w, https:\/\/fecoporto.com\/wp-content\/uploads\/2023\/03\/PoPo_BehanceV1-03-18x12.jpg 18w\" sizes=\"(max-width: 2560px) 100vw, 2560px\" \/>\t\t\t\t\t\t\t\t\t\t\t\t\t\t\t<\/div>\n\t\t\t\t<\/div>\n\t\t\t\t<div class=\"elementor-element elementor-element-5ca196f elementor-widget elementor-widget-image\" data-id=\"5ca196f\" data-element_type=\"widget\" data-e-type=\"widget\" data-widget_type=\"image.default\">\n\t\t\t\t<div class=\"elementor-widget-container\">\n\t\t\t\t\t\t\t\t\t\t\t\t\t\t\t<img loading=\"lazy\" decoding=\"async\" width=\"2560\" height=\"1560\" src=\"https:\/\/fecoporto.com\/wp-content\/uploads\/2023\/03\/PoPo_BehanceV1-04-scaled.jpg\" class=\"attachment-full size-full wp-image-2807\" alt=\"\" srcset=\"https:\/\/fecoporto.com\/wp-content\/uploads\/2023\/03\/PoPo_BehanceV1-04-scaled.jpg 2560w, https:\/\/fecoporto.com\/wp-content\/uploads\/2023\/03\/PoPo_BehanceV1-04-300x183.jpg 300w, https:\/\/fecoporto.com\/wp-content\/uploads\/2023\/03\/PoPo_BehanceV1-04-1772x1080.jpg 1772w, https:\/\/fecoporto.com\/wp-content\/uploads\/2023\/03\/PoPo_BehanceV1-04-150x91.jpg 150w, https:\/\/fecoporto.com\/wp-content\/uploads\/2023\/03\/PoPo_BehanceV1-04-768x468.jpg 768w, https:\/\/fecoporto.com\/wp-content\/uploads\/2023\/03\/PoPo_BehanceV1-04-1536x936.jpg 1536w, https:\/\/fecoporto.com\/wp-content\/uploads\/2023\/03\/PoPo_BehanceV1-04-2048x1248.jpg 2048w, https:\/\/fecoporto.com\/wp-content\/uploads\/2023\/03\/PoPo_BehanceV1-04-18x12.jpg 18w\" sizes=\"(max-width: 2560px) 100vw, 2560px\" \/>\t\t\t\t\t\t\t\t\t\t\t\t\t\t\t<\/div>\n\t\t\t\t<\/div>\n\t\t\t\t<div class=\"elementor-element elementor-element-8d15f16 elementor-widget elementor-widget-image\" data-id=\"8d15f16\" data-element_type=\"widget\" data-e-type=\"widget\" data-widget_type=\"image.default\">\n\t\t\t\t<div class=\"elementor-widget-container\">\n\t\t\t\t\t\t\t\t\t\t\t\t\t\t\t<img loading=\"lazy\" decoding=\"async\" width=\"2560\" height=\"1717\" src=\"https:\/\/fecoporto.com\/wp-content\/uploads\/2023\/03\/PoPo_BehanceV1-05-scaled.jpg\" class=\"attachment-full size-full wp-image-2808\" alt=\"\" srcset=\"https:\/\/fecoporto.com\/wp-content\/uploads\/2023\/03\/PoPo_BehanceV1-05-scaled.jpg 2560w, https:\/\/fecoporto.com\/wp-content\/uploads\/2023\/03\/PoPo_BehanceV1-05-300x201.jpg 300w, https:\/\/fecoporto.com\/wp-content\/uploads\/2023\/03\/PoPo_BehanceV1-05-1610x1080.jpg 1610w, https:\/\/fecoporto.com\/wp-content\/uploads\/2023\/03\/PoPo_BehanceV1-05-150x101.jpg 150w, https:\/\/fecoporto.com\/wp-content\/uploads\/2023\/03\/PoPo_BehanceV1-05-768x515.jpg 768w, https:\/\/fecoporto.com\/wp-content\/uploads\/2023\/03\/PoPo_BehanceV1-05-1536x1030.jpg 1536w, https:\/\/fecoporto.com\/wp-content\/uploads\/2023\/03\/PoPo_BehanceV1-05-2048x1374.jpg 2048w, https:\/\/fecoporto.com\/wp-content\/uploads\/2023\/03\/PoPo_BehanceV1-05-18x12.jpg 18w\" sizes=\"(max-width: 2560px) 100vw, 2560px\" \/>\t\t\t\t\t\t\t\t\t\t\t\t\t\t\t<\/div>\n\t\t\t\t<\/div>\n\t\t\t\t<div class=\"elementor-element elementor-element-64bbff8 elementor-widget elementor-widget-image\" data-id=\"64bbff8\" data-element_type=\"widget\" data-e-type=\"widget\" data-widget_type=\"image.default\">\n\t\t\t\t<div class=\"elementor-widget-container\">\n\t\t\t\t\t\t\t\t\t\t\t\t\t\t\t<img loading=\"lazy\" decoding=\"async\" width=\"2560\" height=\"1675\" src=\"https:\/\/fecoporto.com\/wp-content\/uploads\/2023\/03\/PoPo_BehanceV1-06-scaled.jpg\" class=\"attachment-full size-full wp-image-2809\" alt=\"\" srcset=\"https:\/\/fecoporto.com\/wp-content\/uploads\/2023\/03\/PoPo_BehanceV1-06-scaled.jpg 2560w, https:\/\/fecoporto.com\/wp-content\/uploads\/2023\/03\/PoPo_BehanceV1-06-300x196.jpg 300w, https:\/\/fecoporto.com\/wp-content\/uploads\/2023\/03\/PoPo_BehanceV1-06-1650x1080.jpg 1650w, https:\/\/fecoporto.com\/wp-content\/uploads\/2023\/03\/PoPo_BehanceV1-06-150x98.jpg 150w, https:\/\/fecoporto.com\/wp-content\/uploads\/2023\/03\/PoPo_BehanceV1-06-768x503.jpg 768w, https:\/\/fecoporto.com\/wp-content\/uploads\/2023\/03\/PoPo_BehanceV1-06-1536x1005.jpg 1536w\" sizes=\"(max-width: 2560px) 100vw, 2560px\" \/>\t\t\t\t\t\t\t\t\t\t\t\t\t\t\t<\/div>\n\t\t\t\t<\/div>\n\t\t\t\t<div class=\"elementor-element elementor-element-2fbb666 elementor-widget elementor-widget-image\" data-id=\"2fbb666\" data-element_type=\"widget\" data-e-type=\"widget\" data-widget_type=\"image.default\">\n\t\t\t\t<div class=\"elementor-widget-container\">\n\t\t\t\t\t\t\t\t\t\t\t\t\t\t\t<img loading=\"lazy\" decoding=\"async\" width=\"1400\" height=\"296\" src=\"https:\/\/fecoporto.com\/wp-content\/uploads\/2023\/03\/behance_rodape.jpg\" class=\"attachment-full size-full wp-image-2833\" alt=\"\" srcset=\"https:\/\/fecoporto.com\/wp-content\/uploads\/2023\/03\/behance_rodape.jpg 1400w, https:\/\/fecoporto.com\/wp-content\/uploads\/2023\/03\/behance_rodape-300x63.jpg 300w, https:\/\/fecoporto.com\/wp-content\/uploads\/2023\/03\/behance_rodape-150x32.jpg 150w, https:\/\/fecoporto.com\/wp-content\/uploads\/2023\/03\/behance_rodape-768x162.jpg 768w, https:\/\/fecoporto.com\/wp-content\/uploads\/2023\/03\/behance_rodape-18x4.jpg 18w\" sizes=\"(max-width: 1400px) 100vw, 1400px\" \/>\t\t\t\t\t\t\t\t\t\t\t\t\t\t\t<\/div>\n\t\t\t\t<\/div>\n\t\t\t\t\t<\/div>\n\t\t<\/div>\n\t\t\t\t\t<\/div>\n\t\t<\/section>\n\t\t\t\t<section class=\"elementor-section elementor-top-section elementor-element elementor-element-a8629fb elementor-section-boxed elementor-section-height-default elementor-section-height-default\" data-id=\"a8629fb\" data-element_type=\"section\" data-e-type=\"section\">\n\t\t\t\t\t\t<div class=\"elementor-container elementor-column-gap-default\">\n\t\t\t\t\t<div class=\"elementor-column elementor-col-100 elementor-top-column elementor-element elementor-element-318400f\" data-id=\"318400f\" data-element_type=\"column\" data-e-type=\"column\">\n\t\t\t<div class=\"elementor-widget-wrap elementor-element-populated\">\n\t\t\t\t\t\t<div class=\"elementor-element elementor-element-f75d7ad elementor-align-center elementor-widget elementor-widget-button\" data-id=\"f75d7ad\" data-element_type=\"widget\" data-e-type=\"widget\" data-widget_type=\"button.default\">\n\t\t\t\t<div class=\"elementor-widget-container\">\n\t\t\t\t\t\t\t\t\t<div class=\"elementor-button-wrapper\">\n\t\t\t\t\t<a class=\"elementor-button elementor-button-link elementor-size-sm\" href=\"https:\/\/fecoporto.com\/en\/\">\n\t\t\t\t\t\t<span class=\"elementor-button-content-wrapper\">\n\t\t\t\t\t\t\t\t\t<span class=\"elementor-button-text\">Back<\/span>\n\t\t\t\t\t<\/span>\n\t\t\t\t\t<\/a>\n\t\t\t\t<\/div>\n\t\t\t\t\t\t\t\t<\/div>\n\t\t\t\t<\/div>\n\t\t\t\t\t<\/div>\n\t\t<\/div>\n\t\t\t\t\t<\/div>\n\t\t<\/section>\n\t\t\t\t<\/div>","protected":false},"excerpt":{"rendered":"<p>P\u00f3 P\u00f4 &#8211; Branding P\u00f3 P\u00f4 \u00e9 um projeto de estudo para um restaurante fict\u00edcio que serve frango e ovo com temperos caseiros, com foco na praticidade e sabor. Voltar<\/p>","protected":false},"author":1,"featured_media":0,"parent":0,"menu_order":0,"comment_status":"closed","ping_status":"closed","template":"","meta":{"site-sidebar-layout":"no-sidebar","site-content-layout":"page-builder","ast-site-content-layout":"default","site-content-style":"default","site-sidebar-style":"default","ast-global-header-display":"","ast-banner-title-visibility":"","ast-main-header-display":"","ast-hfb-above-header-display":"","ast-hfb-below-header-display":"","ast-hfb-mobile-header-display":"","site-post-title":"disabled","ast-breadcrumbs-content":"","ast-featured-img":"disabled","footer-sml-layout":"","ast-disable-related-posts":"","theme-transparent-header-meta":"default","adv-header-id-meta":"","stick-header-meta":"","header-above-stick-meta":"","header-main-stick-meta":"","header-below-stick-meta":"","astra-migrate-meta-layouts":"default","ast-page-background-enabled":"default","ast-page-background-meta":{"desktop":{"background-color":"","background-image":"","background-repeat":"repeat","background-position":"center center","background-size":"auto","background-attachment":"scroll","background-type":"","background-media":"","overlay-type":"","overlay-color":"","overlay-opacity":"","overlay-gradient":""},"tablet":{"background-color":"","background-image":"","background-repeat":"repeat","background-position":"center center","background-size":"auto","background-attachment":"scroll","background-type":"","background-media":"","overlay-type":"","overlay-color":"","overlay-opacity":"","overlay-gradient":""},"mobile":{"background-color":"","background-image":"","background-repeat":"repeat","background-position":"center center","background-size":"auto","background-attachment":"scroll","background-type":"","background-media":"","overlay-type":"","overlay-color":"","overlay-opacity":"","overlay-gradient":""}},"ast-content-background-meta":{"desktop":{"background-color":"var(--ast-global-color-5)","background-image":"","background-repeat":"repeat","background-position":"center center","background-size":"auto","background-attachment":"scroll","background-type":"","background-media":"","overlay-type":"","overlay-color":"","overlay-opacity":"","overlay-gradient":""},"tablet":{"background-color":"var(--ast-global-color-5)","background-image":"","background-repeat":"repeat","background-position":"center center","background-size":"auto","background-attachment":"scroll","background-type":"","background-media":"","overlay-type":"","overlay-color":"","overlay-opacity":"","overlay-gradient":""},"mobile":{"background-color":"var(--ast-global-color-5)","background-image":"","background-repeat":"repeat","background-position":"center center","background-size":"auto","background-attachment":"scroll","background-type":"","background-media":"","overlay-type":"","overlay-color":"","overlay-opacity":"","overlay-gradient":""}},"footnotes":""},"class_list":["post-2802","page","type-page","status-publish","hentry"],"_links":{"self":[{"href":"https:\/\/fecoporto.com\/en\/wp-json\/wp\/v2\/pages\/2802","targetHints":{"allow":["GET"]}}],"collection":[{"href":"https:\/\/fecoporto.com\/en\/wp-json\/wp\/v2\/pages"}],"about":[{"href":"https:\/\/fecoporto.com\/en\/wp-json\/wp\/v2\/types\/page"}],"author":[{"embeddable":true,"href":"https:\/\/fecoporto.com\/en\/wp-json\/wp\/v2\/users\/1"}],"replies":[{"embeddable":true,"href":"https:\/\/fecoporto.com\/en\/wp-json\/wp\/v2\/comments?post=2802"}],"version-history":[{"count":10,"href":"https:\/\/fecoporto.com\/en\/wp-json\/wp\/v2\/pages\/2802\/revisions"}],"predecessor-version":[{"id":2836,"href":"https:\/\/fecoporto.com\/en\/wp-json\/wp\/v2\/pages\/2802\/revisions\/2836"}],"wp:attachment":[{"href":"https:\/\/fecoporto.com\/en\/wp-json\/wp\/v2\/media?parent=2802"}],"curies":[{"name":"wp","href":"https:\/\/api.w.org\/{rel}","templated":true}]}}