{"id":2628,"date":"2022-06-20T19:00:45","date_gmt":"2022-06-20T22:00:45","guid":{"rendered":"https:\/\/fecoporto.com\/?page_id=2628"},"modified":"2022-06-20T19:08:21","modified_gmt":"2022-06-20T22:08:21","slug":"joio","status":"publish","type":"page","link":"https:\/\/fecoporto.com\/en\/joio\/","title":{"rendered":"Joi\u00f4 &#8211; Branding"},"content":{"rendered":"<div data-elementor-type=\"wp-page\" data-elementor-id=\"2628\" class=\"elementor elementor-2628\">\n\t\t\t\t\t\t<section class=\"elementor-section elementor-top-section elementor-element elementor-element-386d312 elementor-section-boxed elementor-section-height-default elementor-section-height-default\" data-id=\"386d312\" data-element_type=\"section\" data-e-type=\"section\">\n\t\t\t\t\t\t<div class=\"elementor-container elementor-column-gap-default\">\n\t\t\t\t\t<div class=\"elementor-column elementor-col-100 elementor-top-column elementor-element elementor-element-6636e54\" data-id=\"6636e54\" data-element_type=\"column\" data-e-type=\"column\">\n\t\t\t<div class=\"elementor-widget-wrap elementor-element-populated\">\n\t\t\t\t\t\t<div class=\"elementor-element elementor-element-3bad82c elementor-widget elementor-widget-heading\" data-id=\"3bad82c\" data-element_type=\"widget\" data-e-type=\"widget\" data-widget_type=\"heading.default\">\n\t\t\t\t<div class=\"elementor-widget-container\">\n\t\t\t\t\t<h2 class=\"elementor-heading-title elementor-size-default\">Joi\u00f4 - Branding<\/h2>\t\t\t\t<\/div>\n\t\t\t\t<\/div>\n\t\t\t\t<div class=\"elementor-element elementor-element-b341a20 elementor-widget elementor-widget-text-editor\" data-id=\"b341a20\" data-element_type=\"widget\" data-e-type=\"widget\" data-widget_type=\"text-editor.default\">\n\t\t\t\t<div class=\"elementor-widget-container\">\n\t\t\t\t\t\t\t\t\t<p>For the jewelry brand Joi\u00f4, I tried to bring urban references to talk to the brand's lifestyle and its audience.\u00a0<span style=\"font-size: 16px;\">Studio: <a href=\"https:\/\/www.instagram.com\/giologystudio\/\">Giology Studio<\/a>.<\/span><\/p>\t\t\t\t\t\t\t\t<\/div>\n\t\t\t\t<\/div>\n\t\t\t\t\t<\/div>\n\t\t<\/div>\n\t\t\t\t\t<\/div>\n\t\t<\/section>\n\t\t\t\t<section class=\"elementor-section elementor-top-section elementor-element elementor-element-370b423 elementor-section-boxed elementor-section-height-default elementor-section-height-default\" data-id=\"370b423\" data-element_type=\"section\" data-e-type=\"section\">\n\t\t\t\t\t\t<div class=\"elementor-container elementor-column-gap-default\">\n\t\t\t\t\t<div class=\"elementor-column elementor-col-100 elementor-top-column elementor-element elementor-element-47fd56e\" data-id=\"47fd56e\" data-element_type=\"column\" data-e-type=\"column\">\n\t\t\t<div class=\"elementor-widget-wrap elementor-element-populated\">\n\t\t\t\t\t\t<div class=\"elementor-element elementor-element-ec104f3 elementor-widget elementor-widget-image\" data-id=\"ec104f3\" data-element_type=\"widget\" data-e-type=\"widget\" data-widget_type=\"image.default\">\n\t\t\t\t<div class=\"elementor-widget-container\">\n\t\t\t\t\t\t\t\t\t\t\t\t\t\t\t<img fetchpriority=\"high\" decoding=\"async\" width=\"1000\" height=\"584\" src=\"https:\/\/fecoporto.com\/wp-content\/uploads\/2022\/06\/Joio_Logobook_Portfolio_01.jpg\" class=\"attachment-full size-full wp-image-2627\" alt=\"\" srcset=\"https:\/\/fecoporto.com\/wp-content\/uploads\/2022\/06\/Joio_Logobook_Portfolio_01.jpg 1000w, https:\/\/fecoporto.com\/wp-content\/uploads\/2022\/06\/Joio_Logobook_Portfolio_01-300x175.jpg 300w, https:\/\/fecoporto.com\/wp-content\/uploads\/2022\/06\/Joio_Logobook_Portfolio_01-150x88.jpg 150w, https:\/\/fecoporto.com\/wp-content\/uploads\/2022\/06\/Joio_Logobook_Portfolio_01-768x449.jpg 768w, https:\/\/fecoporto.com\/wp-content\/uploads\/2022\/06\/Joio_Logobook_Portfolio_01-18x12.jpg 18w\" sizes=\"(max-width: 1000px) 100vw, 1000px\" \/>\t\t\t\t\t\t\t\t\t\t\t\t\t\t\t<\/div>\n\t\t\t\t<\/div>\n\t\t\t\t<div class=\"elementor-element elementor-element-5ca196f elementor-widget elementor-widget-image\" data-id=\"5ca196f\" data-element_type=\"widget\" data-e-type=\"widget\" data-widget_type=\"image.default\">\n\t\t\t\t<div class=\"elementor-widget-container\">\n\t\t\t\t\t\t\t\t\t\t\t\t\t\t\t<img decoding=\"async\" width=\"1000\" height=\"1255\" src=\"https:\/\/fecoporto.com\/wp-content\/uploads\/2022\/06\/Joio_Logobook_Portfolio_02.jpg\" class=\"attachment-full size-full wp-image-2622\" alt=\"\" srcset=\"https:\/\/fecoporto.com\/wp-content\/uploads\/2022\/06\/Joio_Logobook_Portfolio_02.jpg 1000w, https:\/\/fecoporto.com\/wp-content\/uploads\/2022\/06\/Joio_Logobook_Portfolio_02-239x300.jpg 239w, https:\/\/fecoporto.com\/wp-content\/uploads\/2022\/06\/Joio_Logobook_Portfolio_02-861x1080.jpg 861w, https:\/\/fecoporto.com\/wp-content\/uploads\/2022\/06\/Joio_Logobook_Portfolio_02-120x150.jpg 120w, https:\/\/fecoporto.com\/wp-content\/uploads\/2022\/06\/Joio_Logobook_Portfolio_02-768x964.jpg 768w, https:\/\/fecoporto.com\/wp-content\/uploads\/2022\/06\/Joio_Logobook_Portfolio_02-10x12.jpg 10w\" sizes=\"(max-width: 1000px) 100vw, 1000px\" \/>\t\t\t\t\t\t\t\t\t\t\t\t\t\t\t<\/div>\n\t\t\t\t<\/div>\n\t\t\t\t<div class=\"elementor-element elementor-element-8d15f16 elementor-widget elementor-widget-image\" data-id=\"8d15f16\" data-element_type=\"widget\" data-e-type=\"widget\" data-widget_type=\"image.default\">\n\t\t\t\t<div class=\"elementor-widget-container\">\n\t\t\t\t\t\t\t\t\t\t\t\t\t\t\t<img decoding=\"async\" width=\"1000\" height=\"700\" src=\"https:\/\/fecoporto.com\/wp-content\/uploads\/2022\/06\/Joio_Logobook_Portfolio_03.jpg\" class=\"attachment-full size-full wp-image-2623\" alt=\"\" srcset=\"https:\/\/fecoporto.com\/wp-content\/uploads\/2022\/06\/Joio_Logobook_Portfolio_03.jpg 1000w, https:\/\/fecoporto.com\/wp-content\/uploads\/2022\/06\/Joio_Logobook_Portfolio_03-300x210.jpg 300w, https:\/\/fecoporto.com\/wp-content\/uploads\/2022\/06\/Joio_Logobook_Portfolio_03-150x105.jpg 150w, https:\/\/fecoporto.com\/wp-content\/uploads\/2022\/06\/Joio_Logobook_Portfolio_03-768x538.jpg 768w, https:\/\/fecoporto.com\/wp-content\/uploads\/2022\/06\/Joio_Logobook_Portfolio_03-18x12.jpg 18w\" sizes=\"(max-width: 1000px) 100vw, 1000px\" \/>\t\t\t\t\t\t\t\t\t\t\t\t\t\t\t<\/div>\n\t\t\t\t<\/div>\n\t\t\t\t<div class=\"elementor-element elementor-element-64bbff8 elementor-widget elementor-widget-image\" data-id=\"64bbff8\" data-element_type=\"widget\" data-e-type=\"widget\" data-widget_type=\"image.default\">\n\t\t\t\t<div class=\"elementor-widget-container\">\n\t\t\t\t\t\t\t\t\t\t\t\t\t\t\t<img loading=\"lazy\" decoding=\"async\" width=\"1000\" height=\"904\" src=\"https:\/\/fecoporto.com\/wp-content\/uploads\/2022\/06\/Joio_Logobook_Portfolio_04.jpg\" class=\"attachment-full size-full wp-image-2624\" alt=\"\" srcset=\"https:\/\/fecoporto.com\/wp-content\/uploads\/2022\/06\/Joio_Logobook_Portfolio_04.jpg 1000w, https:\/\/fecoporto.com\/wp-content\/uploads\/2022\/06\/Joio_Logobook_Portfolio_04-300x271.jpg 300w, https:\/\/fecoporto.com\/wp-content\/uploads\/2022\/06\/Joio_Logobook_Portfolio_04-150x136.jpg 150w, https:\/\/fecoporto.com\/wp-content\/uploads\/2022\/06\/Joio_Logobook_Portfolio_04-768x694.jpg 768w, https:\/\/fecoporto.com\/wp-content\/uploads\/2022\/06\/Joio_Logobook_Portfolio_04-13x12.jpg 13w\" sizes=\"(max-width: 1000px) 100vw, 1000px\" \/>\t\t\t\t\t\t\t\t\t\t\t\t\t\t\t<\/div>\n\t\t\t\t<\/div>\n\t\t\t\t<div class=\"elementor-element elementor-element-c42fc05 elementor-widget elementor-widget-image\" data-id=\"c42fc05\" data-element_type=\"widget\" data-e-type=\"widget\" data-widget_type=\"image.default\">\n\t\t\t\t<div class=\"elementor-widget-container\">\n\t\t\t\t\t\t\t\t\t\t\t\t\t\t\t<img loading=\"lazy\" decoding=\"async\" width=\"1000\" height=\"1001\" src=\"https:\/\/fecoporto.com\/wp-content\/uploads\/2022\/06\/Joio_Logobook_Portfolio_05.jpg\" class=\"attachment-full size-full wp-image-2625\" alt=\"\" srcset=\"https:\/\/fecoporto.com\/wp-content\/uploads\/2022\/06\/Joio_Logobook_Portfolio_05.jpg 1000w, https:\/\/fecoporto.com\/wp-content\/uploads\/2022\/06\/Joio_Logobook_Portfolio_05-300x300.jpg 300w, https:\/\/fecoporto.com\/wp-content\/uploads\/2022\/06\/Joio_Logobook_Portfolio_05-150x150.jpg 150w, https:\/\/fecoporto.com\/wp-content\/uploads\/2022\/06\/Joio_Logobook_Portfolio_05-768x769.jpg 768w, https:\/\/fecoporto.com\/wp-content\/uploads\/2022\/06\/Joio_Logobook_Portfolio_05-12x12.jpg 12w\" sizes=\"(max-width: 1000px) 100vw, 1000px\" \/>\t\t\t\t\t\t\t\t\t\t\t\t\t\t\t<\/div>\n\t\t\t\t<\/div>\n\t\t\t\t<div class=\"elementor-element elementor-element-75933ab elementor-widget elementor-widget-image\" data-id=\"75933ab\" data-element_type=\"widget\" data-e-type=\"widget\" data-widget_type=\"image.default\">\n\t\t\t\t<div class=\"elementor-widget-container\">\n\t\t\t\t\t\t\t\t\t\t\t\t\t\t\t<img loading=\"lazy\" decoding=\"async\" width=\"1000\" height=\"1269\" src=\"https:\/\/fecoporto.com\/wp-content\/uploads\/2022\/06\/Joio_Logobook_Portfolio_06.jpg\" class=\"attachment-full size-full wp-image-2626\" alt=\"\" srcset=\"https:\/\/fecoporto.com\/wp-content\/uploads\/2022\/06\/Joio_Logobook_Portfolio_06.jpg 1000w, https:\/\/fecoporto.com\/wp-content\/uploads\/2022\/06\/Joio_Logobook_Portfolio_06-236x300.jpg 236w, https:\/\/fecoporto.com\/wp-content\/uploads\/2022\/06\/Joio_Logobook_Portfolio_06-851x1080.jpg 851w, https:\/\/fecoporto.com\/wp-content\/uploads\/2022\/06\/Joio_Logobook_Portfolio_06-118x150.jpg 118w, https:\/\/fecoporto.com\/wp-content\/uploads\/2022\/06\/Joio_Logobook_Portfolio_06-768x975.jpg 768w, https:\/\/fecoporto.com\/wp-content\/uploads\/2022\/06\/Joio_Logobook_Portfolio_06-9x12.jpg 9w\" sizes=\"(max-width: 1000px) 100vw, 1000px\" \/>\t\t\t\t\t\t\t\t\t\t\t\t\t\t\t<\/div>\n\t\t\t\t<\/div>\n\t\t\t\t\t<\/div>\n\t\t<\/div>\n\t\t\t\t\t<\/div>\n\t\t<\/section>\n\t\t\t\t<section class=\"elementor-section elementor-top-section elementor-element elementor-element-a8629fb elementor-section-boxed elementor-section-height-default elementor-section-height-default\" data-id=\"a8629fb\" data-element_type=\"section\" data-e-type=\"section\">\n\t\t\t\t\t\t<div class=\"elementor-container elementor-column-gap-default\">\n\t\t\t\t\t<div class=\"elementor-column elementor-col-100 elementor-top-column elementor-element elementor-element-318400f\" data-id=\"318400f\" data-element_type=\"column\" data-e-type=\"column\">\n\t\t\t<div class=\"elementor-widget-wrap elementor-element-populated\">\n\t\t\t\t\t\t<div class=\"elementor-element elementor-element-f75d7ad elementor-align-center elementor-widget elementor-widget-button\" data-id=\"f75d7ad\" data-element_type=\"widget\" data-e-type=\"widget\" data-widget_type=\"button.default\">\n\t\t\t\t<div class=\"elementor-widget-container\">\n\t\t\t\t\t\t\t\t\t<div class=\"elementor-button-wrapper\">\n\t\t\t\t\t<a class=\"elementor-button elementor-button-link elementor-size-sm\" href=\"https:\/\/fecoporto.com\/en\/\">\n\t\t\t\t\t\t<span class=\"elementor-button-content-wrapper\">\n\t\t\t\t\t\t\t\t\t<span class=\"elementor-button-text\">Back<\/span>\n\t\t\t\t\t<\/span>\n\t\t\t\t\t<\/a>\n\t\t\t\t<\/div>\n\t\t\t\t\t\t\t\t<\/div>\n\t\t\t\t<\/div>\n\t\t\t\t\t<\/div>\n\t\t<\/div>\n\t\t\t\t\t<\/div>\n\t\t<\/section>\n\t\t\t\t<\/div>","protected":false},"excerpt":{"rendered":"<p>Joi\u00f4 &#8211; Branding Para a marca de j\u00f3ias Joi\u00f4, procurei trazer refer\u00eancias do urbano para conversar com o lifestyle da marca e seu p\u00fablico.\u00a0Est\u00fadio: Giology Studio. Voltar<\/p>","protected":false},"author":1,"featured_media":0,"parent":0,"menu_order":0,"comment_status":"closed","ping_status":"closed","template":"","meta":{"site-sidebar-layout":"no-sidebar","site-content-layout":"page-builder","ast-site-content-layout":"default","site-content-style":"default","site-sidebar-style":"default","ast-global-header-display":"","ast-banner-title-visibility":"","ast-main-header-display":"","ast-hfb-above-header-display":"","ast-hfb-below-header-display":"","ast-hfb-mobile-header-display":"","site-post-title":"disabled","ast-breadcrumbs-content":"","ast-featured-img":"disabled","footer-sml-layout":"","ast-disable-related-posts":"","theme-transparent-header-meta":"default","adv-header-id-meta":"","stick-header-meta":"","header-above-stick-meta":"","header-main-stick-meta":"","header-below-stick-meta":"","astra-migrate-meta-layouts":"default","ast-page-background-enabled":"default","ast-page-background-meta":{"desktop":{"background-color":"","background-image":"","background-repeat":"repeat","background-position":"center center","background-size":"auto","background-attachment":"scroll","background-type":"","background-media":"","overlay-type":"","overlay-color":"","overlay-opacity":"","overlay-gradient":""},"tablet":{"background-color":"","background-image":"","background-repeat":"repeat","background-position":"center center","background-size":"auto","background-attachment":"scroll","background-type":"","background-media":"","overlay-type":"","overlay-color":"","overlay-opacity":"","overlay-gradient":""},"mobile":{"background-color":"","background-image":"","background-repeat":"repeat","background-position":"center center","background-size":"auto","background-attachment":"scroll","background-type":"","background-media":"","overlay-type":"","overlay-color":"","overlay-opacity":"","overlay-gradient":""}},"ast-content-background-meta":{"desktop":{"background-color":"var(--ast-global-color-5)","background-image":"","background-repeat":"repeat","background-position":"center center","background-size":"auto","background-attachment":"scroll","background-type":"","background-media":"","overlay-type":"","overlay-color":"","overlay-opacity":"","overlay-gradient":""},"tablet":{"background-color":"var(--ast-global-color-5)","background-image":"","background-repeat":"repeat","background-position":"center center","background-size":"auto","background-attachment":"scroll","background-type":"","background-media":"","overlay-type":"","overlay-color":"","overlay-opacity":"","overlay-gradient":""},"mobile":{"background-color":"var(--ast-global-color-5)","background-image":"","background-repeat":"repeat","background-position":"center center","background-size":"auto","background-attachment":"scroll","background-type":"","background-media":"","overlay-type":"","overlay-color":"","overlay-opacity":"","overlay-gradient":""}},"footnotes":""},"class_list":["post-2628","page","type-page","status-publish","hentry"],"_links":{"self":[{"href":"https:\/\/fecoporto.com\/en\/wp-json\/wp\/v2\/pages\/2628","targetHints":{"allow":["GET"]}}],"collection":[{"href":"https:\/\/fecoporto.com\/en\/wp-json\/wp\/v2\/pages"}],"about":[{"href":"https:\/\/fecoporto.com\/en\/wp-json\/wp\/v2\/types\/page"}],"author":[{"embeddable":true,"href":"https:\/\/fecoporto.com\/en\/wp-json\/wp\/v2\/users\/1"}],"replies":[{"embeddable":true,"href":"https:\/\/fecoporto.com\/en\/wp-json\/wp\/v2\/comments?post=2628"}],"version-history":[{"count":4,"href":"https:\/\/fecoporto.com\/en\/wp-json\/wp\/v2\/pages\/2628\/revisions"}],"predecessor-version":[{"id":2635,"href":"https:\/\/fecoporto.com\/en\/wp-json\/wp\/v2\/pages\/2628\/revisions\/2635"}],"wp:attachment":[{"href":"https:\/\/fecoporto.com\/en\/wp-json\/wp\/v2\/media?parent=2628"}],"curies":[{"name":"wp","href":"https:\/\/api.w.org\/{rel}","templated":true}]}}