{"id":2561,"date":"2022-02-07T11:57:19","date_gmt":"2022-02-07T14:57:19","guid":{"rendered":"https:\/\/fecoporto.com\/?page_id=2561"},"modified":"2022-02-07T12:38:16","modified_gmt":"2022-02-07T15:38:16","slug":"freeze-socialmedia","status":"publish","type":"page","link":"https:\/\/fecoporto.com\/en\/freeze-socialmedia\/","title":{"rendered":"Freeze &#8211; Social Media"},"content":{"rendered":"<div data-elementor-type=\"wp-page\" data-elementor-id=\"2561\" class=\"elementor elementor-2561\">\n\t\t\t\t\t\t<section class=\"elementor-section elementor-top-section elementor-element elementor-element-386d312 elementor-section-boxed elementor-section-height-default elementor-section-height-default\" data-id=\"386d312\" data-element_type=\"section\" data-e-type=\"section\">\n\t\t\t\t\t\t<div class=\"elementor-container elementor-column-gap-default\">\n\t\t\t\t\t<div class=\"elementor-column elementor-col-100 elementor-top-column elementor-element elementor-element-6636e54\" data-id=\"6636e54\" data-element_type=\"column\" data-e-type=\"column\">\n\t\t\t<div class=\"elementor-widget-wrap elementor-element-populated\">\n\t\t\t\t\t\t<div class=\"elementor-element elementor-element-3bad82c elementor-widget elementor-widget-heading\" data-id=\"3bad82c\" data-element_type=\"widget\" data-e-type=\"widget\" data-widget_type=\"heading.default\">\n\t\t\t\t<div class=\"elementor-widget-container\">\n\t\t\t\t\t<h2 class=\"elementor-heading-title elementor-size-default\">Freeze - Social Media<\/h2>\t\t\t\t<\/div>\n\t\t\t\t<\/div>\n\t\t\t\t<div class=\"elementor-element elementor-element-b341a20 elementor-widget elementor-widget-text-editor\" data-id=\"b341a20\" data-element_type=\"widget\" data-e-type=\"widget\" data-widget_type=\"text-editor.default\">\n\t\t\t\t<div class=\"elementor-widget-container\">\n\t\t\t\t\t\t\t\t\t<p>Freeze is\u00a0<span style=\"font-size: 16px; font-style: normal; font-weight: 400;\">a healthy ice cream brand, lactose-free, gluten-free and sugar-free.<\/span><span style=\"font-size: 16px;\">.\u00a0<\/span>I had the opportunity to build the creative line for the brand's Instagram posts and stories. Studio: <a href=\"https:\/\/www.instagram.com\/giologystudio\/\">Giology Studio<\/a>.<\/p>\t\t\t\t\t\t\t\t<\/div>\n\t\t\t\t<\/div>\n\t\t\t\t\t<\/div>\n\t\t<\/div>\n\t\t\t\t\t<\/div>\n\t\t<\/section>\n\t\t\t\t<section class=\"elementor-section elementor-top-section elementor-element elementor-element-370b423 elementor-section-boxed elementor-section-height-default elementor-section-height-default\" data-id=\"370b423\" data-element_type=\"section\" data-e-type=\"section\">\n\t\t\t\t\t\t<div class=\"elementor-container elementor-column-gap-default\">\n\t\t\t\t\t<div class=\"elementor-column elementor-col-100 elementor-top-column elementor-element elementor-element-47fd56e\" data-id=\"47fd56e\" data-element_type=\"column\" data-e-type=\"column\">\n\t\t\t<div class=\"elementor-widget-wrap elementor-element-populated\">\n\t\t\t\t\t\t<div class=\"elementor-element elementor-element-ec104f3 elementor-widget elementor-widget-image\" data-id=\"ec104f3\" data-element_type=\"widget\" data-e-type=\"widget\" data-widget_type=\"image.default\">\n\t\t\t\t<div class=\"elementor-widget-container\">\n\t\t\t\t\t\t\t\t\t\t\t\t\t\t\t<img fetchpriority=\"high\" decoding=\"async\" width=\"1000\" height=\"832\" src=\"https:\/\/fecoporto.com\/wp-content\/uploads\/2022\/02\/Freeze_SocialMedia_01.png\" class=\"attachment-full size-full wp-image-2563\" alt=\"\" srcset=\"https:\/\/fecoporto.com\/wp-content\/uploads\/2022\/02\/Freeze_SocialMedia_01.png 1000w, https:\/\/fecoporto.com\/wp-content\/uploads\/2022\/02\/Freeze_SocialMedia_01-300x250.png 300w, https:\/\/fecoporto.com\/wp-content\/uploads\/2022\/02\/Freeze_SocialMedia_01-150x125.png 150w, https:\/\/fecoporto.com\/wp-content\/uploads\/2022\/02\/Freeze_SocialMedia_01-768x639.png 768w\" sizes=\"(max-width: 1000px) 100vw, 1000px\" \/>\t\t\t\t\t\t\t\t\t\t\t\t\t\t\t<\/div>\n\t\t\t\t<\/div>\n\t\t\t\t<div class=\"elementor-element elementor-element-5ca196f elementor-widget elementor-widget-image\" data-id=\"5ca196f\" data-element_type=\"widget\" data-e-type=\"widget\" data-widget_type=\"image.default\">\n\t\t\t\t<div class=\"elementor-widget-container\">\n\t\t\t\t\t\t\t\t\t\t\t\t\t\t\t<img decoding=\"async\" width=\"1000\" height=\"1058\" src=\"https:\/\/fecoporto.com\/wp-content\/uploads\/2022\/02\/Freeze_SocialMedia_02.png\" class=\"attachment-full size-full wp-image-2564\" alt=\"\" srcset=\"https:\/\/fecoporto.com\/wp-content\/uploads\/2022\/02\/Freeze_SocialMedia_02.png 1000w, https:\/\/fecoporto.com\/wp-content\/uploads\/2022\/02\/Freeze_SocialMedia_02-284x300.png 284w, https:\/\/fecoporto.com\/wp-content\/uploads\/2022\/02\/Freeze_SocialMedia_02-142x150.png 142w, https:\/\/fecoporto.com\/wp-content\/uploads\/2022\/02\/Freeze_SocialMedia_02-768x813.png 768w\" sizes=\"(max-width: 1000px) 100vw, 1000px\" \/>\t\t\t\t\t\t\t\t\t\t\t\t\t\t\t<\/div>\n\t\t\t\t<\/div>\n\t\t\t\t<div class=\"elementor-element elementor-element-8d15f16 elementor-widget elementor-widget-image\" data-id=\"8d15f16\" data-element_type=\"widget\" data-e-type=\"widget\" data-widget_type=\"image.default\">\n\t\t\t\t<div class=\"elementor-widget-container\">\n\t\t\t\t\t\t\t\t\t\t\t\t\t\t\t<img decoding=\"async\" width=\"1000\" height=\"1985\" src=\"https:\/\/fecoporto.com\/wp-content\/uploads\/2022\/02\/Freeze_SocialMedia_03.png\" class=\"attachment-full size-full wp-image-2565\" alt=\"\" srcset=\"https:\/\/fecoporto.com\/wp-content\/uploads\/2022\/02\/Freeze_SocialMedia_03.png 1000w, https:\/\/fecoporto.com\/wp-content\/uploads\/2022\/02\/Freeze_SocialMedia_03-151x300.png 151w, https:\/\/fecoporto.com\/wp-content\/uploads\/2022\/02\/Freeze_SocialMedia_03-544x1080.png 544w, https:\/\/fecoporto.com\/wp-content\/uploads\/2022\/02\/Freeze_SocialMedia_03-76x150.png 76w, https:\/\/fecoporto.com\/wp-content\/uploads\/2022\/02\/Freeze_SocialMedia_03-768x1524.png 768w, https:\/\/fecoporto.com\/wp-content\/uploads\/2022\/02\/Freeze_SocialMedia_03-774x1536.png 774w\" sizes=\"(max-width: 1000px) 100vw, 1000px\" \/>\t\t\t\t\t\t\t\t\t\t\t\t\t\t\t<\/div>\n\t\t\t\t<\/div>\n\t\t\t\t<div class=\"elementor-element elementor-element-64bbff8 elementor-widget elementor-widget-image\" data-id=\"64bbff8\" data-element_type=\"widget\" data-e-type=\"widget\" data-widget_type=\"image.default\">\n\t\t\t\t<div class=\"elementor-widget-container\">\n\t\t\t\t\t\t\t\t\t\t\t\t\t\t\t<img loading=\"lazy\" decoding=\"async\" width=\"1000\" height=\"2066\" src=\"https:\/\/fecoporto.com\/wp-content\/uploads\/2022\/02\/Freeze_SocialMedia_04.png\" class=\"attachment-full size-full wp-image-2566\" alt=\"\" srcset=\"https:\/\/fecoporto.com\/wp-content\/uploads\/2022\/02\/Freeze_SocialMedia_04.png 1000w, https:\/\/fecoporto.com\/wp-content\/uploads\/2022\/02\/Freeze_SocialMedia_04-145x300.png 145w, https:\/\/fecoporto.com\/wp-content\/uploads\/2022\/02\/Freeze_SocialMedia_04-523x1080.png 523w, https:\/\/fecoporto.com\/wp-content\/uploads\/2022\/02\/Freeze_SocialMedia_04-73x150.png 73w, https:\/\/fecoporto.com\/wp-content\/uploads\/2022\/02\/Freeze_SocialMedia_04-768x1587.png 768w, https:\/\/fecoporto.com\/wp-content\/uploads\/2022\/02\/Freeze_SocialMedia_04-743x1536.png 743w, https:\/\/fecoporto.com\/wp-content\/uploads\/2022\/02\/Freeze_SocialMedia_04-991x2048.png 991w\" sizes=\"(max-width: 1000px) 100vw, 1000px\" \/>\t\t\t\t\t\t\t\t\t\t\t\t\t\t\t<\/div>\n\t\t\t\t<\/div>\n\t\t\t\t<div class=\"elementor-element elementor-element-c42fc05 elementor-widget elementor-widget-image\" data-id=\"c42fc05\" data-element_type=\"widget\" data-e-type=\"widget\" data-widget_type=\"image.default\">\n\t\t\t\t<div class=\"elementor-widget-container\">\n\t\t\t\t\t\t\t\t\t\t\t\t\t\t\t<img loading=\"lazy\" decoding=\"async\" width=\"1000\" height=\"1404\" src=\"https:\/\/fecoporto.com\/wp-content\/uploads\/2022\/02\/Freeze_SocialMedia_05.png\" class=\"attachment-full size-full wp-image-2567\" alt=\"\" srcset=\"https:\/\/fecoporto.com\/wp-content\/uploads\/2022\/02\/Freeze_SocialMedia_05.png 1000w, https:\/\/fecoporto.com\/wp-content\/uploads\/2022\/02\/Freeze_SocialMedia_05-214x300.png 214w, https:\/\/fecoporto.com\/wp-content\/uploads\/2022\/02\/Freeze_SocialMedia_05-769x1080.png 769w, https:\/\/fecoporto.com\/wp-content\/uploads\/2022\/02\/Freeze_SocialMedia_05-107x150.png 107w, https:\/\/fecoporto.com\/wp-content\/uploads\/2022\/02\/Freeze_SocialMedia_05-768x1078.png 768w\" sizes=\"(max-width: 1000px) 100vw, 1000px\" \/>\t\t\t\t\t\t\t\t\t\t\t\t\t\t\t<\/div>\n\t\t\t\t<\/div>\n\t\t\t\t\t<\/div>\n\t\t<\/div>\n\t\t\t\t\t<\/div>\n\t\t<\/section>\n\t\t\t\t<section class=\"elementor-section elementor-top-section elementor-element elementor-element-a8629fb elementor-section-boxed elementor-section-height-default elementor-section-height-default\" data-id=\"a8629fb\" data-element_type=\"section\" data-e-type=\"section\">\n\t\t\t\t\t\t<div class=\"elementor-container elementor-column-gap-default\">\n\t\t\t\t\t<div class=\"elementor-column elementor-col-100 elementor-top-column elementor-element elementor-element-318400f\" data-id=\"318400f\" data-element_type=\"column\" data-e-type=\"column\">\n\t\t\t<div class=\"elementor-widget-wrap elementor-element-populated\">\n\t\t\t\t\t\t<div class=\"elementor-element elementor-element-f75d7ad elementor-align-center elementor-widget elementor-widget-button\" data-id=\"f75d7ad\" data-element_type=\"widget\" data-e-type=\"widget\" data-widget_type=\"button.default\">\n\t\t\t\t<div class=\"elementor-widget-container\">\n\t\t\t\t\t\t\t\t\t<div class=\"elementor-button-wrapper\">\n\t\t\t\t\t<a class=\"elementor-button elementor-button-link elementor-size-sm\" href=\"https:\/\/fecoporto.com\/en\/\">\n\t\t\t\t\t\t<span class=\"elementor-button-content-wrapper\">\n\t\t\t\t\t\t\t\t\t<span class=\"elementor-button-text\">Back<\/span>\n\t\t\t\t\t<\/span>\n\t\t\t\t\t<\/a>\n\t\t\t\t<\/div>\n\t\t\t\t\t\t\t\t<\/div>\n\t\t\t\t<\/div>\n\t\t\t\t\t<\/div>\n\t\t<\/div>\n\t\t\t\t\t<\/div>\n\t\t<\/section>\n\t\t\t\t<\/div>","protected":false},"excerpt":{"rendered":"<p>Freeze &#8211; Social Media Freeze \u00e9\u00a0uma marca de sorvete saud\u00e1veis, sem lactose, sem adi\u00e7\u00e3o de a\u00e7\u00facar e sem gl\u00faten.\u00a0Tive a oportunidade de criar a linha criativa para os posts e stories de Instagram da marca. Est\u00fadio: Giology Studio. Voltar<\/p>","protected":false},"author":1,"featured_media":0,"parent":0,"menu_order":0,"comment_status":"closed","ping_status":"closed","template":"","meta":{"site-sidebar-layout":"no-sidebar","site-content-layout":"page-builder","ast-site-content-layout":"default","site-content-style":"default","site-sidebar-style":"default","ast-global-header-display":"","ast-banner-title-visibility":"","ast-main-header-display":"","ast-hfb-above-header-display":"","ast-hfb-below-header-display":"","ast-hfb-mobile-header-display":"","site-post-title":"disabled","ast-breadcrumbs-content":"","ast-featured-img":"disabled","footer-sml-layout":"","ast-disable-related-posts":"","theme-transparent-header-meta":"default","adv-header-id-meta":"","stick-header-meta":"","header-above-stick-meta":"","header-main-stick-meta":"","header-below-stick-meta":"","astra-migrate-meta-layouts":"default","ast-page-background-enabled":"default","ast-page-background-meta":{"desktop":{"background-color":"","background-image":"","background-repeat":"repeat","background-position":"center center","background-size":"auto","background-attachment":"scroll","background-type":"","background-media":"","overlay-type":"","overlay-color":"","overlay-opacity":"","overlay-gradient":""},"tablet":{"background-color":"","background-image":"","background-repeat":"repeat","background-position":"center center","background-size":"auto","background-attachment":"scroll","background-type":"","background-media":"","overlay-type":"","overlay-color":"","overlay-opacity":"","overlay-gradient":""},"mobile":{"background-color":"","background-image":"","background-repeat":"repeat","background-position":"center center","background-size":"auto","background-attachment":"scroll","background-type":"","background-media":"","overlay-type":"","overlay-color":"","overlay-opacity":"","overlay-gradient":""}},"ast-content-background-meta":{"desktop":{"background-color":"var(--ast-global-color-5)","background-image":"","background-repeat":"repeat","background-position":"center center","background-size":"auto","background-attachment":"scroll","background-type":"","background-media":"","overlay-type":"","overlay-color":"","overlay-opacity":"","overlay-gradient":""},"tablet":{"background-color":"var(--ast-global-color-5)","background-image":"","background-repeat":"repeat","background-position":"center center","background-size":"auto","background-attachment":"scroll","background-type":"","background-media":"","overlay-type":"","overlay-color":"","overlay-opacity":"","overlay-gradient":""},"mobile":{"background-color":"var(--ast-global-color-5)","background-image":"","background-repeat":"repeat","background-position":"center center","background-size":"auto","background-attachment":"scroll","background-type":"","background-media":"","overlay-type":"","overlay-color":"","overlay-opacity":"","overlay-gradient":""}},"footnotes":""},"class_list":["post-2561","page","type-page","status-publish","hentry"],"_links":{"self":[{"href":"https:\/\/fecoporto.com\/en\/wp-json\/wp\/v2\/pages\/2561","targetHints":{"allow":["GET"]}}],"collection":[{"href":"https:\/\/fecoporto.com\/en\/wp-json\/wp\/v2\/pages"}],"about":[{"href":"https:\/\/fecoporto.com\/en\/wp-json\/wp\/v2\/types\/page"}],"author":[{"embeddable":true,"href":"https:\/\/fecoporto.com\/en\/wp-json\/wp\/v2\/users\/1"}],"replies":[{"embeddable":true,"href":"https:\/\/fecoporto.com\/en\/wp-json\/wp\/v2\/comments?post=2561"}],"version-history":[{"count":7,"href":"https:\/\/fecoporto.com\/en\/wp-json\/wp\/v2\/pages\/2561\/revisions"}],"predecessor-version":[{"id":2581,"href":"https:\/\/fecoporto.com\/en\/wp-json\/wp\/v2\/pages\/2561\/revisions\/2581"}],"wp:attachment":[{"href":"https:\/\/fecoporto.com\/en\/wp-json\/wp\/v2\/media?parent=2561"}],"curies":[{"name":"wp","href":"https:\/\/api.w.org\/{rel}","templated":true}]}}