{"id":2290,"date":"2021-01-01T23:37:22","date_gmt":"2021-01-02T02:37:22","guid":{"rendered":"http:\/\/fecoporto.com\/?page_id=2290"},"modified":"2021-01-27T17:55:50","modified_gmt":"2021-01-27T20:55:50","slug":"bauducco-natal-2019","status":"publish","type":"page","link":"https:\/\/fecoporto.com\/en\/bauducco-natal-2019\/","title":{"rendered":"Bauducco &#8211; Natal 2019"},"content":{"rendered":"<div data-elementor-type=\"wp-page\" data-elementor-id=\"2290\" class=\"elementor elementor-2290\">\n\t\t\t\t\t\t<section class=\"elementor-section elementor-top-section elementor-element elementor-element-386d312 elementor-section-boxed elementor-section-height-default elementor-section-height-default\" data-id=\"386d312\" data-element_type=\"section\" data-e-type=\"section\">\n\t\t\t\t\t\t<div class=\"elementor-container elementor-column-gap-default\">\n\t\t\t\t\t<div class=\"elementor-column elementor-col-100 elementor-top-column elementor-element elementor-element-6636e54\" data-id=\"6636e54\" data-element_type=\"column\" data-e-type=\"column\">\n\t\t\t<div class=\"elementor-widget-wrap elementor-element-populated\">\n\t\t\t\t\t\t<div class=\"elementor-element elementor-element-3bad82c elementor-widget elementor-widget-heading\" data-id=\"3bad82c\" data-element_type=\"widget\" data-e-type=\"widget\" data-widget_type=\"heading.default\">\n\t\t\t\t<div class=\"elementor-widget-container\">\n\t\t\t\t\t<h2 class=\"elementor-heading-title elementor-size-default\">Bauducco - Christmas 2019<\/h2>\t\t\t\t<\/div>\n\t\t\t\t<\/div>\n\t\t\t\t<div class=\"elementor-element elementor-element-b341a20 elementor-widget elementor-widget-text-editor\" data-id=\"b341a20\" data-element_type=\"widget\" data-e-type=\"widget\" data-widget_type=\"text-editor.default\">\n\t\t\t\t<div class=\"elementor-widget-container\">\n\t\t\t\t\t\t\t\t\t<p>Elaboration and creation of printed materials to celebrate Bauducco's Christmas 2019 in Brazilian supermarkets and hypermarkets. 3D Renders by Bia Fernandes and\u00a0<a href=\"http:\/\/cargocollective.com\/3ppp\" target=\"_blank\" rel=\"noopener\">Pamella Pesareli<\/a>. Agency: <a href=\"http:\/\/sagaranacomunicacao.com.br\" target=\"_blank\" rel=\"noopener\">Sagarana Comunica\u00e7\u00e3o<\/a>.<\/p>\t\t\t\t\t\t\t\t<\/div>\n\t\t\t\t<\/div>\n\t\t\t\t\t<\/div>\n\t\t<\/div>\n\t\t\t\t\t<\/div>\n\t\t<\/section>\n\t\t\t\t<section class=\"elementor-section elementor-top-section elementor-element elementor-element-370b423 elementor-section-boxed elementor-section-height-default elementor-section-height-default\" data-id=\"370b423\" data-element_type=\"section\" data-e-type=\"section\">\n\t\t\t\t\t\t<div class=\"elementor-container elementor-column-gap-default\">\n\t\t\t\t\t<div class=\"elementor-column elementor-col-100 elementor-top-column elementor-element elementor-element-47fd56e\" data-id=\"47fd56e\" data-element_type=\"column\" data-e-type=\"column\">\n\t\t\t<div class=\"elementor-widget-wrap elementor-element-populated\">\n\t\t\t\t\t\t<div class=\"elementor-element elementor-element-ec104f3 elementor-widget elementor-widget-image\" data-id=\"ec104f3\" data-element_type=\"widget\" data-e-type=\"widget\" data-widget_type=\"image.default\">\n\t\t\t\t<div class=\"elementor-widget-container\">\n\t\t\t\t\t\t\t\t\t\t\t\t\t\t\t<img fetchpriority=\"high\" decoding=\"async\" width=\"629\" height=\"418\" src=\"https:\/\/fecoporto.com\/wp-content\/uploads\/2021\/01\/NatalKv.png\" class=\"attachment-large size-large wp-image-2234\" alt=\"\" srcset=\"https:\/\/fecoporto.com\/wp-content\/uploads\/2021\/01\/NatalKv.png 629w, https:\/\/fecoporto.com\/wp-content\/uploads\/2021\/01\/NatalKv-300x199.png 300w, https:\/\/fecoporto.com\/wp-content\/uploads\/2021\/01\/NatalKv-150x100.png 150w\" sizes=\"(max-width: 629px) 100vw, 629px\" \/>\t\t\t\t\t\t\t\t\t\t\t\t\t\t\t<\/div>\n\t\t\t\t<\/div>\n\t\t\t\t<div class=\"elementor-element elementor-element-5ca196f elementor-widget elementor-widget-image\" data-id=\"5ca196f\" data-element_type=\"widget\" data-e-type=\"widget\" data-widget_type=\"image.default\">\n\t\t\t\t<div class=\"elementor-widget-container\">\n\t\t\t\t\t\t\t\t\t\t\t\t\t\t\t<img decoding=\"async\" width=\"629\" height=\"418\" src=\"https:\/\/fecoporto.com\/wp-content\/uploads\/2021\/01\/Natal_DisplayPremium3.jpg\" class=\"attachment-large size-large wp-image-2241\" alt=\"\" srcset=\"https:\/\/fecoporto.com\/wp-content\/uploads\/2021\/01\/Natal_DisplayPremium3.jpg 629w, https:\/\/fecoporto.com\/wp-content\/uploads\/2021\/01\/Natal_DisplayPremium3-300x199.jpg 300w, https:\/\/fecoporto.com\/wp-content\/uploads\/2021\/01\/Natal_DisplayPremium3-150x100.jpg 150w\" sizes=\"(max-width: 629px) 100vw, 629px\" \/>\t\t\t\t\t\t\t\t\t\t\t\t\t\t\t<\/div>\n\t\t\t\t<\/div>\n\t\t\t\t<div class=\"elementor-element elementor-element-8d15f16 elementor-widget elementor-widget-image\" data-id=\"8d15f16\" data-element_type=\"widget\" data-e-type=\"widget\" data-widget_type=\"image.default\">\n\t\t\t\t<div class=\"elementor-widget-container\">\n\t\t\t\t\t\t\t\t\t\t\t\t\t\t\t<img decoding=\"async\" width=\"629\" height=\"418\" src=\"https:\/\/fecoporto.com\/wp-content\/uploads\/2021\/01\/Natal_Dispenser.jpg\" class=\"attachment-large size-large wp-image-2240\" alt=\"\" srcset=\"https:\/\/fecoporto.com\/wp-content\/uploads\/2021\/01\/Natal_Dispenser.jpg 629w, https:\/\/fecoporto.com\/wp-content\/uploads\/2021\/01\/Natal_Dispenser-300x199.jpg 300w, https:\/\/fecoporto.com\/wp-content\/uploads\/2021\/01\/Natal_Dispenser-150x100.jpg 150w\" sizes=\"(max-width: 629px) 100vw, 629px\" \/>\t\t\t\t\t\t\t\t\t\t\t\t\t\t\t<\/div>\n\t\t\t\t<\/div>\n\t\t\t\t<div class=\"elementor-element elementor-element-64bbff8 elementor-widget elementor-widget-image\" data-id=\"64bbff8\" data-element_type=\"widget\" data-e-type=\"widget\" data-widget_type=\"image.default\">\n\t\t\t\t<div class=\"elementor-widget-container\">\n\t\t\t\t\t\t\t\t\t\t\t\t\t\t\t<img loading=\"lazy\" decoding=\"async\" width=\"629\" height=\"418\" src=\"https:\/\/fecoporto.com\/wp-content\/uploads\/2021\/01\/Natal_Cruzeta.jpg\" class=\"attachment-large size-large wp-image-2239\" alt=\"\" srcset=\"https:\/\/fecoporto.com\/wp-content\/uploads\/2021\/01\/Natal_Cruzeta.jpg 629w, https:\/\/fecoporto.com\/wp-content\/uploads\/2021\/01\/Natal_Cruzeta-300x199.jpg 300w, https:\/\/fecoporto.com\/wp-content\/uploads\/2021\/01\/Natal_Cruzeta-150x100.jpg 150w\" sizes=\"(max-width: 629px) 100vw, 629px\" \/>\t\t\t\t\t\t\t\t\t\t\t\t\t\t\t<\/div>\n\t\t\t\t<\/div>\n\t\t\t\t<div class=\"elementor-element elementor-element-c42fc05 elementor-widget elementor-widget-image\" data-id=\"c42fc05\" data-element_type=\"widget\" data-e-type=\"widget\" data-widget_type=\"image.default\">\n\t\t\t\t<div class=\"elementor-widget-container\">\n\t\t\t\t\t\t\t\t\t\t\t\t\t\t\t<img loading=\"lazy\" decoding=\"async\" width=\"629\" height=\"418\" src=\"https:\/\/fecoporto.com\/wp-content\/uploads\/2021\/01\/Natal_ClipStrip.jpg\" class=\"attachment-large size-large wp-image-2238\" alt=\"\" srcset=\"https:\/\/fecoporto.com\/wp-content\/uploads\/2021\/01\/Natal_ClipStrip.jpg 629w, https:\/\/fecoporto.com\/wp-content\/uploads\/2021\/01\/Natal_ClipStrip-300x199.jpg 300w, https:\/\/fecoporto.com\/wp-content\/uploads\/2021\/01\/Natal_ClipStrip-150x100.jpg 150w\" sizes=\"(max-width: 629px) 100vw, 629px\" \/>\t\t\t\t\t\t\t\t\t\t\t\t\t\t\t<\/div>\n\t\t\t\t<\/div>\n\t\t\t\t<div class=\"elementor-element elementor-element-75933ab elementor-widget elementor-widget-image\" data-id=\"75933ab\" data-element_type=\"widget\" data-e-type=\"widget\" data-widget_type=\"image.default\">\n\t\t\t\t<div class=\"elementor-widget-container\">\n\t\t\t\t\t\t\t\t\t\t\t\t\t\t\t<img loading=\"lazy\" decoding=\"async\" width=\"629\" height=\"418\" src=\"https:\/\/fecoporto.com\/wp-content\/uploads\/2021\/01\/Natal_Cestao.jpg\" class=\"attachment-large size-large wp-image-2237\" alt=\"\" srcset=\"https:\/\/fecoporto.com\/wp-content\/uploads\/2021\/01\/Natal_Cestao.jpg 629w, https:\/\/fecoporto.com\/wp-content\/uploads\/2021\/01\/Natal_Cestao-300x199.jpg 300w, https:\/\/fecoporto.com\/wp-content\/uploads\/2021\/01\/Natal_Cestao-150x100.jpg 150w\" sizes=\"(max-width: 629px) 100vw, 629px\" \/>\t\t\t\t\t\t\t\t\t\t\t\t\t\t\t<\/div>\n\t\t\t\t<\/div>\n\t\t\t\t<div class=\"elementor-element elementor-element-5246c17 elementor-widget elementor-widget-image\" data-id=\"5246c17\" data-element_type=\"widget\" data-e-type=\"widget\" data-widget_type=\"image.default\">\n\t\t\t\t<div class=\"elementor-widget-container\">\n\t\t\t\t\t\t\t\t\t\t\t\t\t\t\t<img loading=\"lazy\" decoding=\"async\" width=\"629\" height=\"418\" src=\"https:\/\/fecoporto.com\/wp-content\/uploads\/2021\/01\/Natal_Caixa.jpg\" class=\"attachment-large size-large wp-image-2235\" alt=\"\" srcset=\"https:\/\/fecoporto.com\/wp-content\/uploads\/2021\/01\/Natal_Caixa.jpg 629w, https:\/\/fecoporto.com\/wp-content\/uploads\/2021\/01\/Natal_Caixa-300x199.jpg 300w, https:\/\/fecoporto.com\/wp-content\/uploads\/2021\/01\/Natal_Caixa-150x100.jpg 150w\" sizes=\"(max-width: 629px) 100vw, 629px\" \/>\t\t\t\t\t\t\t\t\t\t\t\t\t\t\t<\/div>\n\t\t\t\t<\/div>\n\t\t\t\t<div class=\"elementor-element elementor-element-9df9a50 elementor-widget elementor-widget-image\" data-id=\"9df9a50\" data-element_type=\"widget\" data-e-type=\"widget\" data-widget_type=\"image.default\">\n\t\t\t\t<div class=\"elementor-widget-container\">\n\t\t\t\t\t\t\t\t\t\t\t\t\t\t\t<img loading=\"lazy\" decoding=\"async\" width=\"629\" height=\"418\" src=\"https:\/\/fecoporto.com\/wp-content\/uploads\/2021\/01\/Natal_Portal.jpg\" class=\"attachment-large size-large wp-image-2233\" alt=\"\" srcset=\"https:\/\/fecoporto.com\/wp-content\/uploads\/2021\/01\/Natal_Portal.jpg 629w, https:\/\/fecoporto.com\/wp-content\/uploads\/2021\/01\/Natal_Portal-300x199.jpg 300w, https:\/\/fecoporto.com\/wp-content\/uploads\/2021\/01\/Natal_Portal-150x100.jpg 150w\" sizes=\"(max-width: 629px) 100vw, 629px\" \/>\t\t\t\t\t\t\t\t\t\t\t\t\t\t\t<\/div>\n\t\t\t\t<\/div>\n\t\t\t\t<div class=\"elementor-element elementor-element-1715e84 elementor-widget elementor-widget-image\" data-id=\"1715e84\" data-element_type=\"widget\" data-e-type=\"widget\" data-widget_type=\"image.default\">\n\t\t\t\t<div class=\"elementor-widget-container\">\n\t\t\t\t\t\t\t\t\t\t\t\t\t\t\t<img loading=\"lazy\" decoding=\"async\" width=\"629\" height=\"418\" src=\"https:\/\/fecoporto.com\/wp-content\/uploads\/2021\/01\/Natal_Forracao1.jpg\" class=\"attachment-large size-large wp-image-2242\" alt=\"\" srcset=\"https:\/\/fecoporto.com\/wp-content\/uploads\/2021\/01\/Natal_Forracao1.jpg 629w, https:\/\/fecoporto.com\/wp-content\/uploads\/2021\/01\/Natal_Forracao1-300x199.jpg 300w, https:\/\/fecoporto.com\/wp-content\/uploads\/2021\/01\/Natal_Forracao1-150x100.jpg 150w\" sizes=\"(max-width: 629px) 100vw, 629px\" \/>\t\t\t\t\t\t\t\t\t\t\t\t\t\t\t<\/div>\n\t\t\t\t<\/div>\n\t\t\t\t<div class=\"elementor-element elementor-element-2f60673 elementor-widget elementor-widget-image\" data-id=\"2f60673\" data-element_type=\"widget\" data-e-type=\"widget\" data-widget_type=\"image.default\">\n\t\t\t\t<div class=\"elementor-widget-container\">\n\t\t\t\t\t\t\t\t\t\t\t\t\t\t\t<img loading=\"lazy\" decoding=\"async\" width=\"629\" height=\"418\" src=\"https:\/\/fecoporto.com\/wp-content\/uploads\/2021\/01\/Natal_Forracao2.jpg\" class=\"attachment-large size-large wp-image-2231\" alt=\"\" srcset=\"https:\/\/fecoporto.com\/wp-content\/uploads\/2021\/01\/Natal_Forracao2.jpg 629w, https:\/\/fecoporto.com\/wp-content\/uploads\/2021\/01\/Natal_Forracao2-300x199.jpg 300w, https:\/\/fecoporto.com\/wp-content\/uploads\/2021\/01\/Natal_Forracao2-150x100.jpg 150w\" sizes=\"(max-width: 629px) 100vw, 629px\" \/>\t\t\t\t\t\t\t\t\t\t\t\t\t\t\t<\/div>\n\t\t\t\t<\/div>\n\t\t\t\t\t<\/div>\n\t\t<\/div>\n\t\t\t\t\t<\/div>\n\t\t<\/section>\n\t\t\t\t<section class=\"elementor-section elementor-top-section elementor-element elementor-element-a8629fb elementor-section-boxed elementor-section-height-default elementor-section-height-default\" data-id=\"a8629fb\" data-element_type=\"section\" data-e-type=\"section\">\n\t\t\t\t\t\t<div class=\"elementor-container elementor-column-gap-default\">\n\t\t\t\t\t<div class=\"elementor-column elementor-col-100 elementor-top-column elementor-element elementor-element-318400f\" data-id=\"318400f\" data-element_type=\"column\" data-e-type=\"column\">\n\t\t\t<div class=\"elementor-widget-wrap elementor-element-populated\">\n\t\t\t\t\t\t<div class=\"elementor-element elementor-element-f75d7ad elementor-align-center elementor-widget elementor-widget-button\" data-id=\"f75d7ad\" data-element_type=\"widget\" data-e-type=\"widget\" data-widget_type=\"button.default\">\n\t\t\t\t<div class=\"elementor-widget-container\">\n\t\t\t\t\t\t\t\t\t<div class=\"elementor-button-wrapper\">\n\t\t\t\t\t<a class=\"elementor-button elementor-button-link elementor-size-sm\" href=\"https:\/\/fecoporto.com\/en\/\">\n\t\t\t\t\t\t<span class=\"elementor-button-content-wrapper\">\n\t\t\t\t\t\t\t\t\t<span class=\"elementor-button-text\">Back<\/span>\n\t\t\t\t\t<\/span>\n\t\t\t\t\t<\/a>\n\t\t\t\t<\/div>\n\t\t\t\t\t\t\t\t<\/div>\n\t\t\t\t<\/div>\n\t\t\t\t\t<\/div>\n\t\t<\/div>\n\t\t\t\t\t<\/div>\n\t\t<\/section>\n\t\t\t\t<\/div>","protected":false},"excerpt":{"rendered":"<p>Bauducco &#8211; Natal 2019 Elabora\u00e7\u00e3o e cria\u00e7\u00e3o dos materiais impressos para celebrar o Natal 2019 da Bauducco nas redes de super e hipermercado do Brasil. Renders 3D por Bia Fernandes e\u00a0Pamella Pesareli. Ag\u00eancia: Sagarana Comunica\u00e7\u00e3o. Voltar<\/p>","protected":false},"author":1,"featured_media":0,"parent":0,"menu_order":0,"comment_status":"closed","ping_status":"closed","template":"","meta":{"site-sidebar-layout":"no-sidebar","site-content-layout":"page-builder","ast-site-content-layout":"default","site-content-style":"default","site-sidebar-style":"default","ast-global-header-display":"","ast-banner-title-visibility":"","ast-main-header-display":"","ast-hfb-above-header-display":"","ast-hfb-below-header-display":"","ast-hfb-mobile-header-display":"","site-post-title":"disabled","ast-breadcrumbs-content":"","ast-featured-img":"disabled","footer-sml-layout":"","ast-disable-related-posts":"","theme-transparent-header-meta":"default","adv-header-id-meta":"","stick-header-meta":"","header-above-stick-meta":"","header-main-stick-meta":"","header-below-stick-meta":"","astra-migrate-meta-layouts":"default","ast-page-background-enabled":"default","ast-page-background-meta":{"desktop":{"background-color":"","background-image":"","background-repeat":"repeat","background-position":"center center","background-size":"auto","background-attachment":"scroll","background-type":"","background-media":"","overlay-type":"","overlay-color":"","overlay-opacity":"","overlay-gradient":""},"tablet":{"background-color":"","background-image":"","background-repeat":"repeat","background-position":"center center","background-size":"auto","background-attachment":"scroll","background-type":"","background-media":"","overlay-type":"","overlay-color":"","overlay-opacity":"","overlay-gradient":""},"mobile":{"background-color":"","background-image":"","background-repeat":"repeat","background-position":"center center","background-size":"auto","background-attachment":"scroll","background-type":"","background-media":"","overlay-type":"","overlay-color":"","overlay-opacity":"","overlay-gradient":""}},"ast-content-background-meta":{"desktop":{"background-color":"var(--ast-global-color-5)","background-image":"","background-repeat":"repeat","background-position":"center center","background-size":"auto","background-attachment":"scroll","background-type":"","background-media":"","overlay-type":"","overlay-color":"","overlay-opacity":"","overlay-gradient":""},"tablet":{"background-color":"var(--ast-global-color-5)","background-image":"","background-repeat":"repeat","background-position":"center center","background-size":"auto","background-attachment":"scroll","background-type":"","background-media":"","overlay-type":"","overlay-color":"","overlay-opacity":"","overlay-gradient":""},"mobile":{"background-color":"var(--ast-global-color-5)","background-image":"","background-repeat":"repeat","background-position":"center center","background-size":"auto","background-attachment":"scroll","background-type":"","background-media":"","overlay-type":"","overlay-color":"","overlay-opacity":"","overlay-gradient":""}},"footnotes":""},"class_list":["post-2290","page","type-page","status-publish","hentry"],"_links":{"self":[{"href":"https:\/\/fecoporto.com\/en\/wp-json\/wp\/v2\/pages\/2290","targetHints":{"allow":["GET"]}}],"collection":[{"href":"https:\/\/fecoporto.com\/en\/wp-json\/wp\/v2\/pages"}],"about":[{"href":"https:\/\/fecoporto.com\/en\/wp-json\/wp\/v2\/types\/page"}],"author":[{"embeddable":true,"href":"https:\/\/fecoporto.com\/en\/wp-json\/wp\/v2\/users\/1"}],"replies":[{"embeddable":true,"href":"https:\/\/fecoporto.com\/en\/wp-json\/wp\/v2\/comments?post=2290"}],"version-history":[{"count":16,"href":"https:\/\/fecoporto.com\/en\/wp-json\/wp\/v2\/pages\/2290\/revisions"}],"predecessor-version":[{"id":2382,"href":"https:\/\/fecoporto.com\/en\/wp-json\/wp\/v2\/pages\/2290\/revisions\/2382"}],"wp:attachment":[{"href":"https:\/\/fecoporto.com\/en\/wp-json\/wp\/v2\/media?parent=2290"}],"curies":[{"name":"wp","href":"https:\/\/api.w.org\/{rel}","templated":true}]}}