{"id":2158,"date":"2021-01-01T21:53:11","date_gmt":"2021-01-02T00:53:11","guid":{"rendered":"http:\/\/fecoporto.com\/?page_id=2158"},"modified":"2021-01-27T18:01:25","modified_gmt":"2021-01-27T21:01:25","slug":"lg-inverter","status":"publish","type":"page","link":"https:\/\/fecoporto.com\/en\/lg-inverter\/","title":{"rendered":"LG &#8211; Inverter"},"content":{"rendered":"<div data-elementor-type=\"wp-page\" data-elementor-id=\"2158\" class=\"elementor elementor-2158\">\n\t\t\t\t\t\t<section class=\"elementor-section elementor-top-section elementor-element elementor-element-386d312 elementor-section-boxed elementor-section-height-default elementor-section-height-default\" data-id=\"386d312\" data-element_type=\"section\" data-e-type=\"section\">\n\t\t\t\t\t\t<div class=\"elementor-container elementor-column-gap-default\">\n\t\t\t\t\t<div class=\"elementor-column elementor-col-100 elementor-top-column elementor-element elementor-element-6636e54\" data-id=\"6636e54\" data-element_type=\"column\" data-e-type=\"column\">\n\t\t\t<div class=\"elementor-widget-wrap elementor-element-populated\">\n\t\t\t\t\t\t<div class=\"elementor-element elementor-element-3bad82c elementor-widget elementor-widget-heading\" data-id=\"3bad82c\" data-element_type=\"widget\" data-e-type=\"widget\" data-widget_type=\"heading.default\">\n\t\t\t\t<div class=\"elementor-widget-container\">\n\t\t\t\t\t<h2 class=\"elementor-heading-title elementor-size-default\">LG - Inverter<\/h2>\t\t\t\t<\/div>\n\t\t\t\t<\/div>\n\t\t\t\t<div class=\"elementor-element elementor-element-b341a20 elementor-widget elementor-widget-text-editor\" data-id=\"b341a20\" data-element_type=\"widget\" data-e-type=\"widget\" data-widget_type=\"text-editor.default\">\n\t\t\t\t<div class=\"elementor-widget-container\">\n\t\t\t\t\t\t\t\t\t<p>Inverter is LG's ecofriendly product line, generating up to 60% savings. I had the opportunity to work on the creative concept of the campaign. 3D renders by\u00a0<a href=\"http:\/\/cargocollective.com\/3ppp\" target=\"_blank\" rel=\"noopener\">Pamella Pesareli<\/a>. Agency: <a href=\"http:\/\/sagaranacomunicacao.com.br\" target=\"_blank\" rel=\"noopener\">Sagarana Comunica\u00e7\u00e3o<\/a>.<\/p>\t\t\t\t\t\t\t\t<\/div>\n\t\t\t\t<\/div>\n\t\t\t\t\t<\/div>\n\t\t<\/div>\n\t\t\t\t\t<\/div>\n\t\t<\/section>\n\t\t\t\t<section class=\"elementor-section elementor-top-section elementor-element elementor-element-370b423 elementor-section-boxed elementor-section-height-default elementor-section-height-default\" data-id=\"370b423\" data-element_type=\"section\" data-e-type=\"section\">\n\t\t\t\t\t\t<div class=\"elementor-container elementor-column-gap-default\">\n\t\t\t\t\t<div class=\"elementor-column elementor-col-100 elementor-top-column elementor-element elementor-element-47fd56e\" data-id=\"47fd56e\" data-element_type=\"column\" data-e-type=\"column\">\n\t\t\t<div class=\"elementor-widget-wrap elementor-element-populated\">\n\t\t\t\t\t\t<div class=\"elementor-element elementor-element-ec104f3 elementor-widget elementor-widget-image\" data-id=\"ec104f3\" data-element_type=\"widget\" data-e-type=\"widget\" data-widget_type=\"image.default\">\n\t\t\t\t<div class=\"elementor-widget-container\">\n\t\t\t\t\t\t\t\t\t\t\t\t\t\t\t<img fetchpriority=\"high\" decoding=\"async\" width=\"1200\" height=\"675\" src=\"https:\/\/fecoporto.com\/wp-content\/uploads\/2021\/01\/Refrigerador_Camadas_Final.png\" class=\"attachment-large size-large wp-image-2186\" alt=\"\" srcset=\"https:\/\/fecoporto.com\/wp-content\/uploads\/2021\/01\/Refrigerador_Camadas_Final.png 1748w, https:\/\/fecoporto.com\/wp-content\/uploads\/2021\/01\/Refrigerador_Camadas_Final-300x169.png 300w, https:\/\/fecoporto.com\/wp-content\/uploads\/2021\/01\/Refrigerador_Camadas_Final-150x84.png 150w, https:\/\/fecoporto.com\/wp-content\/uploads\/2021\/01\/Refrigerador_Camadas_Final-768x432.png 768w, https:\/\/fecoporto.com\/wp-content\/uploads\/2021\/01\/Refrigerador_Camadas_Final-1536x864.png 1536w\" sizes=\"(max-width: 1200px) 100vw, 1200px\" \/>\t\t\t\t\t\t\t\t\t\t\t\t\t\t\t<\/div>\n\t\t\t\t<\/div>\n\t\t\t\t<div class=\"elementor-element elementor-element-5ca196f elementor-widget elementor-widget-image\" data-id=\"5ca196f\" data-element_type=\"widget\" data-e-type=\"widget\" data-widget_type=\"image.default\">\n\t\t\t\t<div class=\"elementor-widget-container\">\n\t\t\t\t\t\t\t\t\t\t\t\t\t\t\t<img decoding=\"async\" width=\"1200\" height=\"675\" src=\"https:\/\/fecoporto.com\/wp-content\/uploads\/2021\/01\/Loja_Camadas_Final.png\" class=\"attachment-large size-large wp-image-2187\" alt=\"\" srcset=\"https:\/\/fecoporto.com\/wp-content\/uploads\/2021\/01\/Loja_Camadas_Final.png 1748w, https:\/\/fecoporto.com\/wp-content\/uploads\/2021\/01\/Loja_Camadas_Final-300x169.png 300w, https:\/\/fecoporto.com\/wp-content\/uploads\/2021\/01\/Loja_Camadas_Final-150x84.png 150w, https:\/\/fecoporto.com\/wp-content\/uploads\/2021\/01\/Loja_Camadas_Final-768x432.png 768w, https:\/\/fecoporto.com\/wp-content\/uploads\/2021\/01\/Loja_Camadas_Final-1536x864.png 1536w\" sizes=\"(max-width: 1200px) 100vw, 1200px\" \/>\t\t\t\t\t\t\t\t\t\t\t\t\t\t\t<\/div>\n\t\t\t\t<\/div>\n\t\t\t\t<div class=\"elementor-element elementor-element-8d15f16 elementor-widget elementor-widget-image\" data-id=\"8d15f16\" data-element_type=\"widget\" data-e-type=\"widget\" data-widget_type=\"image.default\">\n\t\t\t\t<div class=\"elementor-widget-container\">\n\t\t\t\t\t\t\t\t\t\t\t\t\t\t\t<img decoding=\"async\" width=\"1200\" height=\"675\" src=\"https:\/\/fecoporto.com\/wp-content\/uploads\/2021\/01\/Micro_Maior_Final.png\" class=\"attachment-large size-large wp-image-2188\" alt=\"\" srcset=\"https:\/\/fecoporto.com\/wp-content\/uploads\/2021\/01\/Micro_Maior_Final.png 1748w, https:\/\/fecoporto.com\/wp-content\/uploads\/2021\/01\/Micro_Maior_Final-300x169.png 300w, https:\/\/fecoporto.com\/wp-content\/uploads\/2021\/01\/Micro_Maior_Final-150x84.png 150w, https:\/\/fecoporto.com\/wp-content\/uploads\/2021\/01\/Micro_Maior_Final-768x432.png 768w, https:\/\/fecoporto.com\/wp-content\/uploads\/2021\/01\/Micro_Maior_Final-1536x864.png 1536w\" sizes=\"(max-width: 1200px) 100vw, 1200px\" \/>\t\t\t\t\t\t\t\t\t\t\t\t\t\t\t<\/div>\n\t\t\t\t<\/div>\n\t\t\t\t<div class=\"elementor-element elementor-element-64bbff8 elementor-widget elementor-widget-image\" data-id=\"64bbff8\" data-element_type=\"widget\" data-e-type=\"widget\" data-widget_type=\"image.default\">\n\t\t\t\t<div class=\"elementor-widget-container\">\n\t\t\t\t\t\t\t\t\t\t\t\t\t\t\t<img loading=\"lazy\" decoding=\"async\" width=\"1200\" height=\"675\" src=\"https:\/\/fecoporto.com\/wp-content\/uploads\/2021\/01\/Lavanderia_final.png\" class=\"attachment-large size-large wp-image-2191\" alt=\"\" srcset=\"https:\/\/fecoporto.com\/wp-content\/uploads\/2021\/01\/Lavanderia_final.png 1748w, https:\/\/fecoporto.com\/wp-content\/uploads\/2021\/01\/Lavanderia_final-300x169.png 300w, https:\/\/fecoporto.com\/wp-content\/uploads\/2021\/01\/Lavanderia_final-150x84.png 150w, https:\/\/fecoporto.com\/wp-content\/uploads\/2021\/01\/Lavanderia_final-768x432.png 768w, https:\/\/fecoporto.com\/wp-content\/uploads\/2021\/01\/Lavanderia_final-1536x864.png 1536w\" sizes=\"(max-width: 1200px) 100vw, 1200px\" \/>\t\t\t\t\t\t\t\t\t\t\t\t\t\t\t<\/div>\n\t\t\t\t<\/div>\n\t\t\t\t<div class=\"elementor-element elementor-element-c42fc05 elementor-widget elementor-widget-image\" data-id=\"c42fc05\" data-element_type=\"widget\" data-e-type=\"widget\" data-widget_type=\"image.default\">\n\t\t\t\t<div class=\"elementor-widget-container\">\n\t\t\t\t\t\t\t\t\t\t\t\t\t\t\t<img loading=\"lazy\" decoding=\"async\" width=\"1200\" height=\"675\" src=\"https:\/\/fecoporto.com\/wp-content\/uploads\/2021\/01\/Quarto_Camadas_Final_SemLampada.png\" class=\"attachment-large size-large wp-image-2189\" alt=\"\" srcset=\"https:\/\/fecoporto.com\/wp-content\/uploads\/2021\/01\/Quarto_Camadas_Final_SemLampada.png 1748w, https:\/\/fecoporto.com\/wp-content\/uploads\/2021\/01\/Quarto_Camadas_Final_SemLampada-300x169.png 300w, https:\/\/fecoporto.com\/wp-content\/uploads\/2021\/01\/Quarto_Camadas_Final_SemLampada-150x84.png 150w, https:\/\/fecoporto.com\/wp-content\/uploads\/2021\/01\/Quarto_Camadas_Final_SemLampada-768x432.png 768w, https:\/\/fecoporto.com\/wp-content\/uploads\/2021\/01\/Quarto_Camadas_Final_SemLampada-1536x864.png 1536w\" sizes=\"(max-width: 1200px) 100vw, 1200px\" \/>\t\t\t\t\t\t\t\t\t\t\t\t\t\t\t<\/div>\n\t\t\t\t<\/div>\n\t\t\t\t<div class=\"elementor-element elementor-element-75933ab elementor-widget elementor-widget-image\" data-id=\"75933ab\" data-element_type=\"widget\" data-e-type=\"widget\" data-widget_type=\"image.default\">\n\t\t\t\t<div class=\"elementor-widget-container\">\n\t\t\t\t\t\t\t\t\t\t\t\t\t\t\t<img loading=\"lazy\" decoding=\"async\" width=\"1200\" height=\"675\" src=\"https:\/\/fecoporto.com\/wp-content\/uploads\/2021\/01\/Cozinha_Camadas_Final.png\" class=\"attachment-large size-large wp-image-2185\" alt=\"\" srcset=\"https:\/\/fecoporto.com\/wp-content\/uploads\/2021\/01\/Cozinha_Camadas_Final.png 1748w, https:\/\/fecoporto.com\/wp-content\/uploads\/2021\/01\/Cozinha_Camadas_Final-300x169.png 300w, https:\/\/fecoporto.com\/wp-content\/uploads\/2021\/01\/Cozinha_Camadas_Final-150x84.png 150w, https:\/\/fecoporto.com\/wp-content\/uploads\/2021\/01\/Cozinha_Camadas_Final-768x432.png 768w, https:\/\/fecoporto.com\/wp-content\/uploads\/2021\/01\/Cozinha_Camadas_Final-1536x864.png 1536w\" sizes=\"(max-width: 1200px) 100vw, 1200px\" \/>\t\t\t\t\t\t\t\t\t\t\t\t\t\t\t<\/div>\n\t\t\t\t<\/div>\n\t\t\t\t\t<\/div>\n\t\t<\/div>\n\t\t\t\t\t<\/div>\n\t\t<\/section>\n\t\t\t\t<section class=\"elementor-section elementor-top-section elementor-element elementor-element-a8629fb elementor-section-boxed elementor-section-height-default elementor-section-height-default\" data-id=\"a8629fb\" data-element_type=\"section\" data-e-type=\"section\">\n\t\t\t\t\t\t<div class=\"elementor-container elementor-column-gap-default\">\n\t\t\t\t\t<div class=\"elementor-column elementor-col-100 elementor-top-column elementor-element elementor-element-318400f\" data-id=\"318400f\" data-element_type=\"column\" data-e-type=\"column\">\n\t\t\t<div class=\"elementor-widget-wrap elementor-element-populated\">\n\t\t\t\t\t\t<div class=\"elementor-element elementor-element-f75d7ad elementor-align-center elementor-widget elementor-widget-button\" data-id=\"f75d7ad\" data-element_type=\"widget\" data-e-type=\"widget\" data-widget_type=\"button.default\">\n\t\t\t\t<div class=\"elementor-widget-container\">\n\t\t\t\t\t\t\t\t\t<div class=\"elementor-button-wrapper\">\n\t\t\t\t\t<a class=\"elementor-button elementor-button-link elementor-size-sm\" href=\"https:\/\/fecoporto.com\/en\/\">\n\t\t\t\t\t\t<span class=\"elementor-button-content-wrapper\">\n\t\t\t\t\t\t\t\t\t<span class=\"elementor-button-text\">Back<\/span>\n\t\t\t\t\t<\/span>\n\t\t\t\t\t<\/a>\n\t\t\t\t<\/div>\n\t\t\t\t\t\t\t\t<\/div>\n\t\t\t\t<\/div>\n\t\t\t\t\t<\/div>\n\t\t<\/div>\n\t\t\t\t\t<\/div>\n\t\t<\/section>\n\t\t\t\t<\/div>","protected":false},"excerpt":{"rendered":"<p>LG &#8211; Inverter Inverter \u00e9 a linha econ\u00f4mica da LG, gerando at\u00e9 60% de economia. Tive a oportunidade de trabalhar na cria\u00e7\u00e3o do conceito criativo da campanha e nos desdobramentos das pe\u00e7as gr\u00e1ficas. Renders 3D por\u00a0Pamella Pesareli. Ag\u00eancia: Sagarana Comunica\u00e7\u00e3o. Voltar<\/p>","protected":false},"author":1,"featured_media":0,"parent":0,"menu_order":0,"comment_status":"closed","ping_status":"closed","template":"","meta":{"site-sidebar-layout":"no-sidebar","site-content-layout":"page-builder","ast-site-content-layout":"default","site-content-style":"default","site-sidebar-style":"default","ast-global-header-display":"","ast-banner-title-visibility":"","ast-main-header-display":"","ast-hfb-above-header-display":"","ast-hfb-below-header-display":"","ast-hfb-mobile-header-display":"","site-post-title":"disabled","ast-breadcrumbs-content":"","ast-featured-img":"disabled","footer-sml-layout":"","ast-disable-related-posts":"","theme-transparent-header-meta":"default","adv-header-id-meta":"","stick-header-meta":"","header-above-stick-meta":"","header-main-stick-meta":"","header-below-stick-meta":"","astra-migrate-meta-layouts":"default","ast-page-background-enabled":"default","ast-page-background-meta":{"desktop":{"background-color":"","background-image":"","background-repeat":"repeat","background-position":"center center","background-size":"auto","background-attachment":"scroll","background-type":"","background-media":"","overlay-type":"","overlay-color":"","overlay-opacity":"","overlay-gradient":""},"tablet":{"background-color":"","background-image":"","background-repeat":"repeat","background-position":"center center","background-size":"auto","background-attachment":"scroll","background-type":"","background-media":"","overlay-type":"","overlay-color":"","overlay-opacity":"","overlay-gradient":""},"mobile":{"background-color":"","background-image":"","background-repeat":"repeat","background-position":"center center","background-size":"auto","background-attachment":"scroll","background-type":"","background-media":"","overlay-type":"","overlay-color":"","overlay-opacity":"","overlay-gradient":""}},"ast-content-background-meta":{"desktop":{"background-color":"var(--ast-global-color-5)","background-image":"","background-repeat":"repeat","background-position":"center center","background-size":"auto","background-attachment":"scroll","background-type":"","background-media":"","overlay-type":"","overlay-color":"","overlay-opacity":"","overlay-gradient":""},"tablet":{"background-color":"var(--ast-global-color-5)","background-image":"","background-repeat":"repeat","background-position":"center center","background-size":"auto","background-attachment":"scroll","background-type":"","background-media":"","overlay-type":"","overlay-color":"","overlay-opacity":"","overlay-gradient":""},"mobile":{"background-color":"var(--ast-global-color-5)","background-image":"","background-repeat":"repeat","background-position":"center center","background-size":"auto","background-attachment":"scroll","background-type":"","background-media":"","overlay-type":"","overlay-color":"","overlay-opacity":"","overlay-gradient":""}},"footnotes":""},"class_list":["post-2158","page","type-page","status-publish","hentry"],"_links":{"self":[{"href":"https:\/\/fecoporto.com\/en\/wp-json\/wp\/v2\/pages\/2158","targetHints":{"allow":["GET"]}}],"collection":[{"href":"https:\/\/fecoporto.com\/en\/wp-json\/wp\/v2\/pages"}],"about":[{"href":"https:\/\/fecoporto.com\/en\/wp-json\/wp\/v2\/types\/page"}],"author":[{"embeddable":true,"href":"https:\/\/fecoporto.com\/en\/wp-json\/wp\/v2\/users\/1"}],"replies":[{"embeddable":true,"href":"https:\/\/fecoporto.com\/en\/wp-json\/wp\/v2\/comments?post=2158"}],"version-history":[{"count":28,"href":"https:\/\/fecoporto.com\/en\/wp-json\/wp\/v2\/pages\/2158\/revisions"}],"predecessor-version":[{"id":2406,"href":"https:\/\/fecoporto.com\/en\/wp-json\/wp\/v2\/pages\/2158\/revisions\/2406"}],"wp:attachment":[{"href":"https:\/\/fecoporto.com\/en\/wp-json\/wp\/v2\/media?parent=2158"}],"curies":[{"name":"wp","href":"https:\/\/api.w.org\/{rel}","templated":true}]}}