{"id":2136,"date":"2021-01-01T21:01:04","date_gmt":"2021-01-02T00:01:04","guid":{"rendered":"http:\/\/fecoporto.com\/?page_id=2136"},"modified":"2026-01-22T12:09:46","modified_gmt":"2026-01-22T15:09:46","slug":"sobre","status":"publish","type":"page","link":"https:\/\/fecoporto.com\/en\/sobre\/","title":{"rendered":"About"},"content":{"rendered":"<div data-elementor-type=\"wp-post\" data-elementor-id=\"2136\" class=\"elementor elementor-2136\">\n\t\t\t\t\t\t<section class=\"elementor-section elementor-top-section elementor-element elementor-element-216e7e5 elementor-section-boxed elementor-section-height-default elementor-section-height-default\" data-id=\"216e7e5\" data-element_type=\"section\" data-e-type=\"section\" data-settings=\"{&quot;background_background&quot;:&quot;classic&quot;}\">\n\t\t\t\t\t\t<div class=\"elementor-container elementor-column-gap-no\">\n\t\t\t\t\t<div class=\"elementor-column elementor-col-50 elementor-top-column elementor-element elementor-element-a3904ed\" data-id=\"a3904ed\" data-element_type=\"column\" data-e-type=\"column\">\n\t\t\t<div class=\"elementor-widget-wrap elementor-element-populated\">\n\t\t\t\t\t\t<div class=\"elementor-element elementor-element-df840f5 elementor-widget__width-initial elementor-widget elementor-widget-heading\" data-id=\"df840f5\" data-element_type=\"widget\" data-e-type=\"widget\" data-widget_type=\"heading.default\">\n\t\t\t\t<div class=\"elementor-widget-container\">\n\t\t\t\t\t<h3 class=\"elementor-heading-title elementor-size-default\">Hello! My name is Feco Porto,\nI am a graphic designer and art director specialized in creating visual concepts for projects and experiences through impactful storytelling.<\/h3>\t\t\t\t<\/div>\n\t\t\t\t<\/div>\n\t\t\t\t\t<\/div>\n\t\t<\/div>\n\t\t\t\t<div class=\"elementor-column elementor-col-50 elementor-top-column elementor-element elementor-element-e0928fb\" data-id=\"e0928fb\" data-element_type=\"column\" data-e-type=\"column\">\n\t\t\t<div class=\"elementor-widget-wrap elementor-element-populated\">\n\t\t\t\t\t\t<div class=\"elementor-element elementor-element-097108a elementor-widget__width-initial elementor-widget elementor-widget-image\" data-id=\"097108a\" data-element_type=\"widget\" data-e-type=\"widget\" data-widget_type=\"image.default\">\n\t\t\t\t<div class=\"elementor-widget-container\">\n\t\t\t\t\t\t\t\t\t\t\t\t\t\t\t<img fetchpriority=\"high\" decoding=\"async\" width=\"816\" height=\"1015\" src=\"https:\/\/fecoporto.com\/wp-content\/uploads\/2026\/01\/eu.png\" class=\"attachment-large size-large wp-image-2874\" alt=\"\" srcset=\"https:\/\/fecoporto.com\/wp-content\/uploads\/2026\/01\/eu.png 816w, https:\/\/fecoporto.com\/wp-content\/uploads\/2026\/01\/eu-241x300.png 241w, https:\/\/fecoporto.com\/wp-content\/uploads\/2026\/01\/eu-121x150.png 121w, https:\/\/fecoporto.com\/wp-content\/uploads\/2026\/01\/eu-768x955.png 768w, https:\/\/fecoporto.com\/wp-content\/uploads\/2026\/01\/eu-10x12.png 10w\" sizes=\"(max-width: 816px) 100vw, 816px\" \/>\t\t\t\t\t\t\t\t\t\t\t\t\t\t\t<\/div>\n\t\t\t\t<\/div>\n\t\t\t\t\t<\/div>\n\t\t<\/div>\n\t\t\t\t\t<\/div>\n\t\t<\/section>\n\t\t\t\t<section class=\"elementor-section elementor-top-section elementor-element elementor-element-408bb516 elementor-section-content-middle elementor-section-boxed elementor-section-height-default elementor-section-height-default\" data-id=\"408bb516\" data-element_type=\"section\" data-e-type=\"section\" data-settings=\"{&quot;background_background&quot;:&quot;classic&quot;}\">\n\t\t\t\t\t\t<div class=\"elementor-container elementor-column-gap-no\">\n\t\t\t\t\t<div class=\"elementor-column elementor-col-100 elementor-top-column elementor-element elementor-element-743c6ff6\" data-id=\"743c6ff6\" data-element_type=\"column\" data-e-type=\"column\">\n\t\t\t<div class=\"elementor-widget-wrap elementor-element-populated\">\n\t\t\t\t\t\t<div class=\"elementor-element elementor-element-79618001 elementor-widget elementor-widget-heading\" data-id=\"79618001\" data-element_type=\"widget\" data-e-type=\"widget\" data-widget_type=\"heading.default\">\n\t\t\t\t<div class=\"elementor-widget-container\">\n\t\t\t\t\t<h4 class=\"elementor-heading-title elementor-size-default\">Clients<\/h4>\t\t\t\t<\/div>\n\t\t\t\t<\/div>\n\t\t\t\t<section class=\"elementor-section elementor-inner-section elementor-element elementor-element-684de5d0 elementor-section-content-middle elementor-section-boxed elementor-section-height-default elementor-section-height-default\" data-id=\"684de5d0\" data-element_type=\"section\" data-e-type=\"section\">\n\t\t\t\t\t\t<div class=\"elementor-container elementor-column-gap-no\">\n\t\t\t\t\t<div class=\"elementor-column elementor-col-20 elementor-inner-column elementor-element elementor-element-64662302\" data-id=\"64662302\" data-element_type=\"column\" data-e-type=\"column\">\n\t\t\t<div class=\"elementor-widget-wrap elementor-element-populated\">\n\t\t\t\t\t\t<div class=\"elementor-element elementor-element-628a9c92 elementor-widget elementor-widget-image\" data-id=\"628a9c92\" data-element_type=\"widget\" data-e-type=\"widget\" data-widget_type=\"image.default\">\n\t\t\t\t<div class=\"elementor-widget-container\">\n\t\t\t\t\t\t\t\t\t\t\t\t\t\t\t<img decoding=\"async\" width=\"667\" height=\"197\" src=\"https:\/\/fecoporto.com\/wp-content\/uploads\/2023\/01\/havainas.png\" class=\"attachment-large size-large wp-image-2744\" alt=\"\" srcset=\"https:\/\/fecoporto.com\/wp-content\/uploads\/2023\/01\/havainas.png 667w, https:\/\/fecoporto.com\/wp-content\/uploads\/2023\/01\/havainas-300x89.png 300w, https:\/\/fecoporto.com\/wp-content\/uploads\/2023\/01\/havainas-150x44.png 150w, https:\/\/fecoporto.com\/wp-content\/uploads\/2023\/01\/havainas-18x5.png 18w\" sizes=\"(max-width: 667px) 100vw, 667px\" \/>\t\t\t\t\t\t\t\t\t\t\t\t\t\t\t<\/div>\n\t\t\t\t<\/div>\n\t\t\t\t\t<\/div>\n\t\t<\/div>\n\t\t\t\t<div class=\"elementor-column elementor-col-20 elementor-inner-column elementor-element elementor-element-1bee1f07\" data-id=\"1bee1f07\" data-element_type=\"column\" data-e-type=\"column\">\n\t\t\t<div class=\"elementor-widget-wrap elementor-element-populated\">\n\t\t\t\t\t\t<div class=\"elementor-element elementor-element-5b01d8b1 elementor-widget elementor-widget-image\" data-id=\"5b01d8b1\" data-element_type=\"widget\" data-e-type=\"widget\" data-widget_type=\"image.default\">\n\t\t\t\t<div class=\"elementor-widget-container\">\n\t\t\t\t\t\t\t\t\t\t\t\t\t\t\t<img decoding=\"async\" width=\"482\" height=\"282\" src=\"https:\/\/fecoporto.com\/wp-content\/uploads\/2023\/01\/bauducco.png\" class=\"attachment-large size-large wp-image-2738\" alt=\"\" srcset=\"https:\/\/fecoporto.com\/wp-content\/uploads\/2023\/01\/bauducco.png 482w, https:\/\/fecoporto.com\/wp-content\/uploads\/2023\/01\/bauducco-300x176.png 300w, https:\/\/fecoporto.com\/wp-content\/uploads\/2023\/01\/bauducco-150x88.png 150w, https:\/\/fecoporto.com\/wp-content\/uploads\/2023\/01\/bauducco-18x12.png 18w\" sizes=\"(max-width: 482px) 100vw, 482px\" \/>\t\t\t\t\t\t\t\t\t\t\t\t\t\t\t<\/div>\n\t\t\t\t<\/div>\n\t\t\t\t\t<\/div>\n\t\t<\/div>\n\t\t\t\t<div class=\"elementor-column elementor-col-20 elementor-inner-column elementor-element elementor-element-7255581f\" data-id=\"7255581f\" data-element_type=\"column\" data-e-type=\"column\">\n\t\t\t<div class=\"elementor-widget-wrap elementor-element-populated\">\n\t\t\t\t\t\t<div class=\"elementor-element elementor-element-30741ad4 elementor-widget elementor-widget-image\" data-id=\"30741ad4\" data-element_type=\"widget\" data-e-type=\"widget\" data-widget_type=\"image.default\">\n\t\t\t\t<div class=\"elementor-widget-container\">\n\t\t\t\t\t\t\t\t\t\t\t\t\t\t\t<img loading=\"lazy\" decoding=\"async\" width=\"538\" height=\"96\" src=\"https:\/\/fecoporto.com\/wp-content\/uploads\/2023\/01\/timberland.png\" class=\"attachment-large size-large wp-image-2740\" alt=\"\" srcset=\"https:\/\/fecoporto.com\/wp-content\/uploads\/2023\/01\/timberland.png 538w, https:\/\/fecoporto.com\/wp-content\/uploads\/2023\/01\/timberland-300x54.png 300w, https:\/\/fecoporto.com\/wp-content\/uploads\/2023\/01\/timberland-150x27.png 150w, https:\/\/fecoporto.com\/wp-content\/uploads\/2023\/01\/timberland-18x3.png 18w\" sizes=\"(max-width: 538px) 100vw, 538px\" \/>\t\t\t\t\t\t\t\t\t\t\t\t\t\t\t<\/div>\n\t\t\t\t<\/div>\n\t\t\t\t\t<\/div>\n\t\t<\/div>\n\t\t\t\t<div class=\"elementor-column elementor-col-20 elementor-inner-column elementor-element elementor-element-451fddbe\" data-id=\"451fddbe\" data-element_type=\"column\" data-e-type=\"column\">\n\t\t\t<div class=\"elementor-widget-wrap elementor-element-populated\">\n\t\t\t\t\t\t<div class=\"elementor-element elementor-element-56293911 elementor-widget elementor-widget-image\" data-id=\"56293911\" data-element_type=\"widget\" data-e-type=\"widget\" data-widget_type=\"image.default\">\n\t\t\t\t<div class=\"elementor-widget-container\">\n\t\t\t\t\t\t\t\t\t\t\t\t\t\t\t<img loading=\"lazy\" decoding=\"async\" width=\"1200\" height=\"417\" src=\"https:\/\/fecoporto.com\/wp-content\/uploads\/2023\/01\/uber-1920x667.png\" class=\"attachment-large size-large wp-image-2741\" alt=\"\" srcset=\"https:\/\/fecoporto.com\/wp-content\/uploads\/2023\/01\/uber-1920x667.png 1920w, https:\/\/fecoporto.com\/wp-content\/uploads\/2023\/01\/uber-300x104.png 300w, https:\/\/fecoporto.com\/wp-content\/uploads\/2023\/01\/uber-150x52.png 150w, https:\/\/fecoporto.com\/wp-content\/uploads\/2023\/01\/uber-768x267.png 768w, https:\/\/fecoporto.com\/wp-content\/uploads\/2023\/01\/uber-1536x533.png 1536w, https:\/\/fecoporto.com\/wp-content\/uploads\/2023\/01\/uber-2048x711.png 2048w, https:\/\/fecoporto.com\/wp-content\/uploads\/2023\/01\/uber-18x6.png 18w\" sizes=\"(max-width: 1200px) 100vw, 1200px\" \/>\t\t\t\t\t\t\t\t\t\t\t\t\t\t\t<\/div>\n\t\t\t\t<\/div>\n\t\t\t\t\t<\/div>\n\t\t<\/div>\n\t\t\t\t<div class=\"elementor-column elementor-col-20 elementor-inner-column elementor-element elementor-element-6899a66e\" data-id=\"6899a66e\" data-element_type=\"column\" data-e-type=\"column\">\n\t\t\t<div class=\"elementor-widget-wrap elementor-element-populated\">\n\t\t\t\t\t\t<div class=\"elementor-element elementor-element-73860f85 elementor-widget elementor-widget-image\" data-id=\"73860f85\" data-element_type=\"widget\" data-e-type=\"widget\" data-widget_type=\"image.default\">\n\t\t\t\t<div class=\"elementor-widget-container\">\n\t\t\t\t\t\t\t\t\t\t\t\t\t\t\t<img loading=\"lazy\" decoding=\"async\" width=\"1200\" height=\"525\" src=\"https:\/\/fecoporto.com\/wp-content\/uploads\/2023\/01\/lg-1-1920x840.png\" class=\"attachment-large size-large wp-image-2743\" alt=\"\" srcset=\"https:\/\/fecoporto.com\/wp-content\/uploads\/2023\/01\/lg-1-1920x840.png 1920w, https:\/\/fecoporto.com\/wp-content\/uploads\/2023\/01\/lg-1-300x131.png 300w, https:\/\/fecoporto.com\/wp-content\/uploads\/2023\/01\/lg-1-150x66.png 150w, https:\/\/fecoporto.com\/wp-content\/uploads\/2023\/01\/lg-1-768x336.png 768w, https:\/\/fecoporto.com\/wp-content\/uploads\/2023\/01\/lg-1-1536x672.png 1536w, https:\/\/fecoporto.com\/wp-content\/uploads\/2023\/01\/lg-1-2048x896.png 2048w, https:\/\/fecoporto.com\/wp-content\/uploads\/2023\/01\/lg-1-18x8.png 18w\" sizes=\"(max-width: 1200px) 100vw, 1200px\" \/>\t\t\t\t\t\t\t\t\t\t\t\t\t\t\t<\/div>\n\t\t\t\t<\/div>\n\t\t\t\t\t<\/div>\n\t\t<\/div>\n\t\t\t\t\t<\/div>\n\t\t<\/section>\n\t\t\t\t<section class=\"elementor-section elementor-inner-section elementor-element elementor-element-3d63ec4 elementor-section-content-middle elementor-section-boxed elementor-section-height-default elementor-section-height-default\" data-id=\"3d63ec4\" data-element_type=\"section\" data-e-type=\"section\">\n\t\t\t\t\t\t<div class=\"elementor-container elementor-column-gap-no\">\n\t\t\t\t\t<div class=\"elementor-column elementor-col-20 elementor-inner-column elementor-element elementor-element-a984fba\" data-id=\"a984fba\" data-element_type=\"column\" data-e-type=\"column\">\n\t\t\t<div class=\"elementor-widget-wrap elementor-element-populated\">\n\t\t\t\t\t\t<div class=\"elementor-element elementor-element-9389600 elementor-widget elementor-widget-image\" data-id=\"9389600\" data-element_type=\"widget\" data-e-type=\"widget\" data-widget_type=\"image.default\">\n\t\t\t\t<div class=\"elementor-widget-container\">\n\t\t\t\t\t\t\t\t\t\t\t\t\t\t\t<img loading=\"lazy\" decoding=\"async\" width=\"500\" height=\"500\" src=\"https:\/\/fecoporto.com\/wp-content\/uploads\/2023\/01\/sabesp.png\" class=\"attachment-large size-large wp-image-2748\" alt=\"\" srcset=\"https:\/\/fecoporto.com\/wp-content\/uploads\/2023\/01\/sabesp.png 500w, https:\/\/fecoporto.com\/wp-content\/uploads\/2023\/01\/sabesp-300x300.png 300w, https:\/\/fecoporto.com\/wp-content\/uploads\/2023\/01\/sabesp-150x150.png 150w, https:\/\/fecoporto.com\/wp-content\/uploads\/2023\/01\/sabesp-12x12.png 12w\" sizes=\"(max-width: 500px) 100vw, 500px\" \/>\t\t\t\t\t\t\t\t\t\t\t\t\t\t\t<\/div>\n\t\t\t\t<\/div>\n\t\t\t\t\t<\/div>\n\t\t<\/div>\n\t\t\t\t<div class=\"elementor-column elementor-col-20 elementor-inner-column elementor-element elementor-element-a4aad73\" data-id=\"a4aad73\" data-element_type=\"column\" data-e-type=\"column\">\n\t\t\t<div class=\"elementor-widget-wrap elementor-element-populated\">\n\t\t\t\t\t\t<div class=\"elementor-element elementor-element-6eba78b elementor-widget elementor-widget-image\" data-id=\"6eba78b\" data-element_type=\"widget\" data-e-type=\"widget\" data-widget_type=\"image.default\">\n\t\t\t\t<div class=\"elementor-widget-container\">\n\t\t\t\t\t\t\t\t\t\t\t\t\t\t\t<img loading=\"lazy\" decoding=\"async\" width=\"621\" height=\"194\" src=\"https:\/\/fecoporto.com\/wp-content\/uploads\/2023\/01\/vivo.png\" class=\"attachment-large size-large wp-image-2749\" alt=\"\" srcset=\"https:\/\/fecoporto.com\/wp-content\/uploads\/2023\/01\/vivo.png 621w, https:\/\/fecoporto.com\/wp-content\/uploads\/2023\/01\/vivo-300x94.png 300w, https:\/\/fecoporto.com\/wp-content\/uploads\/2023\/01\/vivo-150x47.png 150w, https:\/\/fecoporto.com\/wp-content\/uploads\/2023\/01\/vivo-18x6.png 18w\" sizes=\"(max-width: 621px) 100vw, 621px\" \/>\t\t\t\t\t\t\t\t\t\t\t\t\t\t\t<\/div>\n\t\t\t\t<\/div>\n\t\t\t\t\t<\/div>\n\t\t<\/div>\n\t\t\t\t<div class=\"elementor-column elementor-col-20 elementor-inner-column elementor-element elementor-element-9aacf3f\" data-id=\"9aacf3f\" data-element_type=\"column\" data-e-type=\"column\">\n\t\t\t<div class=\"elementor-widget-wrap elementor-element-populated\">\n\t\t\t\t\t\t<div class=\"elementor-element elementor-element-5333edc elementor-widget elementor-widget-image\" data-id=\"5333edc\" data-element_type=\"widget\" data-e-type=\"widget\" data-widget_type=\"image.default\">\n\t\t\t\t<div class=\"elementor-widget-container\">\n\t\t\t\t\t\t\t\t\t\t\t\t\t\t\t<img loading=\"lazy\" decoding=\"async\" width=\"576\" height=\"118\" src=\"https:\/\/fecoporto.com\/wp-content\/uploads\/2023\/01\/panasonic.png\" class=\"attachment-large size-large wp-image-2750\" alt=\"\" srcset=\"https:\/\/fecoporto.com\/wp-content\/uploads\/2023\/01\/panasonic.png 576w, https:\/\/fecoporto.com\/wp-content\/uploads\/2023\/01\/panasonic-300x61.png 300w, https:\/\/fecoporto.com\/wp-content\/uploads\/2023\/01\/panasonic-150x31.png 150w, https:\/\/fecoporto.com\/wp-content\/uploads\/2023\/01\/panasonic-18x4.png 18w\" sizes=\"(max-width: 576px) 100vw, 576px\" \/>\t\t\t\t\t\t\t\t\t\t\t\t\t\t\t<\/div>\n\t\t\t\t<\/div>\n\t\t\t\t\t<\/div>\n\t\t<\/div>\n\t\t\t\t<div class=\"elementor-column elementor-col-20 elementor-inner-column elementor-element elementor-element-e7a0165\" data-id=\"e7a0165\" data-element_type=\"column\" data-e-type=\"column\">\n\t\t\t<div class=\"elementor-widget-wrap elementor-element-populated\">\n\t\t\t\t\t\t<div class=\"elementor-element elementor-element-811a486 elementor-widget elementor-widget-image\" data-id=\"811a486\" data-element_type=\"widget\" data-e-type=\"widget\" data-widget_type=\"image.default\">\n\t\t\t\t<div class=\"elementor-widget-container\">\n\t\t\t\t\t\t\t\t\t\t\t\t\t\t\t<img loading=\"lazy\" decoding=\"async\" width=\"308\" height=\"154\" src=\"https:\/\/fecoporto.com\/wp-content\/uploads\/2023\/01\/nestle.png\" class=\"attachment-large size-large wp-image-2746\" alt=\"\" srcset=\"https:\/\/fecoporto.com\/wp-content\/uploads\/2023\/01\/nestle.png 308w, https:\/\/fecoporto.com\/wp-content\/uploads\/2023\/01\/nestle-300x150.png 300w, https:\/\/fecoporto.com\/wp-content\/uploads\/2023\/01\/nestle-150x75.png 150w, https:\/\/fecoporto.com\/wp-content\/uploads\/2023\/01\/nestle-18x9.png 18w\" sizes=\"(max-width: 308px) 100vw, 308px\" \/>\t\t\t\t\t\t\t\t\t\t\t\t\t\t\t<\/div>\n\t\t\t\t<\/div>\n\t\t\t\t\t<\/div>\n\t\t<\/div>\n\t\t\t\t<div class=\"elementor-column elementor-col-20 elementor-inner-column elementor-element elementor-element-9d9e73f\" data-id=\"9d9e73f\" data-element_type=\"column\" data-e-type=\"column\">\n\t\t\t<div class=\"elementor-widget-wrap elementor-element-populated\">\n\t\t\t\t\t\t<div class=\"elementor-element elementor-element-41c2f2b elementor-widget elementor-widget-image\" data-id=\"41c2f2b\" data-element_type=\"widget\" data-e-type=\"widget\" data-widget_type=\"image.default\">\n\t\t\t\t<div class=\"elementor-widget-container\">\n\t\t\t\t\t\t\t\t\t\t\t\t\t\t\t<img loading=\"lazy\" decoding=\"async\" width=\"186\" height=\"47\" src=\"https:\/\/fecoporto.com\/wp-content\/uploads\/2023\/01\/comgas.png\" class=\"attachment-large size-large wp-image-2745\" alt=\"\" srcset=\"https:\/\/fecoporto.com\/wp-content\/uploads\/2023\/01\/comgas.png 186w, https:\/\/fecoporto.com\/wp-content\/uploads\/2023\/01\/comgas-150x38.png 150w, https:\/\/fecoporto.com\/wp-content\/uploads\/2023\/01\/comgas-18x5.png 18w\" sizes=\"(max-width: 186px) 100vw, 186px\" \/>\t\t\t\t\t\t\t\t\t\t\t\t\t\t\t<\/div>\n\t\t\t\t<\/div>\n\t\t\t\t\t<\/div>\n\t\t<\/div>\n\t\t\t\t\t<\/div>\n\t\t<\/section>\n\t\t\t\t<section class=\"elementor-section elementor-inner-section elementor-element elementor-element-1833efc elementor-section-content-middle elementor-section-boxed elementor-section-height-default elementor-section-height-default\" data-id=\"1833efc\" data-element_type=\"section\" data-e-type=\"section\">\n\t\t\t\t\t\t<div class=\"elementor-container elementor-column-gap-no\">\n\t\t\t\t\t<div class=\"elementor-column elementor-col-20 elementor-inner-column elementor-element elementor-element-29ad4be\" data-id=\"29ad4be\" data-element_type=\"column\" data-e-type=\"column\">\n\t\t\t<div class=\"elementor-widget-wrap elementor-element-populated\">\n\t\t\t\t\t\t<div class=\"elementor-element elementor-element-ce5753f elementor-widget elementor-widget-image\" data-id=\"ce5753f\" data-element_type=\"widget\" data-e-type=\"widget\" data-widget_type=\"image.default\">\n\t\t\t\t<div class=\"elementor-widget-container\">\n\t\t\t\t\t\t\t\t\t\t\t\t\t\t\t<img loading=\"lazy\" decoding=\"async\" width=\"800\" height=\"342\" src=\"https:\/\/fecoporto.com\/wp-content\/uploads\/2026\/01\/Maple-Bear-Triple-Monochromatic-Negative-Tagline.png\" class=\"attachment-large size-large wp-image-2879\" alt=\"\" srcset=\"https:\/\/fecoporto.com\/wp-content\/uploads\/2026\/01\/Maple-Bear-Triple-Monochromatic-Negative-Tagline.png 800w, https:\/\/fecoporto.com\/wp-content\/uploads\/2026\/01\/Maple-Bear-Triple-Monochromatic-Negative-Tagline-300x128.png 300w, https:\/\/fecoporto.com\/wp-content\/uploads\/2026\/01\/Maple-Bear-Triple-Monochromatic-Negative-Tagline-150x64.png 150w, https:\/\/fecoporto.com\/wp-content\/uploads\/2026\/01\/Maple-Bear-Triple-Monochromatic-Negative-Tagline-768x328.png 768w, https:\/\/fecoporto.com\/wp-content\/uploads\/2026\/01\/Maple-Bear-Triple-Monochromatic-Negative-Tagline-18x8.png 18w\" sizes=\"(max-width: 800px) 100vw, 800px\" \/>\t\t\t\t\t\t\t\t\t\t\t\t\t\t\t<\/div>\n\t\t\t\t<\/div>\n\t\t\t\t\t<\/div>\n\t\t<\/div>\n\t\t\t\t<div class=\"elementor-column elementor-col-20 elementor-inner-column elementor-element elementor-element-3dfd01b\" data-id=\"3dfd01b\" data-element_type=\"column\" data-e-type=\"column\">\n\t\t\t<div class=\"elementor-widget-wrap\">\n\t\t\t\t\t\t\t<\/div>\n\t\t<\/div>\n\t\t\t\t<div class=\"elementor-column elementor-col-20 elementor-inner-column elementor-element elementor-element-86af2e3\" data-id=\"86af2e3\" data-element_type=\"column\" data-e-type=\"column\">\n\t\t\t<div class=\"elementor-widget-wrap\">\n\t\t\t\t\t\t\t<\/div>\n\t\t<\/div>\n\t\t\t\t<div class=\"elementor-column elementor-col-20 elementor-inner-column elementor-element elementor-element-67e6785\" data-id=\"67e6785\" data-element_type=\"column\" data-e-type=\"column\">\n\t\t\t<div class=\"elementor-widget-wrap\">\n\t\t\t\t\t\t\t<\/div>\n\t\t<\/div>\n\t\t\t\t<div class=\"elementor-column elementor-col-20 elementor-inner-column elementor-element elementor-element-e9d42b9\" data-id=\"e9d42b9\" data-element_type=\"column\" data-e-type=\"column\">\n\t\t\t<div class=\"elementor-widget-wrap\">\n\t\t\t\t\t\t\t<\/div>\n\t\t<\/div>\n\t\t\t\t\t<\/div>\n\t\t<\/section>\n\t\t\t\t\t<\/div>\n\t\t<\/div>\n\t\t\t\t\t<\/div>\n\t\t<\/section>\n\t\t\t\t<\/div>","protected":false},"excerpt":{"rendered":"<p>Ol\u00e1! Me chamo Feco Porto, sou designer gr\u00e1fico e diretor de arte especialista em criar conceitos visuais para projetos e experi\u00eancias atrav\u00e9s de narrativas marcantes. Clientes<\/p>","protected":false},"author":1,"featured_media":0,"parent":0,"menu_order":0,"comment_status":"closed","ping_status":"closed","template":"","meta":{"site-sidebar-layout":"no-sidebar","site-content-layout":"page-builder","ast-site-content-layout":"default","site-content-style":"default","site-sidebar-style":"default","ast-global-header-display":"","ast-banner-title-visibility":"","ast-main-header-display":"","ast-hfb-above-header-display":"","ast-hfb-below-header-display":"","ast-hfb-mobile-header-display":"","site-post-title":"disabled","ast-breadcrumbs-content":"","ast-featured-img":"disabled","footer-sml-layout":"","ast-disable-related-posts":"","theme-transparent-header-meta":"default","adv-header-id-meta":"","stick-header-meta":"","header-above-stick-meta":"","header-main-stick-meta":"","header-below-stick-meta":"","astra-migrate-meta-layouts":"default","ast-page-background-enabled":"default","ast-page-background-meta":{"desktop":{"background-color":"","background-image":"","background-repeat":"repeat","background-position":"center center","background-size":"auto","background-attachment":"scroll","background-type":"","background-media":"","overlay-type":"","overlay-color":"","overlay-opacity":"","overlay-gradient":""},"tablet":{"background-color":"","background-image":"","background-repeat":"repeat","background-position":"center center","background-size":"auto","background-attachment":"scroll","background-type":"","background-media":"","overlay-type":"","overlay-color":"","overlay-opacity":"","overlay-gradient":""},"mobile":{"background-color":"","background-image":"","background-repeat":"repeat","background-position":"center center","background-size":"auto","background-attachment":"scroll","background-type":"","background-media":"","overlay-type":"","overlay-color":"","overlay-opacity":"","overlay-gradient":""}},"ast-content-background-meta":{"desktop":{"background-color":"var(--ast-global-color-5)","background-image":"","background-repeat":"repeat","background-position":"center center","background-size":"auto","background-attachment":"scroll","background-type":"","background-media":"","overlay-type":"","overlay-color":"","overlay-opacity":"","overlay-gradient":""},"tablet":{"background-color":"var(--ast-global-color-5)","background-image":"","background-repeat":"repeat","background-position":"center center","background-size":"auto","background-attachment":"scroll","background-type":"","background-media":"","overlay-type":"","overlay-color":"","overlay-opacity":"","overlay-gradient":""},"mobile":{"background-color":"var(--ast-global-color-5)","background-image":"","background-repeat":"repeat","background-position":"center center","background-size":"auto","background-attachment":"scroll","background-type":"","background-media":"","overlay-type":"","overlay-color":"","overlay-opacity":"","overlay-gradient":""}},"footnotes":""},"class_list":["post-2136","page","type-page","status-publish","hentry"],"_links":{"self":[{"href":"https:\/\/fecoporto.com\/en\/wp-json\/wp\/v2\/pages\/2136","targetHints":{"allow":["GET"]}}],"collection":[{"href":"https:\/\/fecoporto.com\/en\/wp-json\/wp\/v2\/pages"}],"about":[{"href":"https:\/\/fecoporto.com\/en\/wp-json\/wp\/v2\/types\/page"}],"author":[{"embeddable":true,"href":"https:\/\/fecoporto.com\/en\/wp-json\/wp\/v2\/users\/1"}],"replies":[{"embeddable":true,"href":"https:\/\/fecoporto.com\/en\/wp-json\/wp\/v2\/comments?post=2136"}],"version-history":[{"count":40,"href":"https:\/\/fecoporto.com\/en\/wp-json\/wp\/v2\/pages\/2136\/revisions"}],"predecessor-version":[{"id":2882,"href":"https:\/\/fecoporto.com\/en\/wp-json\/wp\/v2\/pages\/2136\/revisions\/2882"}],"wp:attachment":[{"href":"https:\/\/fecoporto.com\/en\/wp-json\/wp\/v2\/media?parent=2136"}],"curies":[{"name":"wp","href":"https:\/\/api.w.org\/{rel}","templated":true}]}}