{"id":2107,"date":"2021-01-01T19:53:47","date_gmt":"2021-01-01T22:53:47","guid":{"rendered":"http:\/\/fecoporto.com\/?page_id=2107"},"modified":"2021-01-27T18:01:37","modified_gmt":"2021-01-27T21:01:37","slug":"lg-decorar","status":"publish","type":"page","link":"https:\/\/fecoporto.com\/en\/lg-decorar\/","title":{"rendered":"LG &#8211; Pr\u00eamio Decorar"},"content":{"rendered":"<div data-elementor-type=\"wp-page\" data-elementor-id=\"2107\" class=\"elementor elementor-2107\">\n\t\t\t\t\t\t<section class=\"elementor-section elementor-top-section elementor-element elementor-element-386d312 elementor-section-boxed elementor-section-height-default elementor-section-height-default\" data-id=\"386d312\" data-element_type=\"section\" data-e-type=\"section\">\n\t\t\t\t\t\t<div class=\"elementor-container elementor-column-gap-default\">\n\t\t\t\t\t<div class=\"elementor-column elementor-col-100 elementor-top-column elementor-element elementor-element-6636e54\" data-id=\"6636e54\" data-element_type=\"column\" data-e-type=\"column\">\n\t\t\t<div class=\"elementor-widget-wrap elementor-element-populated\">\n\t\t\t\t\t\t<div class=\"elementor-element elementor-element-3bad82c elementor-widget elementor-widget-heading\" data-id=\"3bad82c\" data-element_type=\"widget\" data-e-type=\"widget\" data-widget_type=\"heading.default\">\n\t\t\t\t<div class=\"elementor-widget-container\">\n\t\t\t\t\t<h2 class=\"elementor-heading-title elementor-size-default\">LG - Decorar Award<\/h2>\t\t\t\t<\/div>\n\t\t\t\t<\/div>\n\t\t\t\t<div class=\"elementor-element elementor-element-b341a20 elementor-widget elementor-widget-text-editor\" data-id=\"b341a20\" data-element_type=\"widget\" data-e-type=\"widget\" data-widget_type=\"text-editor.default\">\n\t\t\t\t<div class=\"elementor-widget-container\">\n\t\t\t\t\t\t\t\t\t<p>To advertise the HomeStyler App and its Premium products, LG came up with an activation for the event Decorar Award 2018. I participated designing the ad pieces and the action composition. Agency: <a href=\"http:\/\/sagaranacomunicacao.com.br\" target=\"_blank\" rel=\"noopener\">Sagarana Comunica\u00e7\u00e3o<\/a>.<\/p>\t\t\t\t\t\t\t\t<\/div>\n\t\t\t\t<\/div>\n\t\t\t\t\t<\/div>\n\t\t<\/div>\n\t\t\t\t\t<\/div>\n\t\t<\/section>\n\t\t\t\t<section class=\"elementor-section elementor-top-section elementor-element elementor-element-370b423 elementor-section-full_width elementor-section-height-default elementor-section-height-default\" data-id=\"370b423\" data-element_type=\"section\" data-e-type=\"section\">\n\t\t\t\t\t\t<div class=\"elementor-container elementor-column-gap-default\">\n\t\t\t\t\t<div class=\"elementor-column elementor-col-100 elementor-top-column elementor-element elementor-element-47fd56e\" data-id=\"47fd56e\" data-element_type=\"column\" data-e-type=\"column\">\n\t\t\t<div class=\"elementor-widget-wrap elementor-element-populated\">\n\t\t\t\t\t\t<div class=\"elementor-element elementor-element-ec104f3 elementor-widget elementor-widget-image\" data-id=\"ec104f3\" data-element_type=\"widget\" data-e-type=\"widget\" data-widget_type=\"image.default\">\n\t\t\t\t<div class=\"elementor-widget-container\">\n\t\t\t\t\t\t\t\t\t\t\t\t\t\t\t<img fetchpriority=\"high\" decoding=\"async\" width=\"1024\" height=\"834\" src=\"https:\/\/fecoporto.com\/wp-content\/uploads\/2020\/08\/Layout_BehanceLG_Decorar_01-1024x834.png\" class=\"attachment-large size-large wp-image-530\" alt=\"\" srcset=\"https:\/\/fecoporto.com\/wp-content\/uploads\/2020\/08\/Layout_BehanceLG_Decorar_01-1024x834.png 1024w, https:\/\/fecoporto.com\/wp-content\/uploads\/2020\/08\/Layout_BehanceLG_Decorar_01-300x244.png 300w, https:\/\/fecoporto.com\/wp-content\/uploads\/2020\/08\/Layout_BehanceLG_Decorar_01-768x625.png 768w, https:\/\/fecoporto.com\/wp-content\/uploads\/2020\/08\/Layout_BehanceLG_Decorar_01-1536x1250.png 1536w, https:\/\/fecoporto.com\/wp-content\/uploads\/2020\/08\/Layout_BehanceLG_Decorar_01.png 1748w\" sizes=\"(max-width: 1024px) 100vw, 1024px\" \/>\t\t\t\t\t\t\t\t\t\t\t\t\t\t\t<\/div>\n\t\t\t\t<\/div>\n\t\t\t\t<div class=\"elementor-element elementor-element-e278f95 elementor-widget elementor-widget-image\" data-id=\"e278f95\" data-element_type=\"widget\" data-e-type=\"widget\" data-widget_type=\"image.default\">\n\t\t\t\t<div class=\"elementor-widget-container\">\n\t\t\t\t\t\t\t\t\t\t\t\t\t\t\t<img decoding=\"async\" width=\"1024\" height=\"988\" src=\"https:\/\/fecoporto.com\/wp-content\/uploads\/2020\/08\/Layout_BehanceLG_Decorar_02-1024x988.png\" class=\"attachment-large size-large wp-image-531\" alt=\"\" srcset=\"https:\/\/fecoporto.com\/wp-content\/uploads\/2020\/08\/Layout_BehanceLG_Decorar_02-1024x988.png 1024w, https:\/\/fecoporto.com\/wp-content\/uploads\/2020\/08\/Layout_BehanceLG_Decorar_02-300x290.png 300w, https:\/\/fecoporto.com\/wp-content\/uploads\/2020\/08\/Layout_BehanceLG_Decorar_02-768x741.png 768w, https:\/\/fecoporto.com\/wp-content\/uploads\/2020\/08\/Layout_BehanceLG_Decorar_02-1536x1482.png 1536w, https:\/\/fecoporto.com\/wp-content\/uploads\/2020\/08\/Layout_BehanceLG_Decorar_02.png 1748w\" sizes=\"(max-width: 1024px) 100vw, 1024px\" \/>\t\t\t\t\t\t\t\t\t\t\t\t\t\t\t<\/div>\n\t\t\t\t<\/div>\n\t\t\t\t<div class=\"elementor-element elementor-element-8f1764b elementor-widget elementor-widget-image\" data-id=\"8f1764b\" data-element_type=\"widget\" data-e-type=\"widget\" data-widget_type=\"image.default\">\n\t\t\t\t<div class=\"elementor-widget-container\">\n\t\t\t\t\t\t\t\t\t\t\t\t\t\t\t<img decoding=\"async\" width=\"1024\" height=\"961\" src=\"https:\/\/fecoporto.com\/wp-content\/uploads\/2020\/08\/Layout_BehanceLG_Decorar_03-1-1024x961.png\" class=\"attachment-large size-large wp-image-547\" alt=\"\" srcset=\"https:\/\/fecoporto.com\/wp-content\/uploads\/2020\/08\/Layout_BehanceLG_Decorar_03-1-1024x961.png 1024w, https:\/\/fecoporto.com\/wp-content\/uploads\/2020\/08\/Layout_BehanceLG_Decorar_03-1-300x281.png 300w, https:\/\/fecoporto.com\/wp-content\/uploads\/2020\/08\/Layout_BehanceLG_Decorar_03-1-768x721.png 768w, https:\/\/fecoporto.com\/wp-content\/uploads\/2020\/08\/Layout_BehanceLG_Decorar_03-1-1536x1441.png 1536w, https:\/\/fecoporto.com\/wp-content\/uploads\/2020\/08\/Layout_BehanceLG_Decorar_03-1.png 1748w\" sizes=\"(max-width: 1024px) 100vw, 1024px\" \/>\t\t\t\t\t\t\t\t\t\t\t\t\t\t\t<\/div>\n\t\t\t\t<\/div>\n\t\t\t\t<div class=\"elementor-element elementor-element-af264ed elementor-widget elementor-widget-image\" data-id=\"af264ed\" data-element_type=\"widget\" data-e-type=\"widget\" data-widget_type=\"image.default\">\n\t\t\t\t<div class=\"elementor-widget-container\">\n\t\t\t\t\t\t\t\t\t\t\t\t\t\t\t<img loading=\"lazy\" decoding=\"async\" width=\"1024\" height=\"450\" src=\"https:\/\/fecoporto.com\/wp-content\/uploads\/2020\/08\/Layout_BehanceLG_Decorar_05-1024x450.png\" class=\"attachment-large size-large wp-image-534\" alt=\"\" srcset=\"https:\/\/fecoporto.com\/wp-content\/uploads\/2020\/08\/Layout_BehanceLG_Decorar_05-1024x450.png 1024w, https:\/\/fecoporto.com\/wp-content\/uploads\/2020\/08\/Layout_BehanceLG_Decorar_05-300x132.png 300w, https:\/\/fecoporto.com\/wp-content\/uploads\/2020\/08\/Layout_BehanceLG_Decorar_05-768x337.png 768w, https:\/\/fecoporto.com\/wp-content\/uploads\/2020\/08\/Layout_BehanceLG_Decorar_05-1536x675.png 1536w, https:\/\/fecoporto.com\/wp-content\/uploads\/2020\/08\/Layout_BehanceLG_Decorar_05.png 1748w\" sizes=\"(max-width: 1024px) 100vw, 1024px\" \/>\t\t\t\t\t\t\t\t\t\t\t\t\t\t\t<\/div>\n\t\t\t\t<\/div>\n\t\t\t\t<div class=\"elementor-element elementor-element-6730103 elementor-widget elementor-widget-image\" data-id=\"6730103\" data-element_type=\"widget\" data-e-type=\"widget\" data-widget_type=\"image.default\">\n\t\t\t\t<div class=\"elementor-widget-container\">\n\t\t\t\t\t\t\t\t\t\t\t\t\t\t\t<img loading=\"lazy\" decoding=\"async\" width=\"1024\" height=\"449\" src=\"https:\/\/fecoporto.com\/wp-content\/uploads\/2020\/08\/Layout_BehanceLG_Decorar_06-1024x449.png\" class=\"attachment-large size-large wp-image-535\" alt=\"\" srcset=\"https:\/\/fecoporto.com\/wp-content\/uploads\/2020\/08\/Layout_BehanceLG_Decorar_06-1024x449.png 1024w, https:\/\/fecoporto.com\/wp-content\/uploads\/2020\/08\/Layout_BehanceLG_Decorar_06-300x131.png 300w, https:\/\/fecoporto.com\/wp-content\/uploads\/2020\/08\/Layout_BehanceLG_Decorar_06-768x337.png 768w, https:\/\/fecoporto.com\/wp-content\/uploads\/2020\/08\/Layout_BehanceLG_Decorar_06-1536x673.png 1536w, https:\/\/fecoporto.com\/wp-content\/uploads\/2020\/08\/Layout_BehanceLG_Decorar_06.png 1748w\" sizes=\"(max-width: 1024px) 100vw, 1024px\" \/>\t\t\t\t\t\t\t\t\t\t\t\t\t\t\t<\/div>\n\t\t\t\t<\/div>\n\t\t\t\t<div class=\"elementor-element elementor-element-ef0f7bc elementor-widget elementor-widget-image\" data-id=\"ef0f7bc\" data-element_type=\"widget\" data-e-type=\"widget\" data-widget_type=\"image.default\">\n\t\t\t\t<div class=\"elementor-widget-container\">\n\t\t\t\t\t\t\t\t\t\t\t\t\t\t\t<img loading=\"lazy\" decoding=\"async\" width=\"1024\" height=\"550\" src=\"https:\/\/fecoporto.com\/wp-content\/uploads\/2020\/08\/Layout_BehanceLG_Decorar_07-1024x550.png\" class=\"attachment-large size-large wp-image-536\" alt=\"\" srcset=\"https:\/\/fecoporto.com\/wp-content\/uploads\/2020\/08\/Layout_BehanceLG_Decorar_07-1024x550.png 1024w, https:\/\/fecoporto.com\/wp-content\/uploads\/2020\/08\/Layout_BehanceLG_Decorar_07-300x161.png 300w, https:\/\/fecoporto.com\/wp-content\/uploads\/2020\/08\/Layout_BehanceLG_Decorar_07-768x413.png 768w, https:\/\/fecoporto.com\/wp-content\/uploads\/2020\/08\/Layout_BehanceLG_Decorar_07-1536x825.png 1536w, https:\/\/fecoporto.com\/wp-content\/uploads\/2020\/08\/Layout_BehanceLG_Decorar_07.png 1748w\" sizes=\"(max-width: 1024px) 100vw, 1024px\" \/>\t\t\t\t\t\t\t\t\t\t\t\t\t\t\t<\/div>\n\t\t\t\t<\/div>\n\t\t\t\t<div class=\"elementor-element elementor-element-d07d525 elementor-widget elementor-widget-image\" data-id=\"d07d525\" data-element_type=\"widget\" data-e-type=\"widget\" data-widget_type=\"image.default\">\n\t\t\t\t<div class=\"elementor-widget-container\">\n\t\t\t\t\t\t\t\t\t\t\t\t\t\t\t<img loading=\"lazy\" decoding=\"async\" width=\"1024\" height=\"483\" src=\"https:\/\/fecoporto.com\/wp-content\/uploads\/2020\/08\/Layout_BehanceLG_Decorar_08-1024x483.png\" class=\"attachment-large size-large wp-image-537\" alt=\"\" srcset=\"https:\/\/fecoporto.com\/wp-content\/uploads\/2020\/08\/Layout_BehanceLG_Decorar_08-1024x483.png 1024w, https:\/\/fecoporto.com\/wp-content\/uploads\/2020\/08\/Layout_BehanceLG_Decorar_08-300x142.png 300w, https:\/\/fecoporto.com\/wp-content\/uploads\/2020\/08\/Layout_BehanceLG_Decorar_08-768x362.png 768w, https:\/\/fecoporto.com\/wp-content\/uploads\/2020\/08\/Layout_BehanceLG_Decorar_08-1536x725.png 1536w, https:\/\/fecoporto.com\/wp-content\/uploads\/2020\/08\/Layout_BehanceLG_Decorar_08.png 1748w\" sizes=\"(max-width: 1024px) 100vw, 1024px\" \/>\t\t\t\t\t\t\t\t\t\t\t\t\t\t\t<\/div>\n\t\t\t\t<\/div>\n\t\t\t\t\t<\/div>\n\t\t<\/div>\n\t\t\t\t\t<\/div>\n\t\t<\/section>\n\t\t\t\t<section class=\"elementor-section elementor-top-section elementor-element elementor-element-a8629fb elementor-section-boxed elementor-section-height-default elementor-section-height-default\" data-id=\"a8629fb\" data-element_type=\"section\" data-e-type=\"section\">\n\t\t\t\t\t\t<div class=\"elementor-container elementor-column-gap-default\">\n\t\t\t\t\t<div class=\"elementor-column elementor-col-100 elementor-top-column elementor-element elementor-element-318400f\" data-id=\"318400f\" data-element_type=\"column\" data-e-type=\"column\">\n\t\t\t<div class=\"elementor-widget-wrap elementor-element-populated\">\n\t\t\t\t\t\t<div class=\"elementor-element elementor-element-f75d7ad elementor-align-center elementor-widget elementor-widget-button\" data-id=\"f75d7ad\" data-element_type=\"widget\" data-e-type=\"widget\" data-widget_type=\"button.default\">\n\t\t\t\t<div class=\"elementor-widget-container\">\n\t\t\t\t\t\t\t\t\t<div class=\"elementor-button-wrapper\">\n\t\t\t\t\t<a class=\"elementor-button elementor-button-link elementor-size-sm\" href=\"https:\/\/fecoporto.com\/en\/\">\n\t\t\t\t\t\t<span class=\"elementor-button-content-wrapper\">\n\t\t\t\t\t\t\t\t\t<span class=\"elementor-button-text\">Back<\/span>\n\t\t\t\t\t<\/span>\n\t\t\t\t\t<\/a>\n\t\t\t\t<\/div>\n\t\t\t\t\t\t\t\t<\/div>\n\t\t\t\t<\/div>\n\t\t\t\t\t<\/div>\n\t\t<\/div>\n\t\t\t\t\t<\/div>\n\t\t<\/section>\n\t\t\t\t<\/div>","protected":false},"excerpt":{"rendered":"<p>LG &#8211; Pr\u00eamio Decorar Para divulgar o aplicativo HomeStyler e sua linha Premium, a LG criou uma a\u00e7\u00e3o de ativa\u00e7\u00e3o para o Pr\u00eamio Decorar 2018. Participei da cria\u00e7\u00e3o das pe\u00e7as de divulga\u00e7\u00e3o e composi\u00e7\u00e3o da a\u00e7\u00e3o. Ag\u00eancia: Sagarana Comunica\u00e7\u00e3o. Voltar<\/p>","protected":false},"author":1,"featured_media":0,"parent":0,"menu_order":0,"comment_status":"closed","ping_status":"closed","template":"","meta":{"site-sidebar-layout":"no-sidebar","site-content-layout":"page-builder","ast-site-content-layout":"default","site-content-style":"default","site-sidebar-style":"default","ast-global-header-display":"","ast-banner-title-visibility":"","ast-main-header-display":"","ast-hfb-above-header-display":"","ast-hfb-below-header-display":"","ast-hfb-mobile-header-display":"","site-post-title":"disabled","ast-breadcrumbs-content":"","ast-featured-img":"disabled","footer-sml-layout":"","ast-disable-related-posts":"","theme-transparent-header-meta":"default","adv-header-id-meta":"","stick-header-meta":"","header-above-stick-meta":"","header-main-stick-meta":"","header-below-stick-meta":"","astra-migrate-meta-layouts":"default","ast-page-background-enabled":"default","ast-page-background-meta":{"desktop":{"background-color":"","background-image":"","background-repeat":"repeat","background-position":"center center","background-size":"auto","background-attachment":"scroll","background-type":"","background-media":"","overlay-type":"","overlay-color":"","overlay-opacity":"","overlay-gradient":""},"tablet":{"background-color":"","background-image":"","background-repeat":"repeat","background-position":"center center","background-size":"auto","background-attachment":"scroll","background-type":"","background-media":"","overlay-type":"","overlay-color":"","overlay-opacity":"","overlay-gradient":""},"mobile":{"background-color":"","background-image":"","background-repeat":"repeat","background-position":"center center","background-size":"auto","background-attachment":"scroll","background-type":"","background-media":"","overlay-type":"","overlay-color":"","overlay-opacity":"","overlay-gradient":""}},"ast-content-background-meta":{"desktop":{"background-color":"var(--ast-global-color-5)","background-image":"","background-repeat":"repeat","background-position":"center center","background-size":"auto","background-attachment":"scroll","background-type":"","background-media":"","overlay-type":"","overlay-color":"","overlay-opacity":"","overlay-gradient":""},"tablet":{"background-color":"var(--ast-global-color-5)","background-image":"","background-repeat":"repeat","background-position":"center center","background-size":"auto","background-attachment":"scroll","background-type":"","background-media":"","overlay-type":"","overlay-color":"","overlay-opacity":"","overlay-gradient":""},"mobile":{"background-color":"var(--ast-global-color-5)","background-image":"","background-repeat":"repeat","background-position":"center center","background-size":"auto","background-attachment":"scroll","background-type":"","background-media":"","overlay-type":"","overlay-color":"","overlay-opacity":"","overlay-gradient":""}},"footnotes":""},"class_list":["post-2107","page","type-page","status-publish","hentry"],"_links":{"self":[{"href":"https:\/\/fecoporto.com\/en\/wp-json\/wp\/v2\/pages\/2107","targetHints":{"allow":["GET"]}}],"collection":[{"href":"https:\/\/fecoporto.com\/en\/wp-json\/wp\/v2\/pages"}],"about":[{"href":"https:\/\/fecoporto.com\/en\/wp-json\/wp\/v2\/types\/page"}],"author":[{"embeddable":true,"href":"https:\/\/fecoporto.com\/en\/wp-json\/wp\/v2\/users\/1"}],"replies":[{"embeddable":true,"href":"https:\/\/fecoporto.com\/en\/wp-json\/wp\/v2\/comments?post=2107"}],"version-history":[{"count":10,"href":"https:\/\/fecoporto.com\/en\/wp-json\/wp\/v2\/pages\/2107\/revisions"}],"predecessor-version":[{"id":2409,"href":"https:\/\/fecoporto.com\/en\/wp-json\/wp\/v2\/pages\/2107\/revisions\/2409"}],"wp:attachment":[{"href":"https:\/\/fecoporto.com\/en\/wp-json\/wp\/v2\/media?parent=2107"}],"curies":[{"name":"wp","href":"https:\/\/api.w.org\/{rel}","templated":true}]}}