{"id":2057,"date":"2021-01-01T19:14:13","date_gmt":"2021-01-01T22:14:13","guid":{"rendered":"http:\/\/fecoporto.com\/?page_id=2057"},"modified":"2021-01-27T18:01:47","modified_gmt":"2021-01-27T21:01:47","slug":"timberland-belle-island","status":"publish","type":"page","link":"https:\/\/fecoporto.com\/en\/timberland-belle-island\/","title":{"rendered":"Timberland &#8211; Belle Island"},"content":{"rendered":"<div data-elementor-type=\"wp-page\" data-elementor-id=\"2057\" class=\"elementor elementor-2057\">\n\t\t\t\t\t\t<section class=\"elementor-section elementor-top-section elementor-element elementor-element-386d312 elementor-section-boxed elementor-section-height-default elementor-section-height-default\" data-id=\"386d312\" data-element_type=\"section\" data-e-type=\"section\">\n\t\t\t\t\t\t<div class=\"elementor-container elementor-column-gap-default\">\n\t\t\t\t\t<div class=\"elementor-column elementor-col-100 elementor-top-column elementor-element elementor-element-6636e54\" data-id=\"6636e54\" data-element_type=\"column\" data-e-type=\"column\">\n\t\t\t<div class=\"elementor-widget-wrap elementor-element-populated\">\n\t\t\t\t\t\t<div class=\"elementor-element elementor-element-3bad82c elementor-widget elementor-widget-heading\" data-id=\"3bad82c\" data-element_type=\"widget\" data-e-type=\"widget\" data-widget_type=\"heading.default\">\n\t\t\t\t<div class=\"elementor-widget-container\">\n\t\t\t\t\t<h2 class=\"elementor-heading-title elementor-size-default\">Timberland - Belle Island<\/h2>\t\t\t\t<\/div>\n\t\t\t\t<\/div>\n\t\t\t\t<div class=\"elementor-element elementor-element-b341a20 elementor-widget elementor-widget-text-editor\" data-id=\"b341a20\" data-element_type=\"widget\" data-e-type=\"widget\" data-widget_type=\"text-editor.default\">\n\t\t\t\t<div class=\"elementor-widget-container\">\n\t\t\t\t\t\t\t\t\t<p>To promote the new Grabstick Rubber technology, Timberland bet on the nautical theme. <span style=\"font-size: 15px;\">I collaborated in the design and development of the visual identity of the windows display of Timberland stores in Brazil. Photos by\u00a0<a style=\"font-size: 15px; background-color: #ffffff;\" href=\"https:\/\/www.instagram.com\/lucaspacifico\/\" target=\"_blank\" rel=\"noopener\"><span style=\"text-decoration-line: underline;\">Lucas Pac\u00edfico<\/span><\/a>. Agency: <a href=\"http:\/\/sagaranacomunicacao.com.br\" target=\"_blank\" rel=\"noopener\">Sagarana Comunica\u00e7\u00e3o<\/a>.<\/span><\/p>\t\t\t\t\t\t\t\t<\/div>\n\t\t\t\t<\/div>\n\t\t\t\t\t<\/div>\n\t\t<\/div>\n\t\t\t\t\t<\/div>\n\t\t<\/section>\n\t\t\t\t<section class=\"elementor-section elementor-top-section elementor-element elementor-element-370b423 elementor-section-full_width elementor-section-height-default elementor-section-height-default\" data-id=\"370b423\" data-element_type=\"section\" data-e-type=\"section\">\n\t\t\t\t\t\t<div class=\"elementor-container elementor-column-gap-default\">\n\t\t\t\t\t<div class=\"elementor-column elementor-col-100 elementor-top-column elementor-element elementor-element-47fd56e\" data-id=\"47fd56e\" data-element_type=\"column\" data-e-type=\"column\">\n\t\t\t<div class=\"elementor-widget-wrap elementor-element-populated\">\n\t\t\t\t\t\t<div class=\"elementor-element elementor-element-ec104f3 elementor-widget elementor-widget-image\" data-id=\"ec104f3\" data-element_type=\"widget\" data-e-type=\"widget\" data-widget_type=\"image.default\">\n\t\t\t\t<div class=\"elementor-widget-container\">\n\t\t\t\t\t\t\t\t\t\t\t\t\t\t\t<img fetchpriority=\"high\" decoding=\"async\" width=\"1024\" height=\"466\" src=\"https:\/\/fecoporto.com\/wp-content\/uploads\/2020\/02\/Layout_Behance_BelleIsland_01-1024x466.png\" class=\"attachment-large size-large wp-image-152\" alt=\"\" srcset=\"https:\/\/fecoporto.com\/wp-content\/uploads\/2020\/02\/Layout_Behance_BelleIsland_01-1024x466.png 1024w, https:\/\/fecoporto.com\/wp-content\/uploads\/2020\/02\/Layout_Behance_BelleIsland_01-300x137.png 300w, https:\/\/fecoporto.com\/wp-content\/uploads\/2020\/02\/Layout_Behance_BelleIsland_01-768x350.png 768w, https:\/\/fecoporto.com\/wp-content\/uploads\/2020\/02\/Layout_Behance_BelleIsland_01-1536x699.png 1536w, https:\/\/fecoporto.com\/wp-content\/uploads\/2020\/02\/Layout_Behance_BelleIsland_01.png 1748w\" sizes=\"(max-width: 1024px) 100vw, 1024px\" \/>\t\t\t\t\t\t\t\t\t\t\t\t\t\t\t<\/div>\n\t\t\t\t<\/div>\n\t\t\t\t<div class=\"elementor-element elementor-element-e278f95 elementor-widget elementor-widget-image\" data-id=\"e278f95\" data-element_type=\"widget\" data-e-type=\"widget\" data-widget_type=\"image.default\">\n\t\t\t\t<div class=\"elementor-widget-container\">\n\t\t\t\t\t\t\t\t\t\t\t\t\t\t\t<img decoding=\"async\" width=\"1024\" height=\"396\" src=\"https:\/\/fecoporto.com\/wp-content\/uploads\/2020\/02\/Layout_Behance_BelleIsland_02-1024x396.png\" class=\"attachment-large size-large wp-image-153\" alt=\"\" srcset=\"https:\/\/fecoporto.com\/wp-content\/uploads\/2020\/02\/Layout_Behance_BelleIsland_02-1024x396.png 1024w, https:\/\/fecoporto.com\/wp-content\/uploads\/2020\/02\/Layout_Behance_BelleIsland_02-300x116.png 300w, https:\/\/fecoporto.com\/wp-content\/uploads\/2020\/02\/Layout_Behance_BelleIsland_02-768x297.png 768w, https:\/\/fecoporto.com\/wp-content\/uploads\/2020\/02\/Layout_Behance_BelleIsland_02-1536x594.png 1536w, https:\/\/fecoporto.com\/wp-content\/uploads\/2020\/02\/Layout_Behance_BelleIsland_02.png 1748w\" sizes=\"(max-width: 1024px) 100vw, 1024px\" \/>\t\t\t\t\t\t\t\t\t\t\t\t\t\t\t<\/div>\n\t\t\t\t<\/div>\n\t\t\t\t<div class=\"elementor-element elementor-element-af264ed elementor-widget elementor-widget-image\" data-id=\"af264ed\" data-element_type=\"widget\" data-e-type=\"widget\" data-widget_type=\"image.default\">\n\t\t\t\t<div class=\"elementor-widget-container\">\n\t\t\t\t\t\t\t\t\t\t\t\t\t\t\t<img decoding=\"async\" width=\"1024\" height=\"954\" src=\"https:\/\/fecoporto.com\/wp-content\/uploads\/2020\/02\/Layout_Behance_BelleIsland_03-1024x954.png\" class=\"attachment-large size-large wp-image-150\" alt=\"\" srcset=\"https:\/\/fecoporto.com\/wp-content\/uploads\/2020\/02\/Layout_Behance_BelleIsland_03-1024x954.png 1024w, https:\/\/fecoporto.com\/wp-content\/uploads\/2020\/02\/Layout_Behance_BelleIsland_03-300x279.png 300w, https:\/\/fecoporto.com\/wp-content\/uploads\/2020\/02\/Layout_Behance_BelleIsland_03-768x715.png 768w, https:\/\/fecoporto.com\/wp-content\/uploads\/2020\/02\/Layout_Behance_BelleIsland_03-1536x1431.png 1536w, https:\/\/fecoporto.com\/wp-content\/uploads\/2020\/02\/Layout_Behance_BelleIsland_03.png 1748w\" sizes=\"(max-width: 1024px) 100vw, 1024px\" \/>\t\t\t\t\t\t\t\t\t\t\t\t\t\t\t<\/div>\n\t\t\t\t<\/div>\n\t\t\t\t<div class=\"elementor-element elementor-element-6730103 elementor-widget elementor-widget-image\" data-id=\"6730103\" data-element_type=\"widget\" data-e-type=\"widget\" data-widget_type=\"image.default\">\n\t\t\t\t<div class=\"elementor-widget-container\">\n\t\t\t\t\t\t\t\t\t\t\t\t\t\t\t<img loading=\"lazy\" decoding=\"async\" width=\"1024\" height=\"772\" src=\"https:\/\/fecoporto.com\/wp-content\/uploads\/2020\/02\/Layout_Behance_BelleIsland_04-1024x772.png\" class=\"attachment-large size-large wp-image-151\" alt=\"\" srcset=\"https:\/\/fecoporto.com\/wp-content\/uploads\/2020\/02\/Layout_Behance_BelleIsland_04-1024x772.png 1024w, https:\/\/fecoporto.com\/wp-content\/uploads\/2020\/02\/Layout_Behance_BelleIsland_04-300x226.png 300w, https:\/\/fecoporto.com\/wp-content\/uploads\/2020\/02\/Layout_Behance_BelleIsland_04-768x579.png 768w, https:\/\/fecoporto.com\/wp-content\/uploads\/2020\/02\/Layout_Behance_BelleIsland_04-1536x1157.png 1536w, https:\/\/fecoporto.com\/wp-content\/uploads\/2020\/02\/Layout_Behance_BelleIsland_04.png 1748w\" sizes=\"(max-width: 1024px) 100vw, 1024px\" \/>\t\t\t\t\t\t\t\t\t\t\t\t\t\t\t<\/div>\n\t\t\t\t<\/div>\n\t\t\t\t\t<\/div>\n\t\t<\/div>\n\t\t\t\t\t<\/div>\n\t\t<\/section>\n\t\t\t\t<section class=\"elementor-section elementor-top-section elementor-element elementor-element-a8629fb elementor-section-boxed elementor-section-height-default elementor-section-height-default\" data-id=\"a8629fb\" data-element_type=\"section\" data-e-type=\"section\">\n\t\t\t\t\t\t<div class=\"elementor-container elementor-column-gap-default\">\n\t\t\t\t\t<div class=\"elementor-column elementor-col-100 elementor-top-column elementor-element elementor-element-318400f\" data-id=\"318400f\" data-element_type=\"column\" data-e-type=\"column\">\n\t\t\t<div class=\"elementor-widget-wrap elementor-element-populated\">\n\t\t\t\t\t\t<div class=\"elementor-element elementor-element-f75d7ad elementor-align-center elementor-widget elementor-widget-button\" data-id=\"f75d7ad\" data-element_type=\"widget\" data-e-type=\"widget\" data-widget_type=\"button.default\">\n\t\t\t\t<div class=\"elementor-widget-container\">\n\t\t\t\t\t\t\t\t\t<div class=\"elementor-button-wrapper\">\n\t\t\t\t\t<a class=\"elementor-button elementor-button-link elementor-size-sm\" href=\"https:\/\/fecoporto.com\/en\/\">\n\t\t\t\t\t\t<span class=\"elementor-button-content-wrapper\">\n\t\t\t\t\t\t\t\t\t<span class=\"elementor-button-text\">Back<\/span>\n\t\t\t\t\t<\/span>\n\t\t\t\t\t<\/a>\n\t\t\t\t<\/div>\n\t\t\t\t\t\t\t\t<\/div>\n\t\t\t\t<\/div>\n\t\t\t\t\t<\/div>\n\t\t<\/div>\n\t\t\t\t\t<\/div>\n\t\t<\/section>\n\t\t\t\t<\/div>","protected":false},"excerpt":{"rendered":"<p>Timberland &#8211; Belle Island Para divulgar a nova tecnologia Grabstick Rubber, a Timberland apostou no tema n\u00e1utico. Participei da concep\u00e7\u00e3o e desenvolvimento da identidade visual das vitrines das lojas Timberland no Brasil. Fotos por\u00a0Lucas Pac\u00edfico. Ag\u00eancia: Sagarana Comunica\u00e7\u00e3o. Voltar<\/p>","protected":false},"author":1,"featured_media":0,"parent":0,"menu_order":0,"comment_status":"closed","ping_status":"closed","template":"","meta":{"site-sidebar-layout":"no-sidebar","site-content-layout":"page-builder","ast-site-content-layout":"default","site-content-style":"default","site-sidebar-style":"default","ast-global-header-display":"","ast-banner-title-visibility":"","ast-main-header-display":"","ast-hfb-above-header-display":"","ast-hfb-below-header-display":"","ast-hfb-mobile-header-display":"","site-post-title":"disabled","ast-breadcrumbs-content":"","ast-featured-img":"disabled","footer-sml-layout":"","ast-disable-related-posts":"","theme-transparent-header-meta":"default","adv-header-id-meta":"","stick-header-meta":"","header-above-stick-meta":"","header-main-stick-meta":"","header-below-stick-meta":"","astra-migrate-meta-layouts":"default","ast-page-background-enabled":"default","ast-page-background-meta":{"desktop":{"background-color":"","background-image":"","background-repeat":"repeat","background-position":"center center","background-size":"auto","background-attachment":"scroll","background-type":"","background-media":"","overlay-type":"","overlay-color":"","overlay-opacity":"","overlay-gradient":""},"tablet":{"background-color":"","background-image":"","background-repeat":"repeat","background-position":"center center","background-size":"auto","background-attachment":"scroll","background-type":"","background-media":"","overlay-type":"","overlay-color":"","overlay-opacity":"","overlay-gradient":""},"mobile":{"background-color":"","background-image":"","background-repeat":"repeat","background-position":"center center","background-size":"auto","background-attachment":"scroll","background-type":"","background-media":"","overlay-type":"","overlay-color":"","overlay-opacity":"","overlay-gradient":""}},"ast-content-background-meta":{"desktop":{"background-color":"var(--ast-global-color-5)","background-image":"","background-repeat":"repeat","background-position":"center center","background-size":"auto","background-attachment":"scroll","background-type":"","background-media":"","overlay-type":"","overlay-color":"","overlay-opacity":"","overlay-gradient":""},"tablet":{"background-color":"var(--ast-global-color-5)","background-image":"","background-repeat":"repeat","background-position":"center center","background-size":"auto","background-attachment":"scroll","background-type":"","background-media":"","overlay-type":"","overlay-color":"","overlay-opacity":"","overlay-gradient":""},"mobile":{"background-color":"var(--ast-global-color-5)","background-image":"","background-repeat":"repeat","background-position":"center center","background-size":"auto","background-attachment":"scroll","background-type":"","background-media":"","overlay-type":"","overlay-color":"","overlay-opacity":"","overlay-gradient":""}},"footnotes":""},"class_list":["post-2057","page","type-page","status-publish","hentry"],"_links":{"self":[{"href":"https:\/\/fecoporto.com\/en\/wp-json\/wp\/v2\/pages\/2057","targetHints":{"allow":["GET"]}}],"collection":[{"href":"https:\/\/fecoporto.com\/en\/wp-json\/wp\/v2\/pages"}],"about":[{"href":"https:\/\/fecoporto.com\/en\/wp-json\/wp\/v2\/types\/page"}],"author":[{"embeddable":true,"href":"https:\/\/fecoporto.com\/en\/wp-json\/wp\/v2\/users\/1"}],"replies":[{"embeddable":true,"href":"https:\/\/fecoporto.com\/en\/wp-json\/wp\/v2\/comments?post=2057"}],"version-history":[{"count":10,"href":"https:\/\/fecoporto.com\/en\/wp-json\/wp\/v2\/pages\/2057\/revisions"}],"predecessor-version":[{"id":2412,"href":"https:\/\/fecoporto.com\/en\/wp-json\/wp\/v2\/pages\/2057\/revisions\/2412"}],"wp:attachment":[{"href":"https:\/\/fecoporto.com\/en\/wp-json\/wp\/v2\/media?parent=2057"}],"curies":[{"name":"wp","href":"https:\/\/api.w.org\/{rel}","templated":true}]}}